{"id":47144,"date":"2026-02-03T15:00:39","date_gmt":"2026-02-03T20:00:39","guid":{"rendered":"https:\/\/foodbankscanada.ca\/?page_id=47144"},"modified":"2026-02-03T15:12:33","modified_gmt":"2026-02-03T20:12:33","slug":"notre-engagement-envers-la-reconciliation","status":"publish","type":"page","link":"https:\/\/foodbankscanada.ca\/fr\/notre-engagement-envers-la-reconciliation\/","title":{"rendered":"Notre engagement envers la reconciliation"},"content":{"rendered":"<section class=\" block block-image-text-button-list image-text-button-list  aligndefault\"\n         style=\"  background-color: rgba(254, 245, 221, 0); \">\n  <div class=\"container-lg px-0 d-flex flex-column flex-lg-row-reverse\">\n    \n    <div class=\"container-lg px-0 px-lg-2 col-12 col-lg-8\">\n      \n      <div class=\"slider-padding-div mb-4\">\n        <div\n          class=\"image-text-button-swiper swiper\"\n          style=\"--swiper-theme-color: #FFBE00; width: 100%;\"\n          data-autoscroll=\"false\"\n          data-delay=\"3000\"\n        >\n          <div class=\"swiper-wrapper\">\n                           \n                <div\n                  class=\"swiper-slide image-banner\"\n                  style=\"background-size: cover; background-position: center; background-repeat: no-repeat;\n                                        aspect-ratio: 1.7010101010101;\n                                              background-image: url('https:\/\/content.foodbankscanada.ca\/wordpress\/2025\/05\/addressing-food-security-in-the-north.png');\n                                                              width: 100%;\"\n                  role=\"img\"\n                  aria-label=\"\"\n                ><\/div>\n                                    <\/div>\n\n                  <\/div>\n      <\/div>\n\n      \n              <div class=\"d-none d-lg-block\">\n          \n        <\/div>\n          <\/div>\n\n    \n    <div class=\"container col-12 col-lg-4 text-break\">\n      <div class=\"breadcrumbs-section    \n   breadcrumbs_normal \">\n  <p id=\"breadcrumbs\" class=\"\"><span><span><a href=\"https:\/\/foodbankscanada.ca\/fr\/\">Accueil<\/a><\/span><\/span><\/p><\/div>              <div class=\"mt-4\">\n          <h2>Our Commitment to Reconciliation<\/h2>\n<ul>\n<li><a href=\"#reconciliation\">Declaration de r\u00e9conciliation<\/a><\/li>\n<li><a href=\"#land-acknowledgement\">Reconnaissance\u00a0territorial<\/a><\/li>\n<\/ul>\n\n        <\/div>\n      \n              <div class=\"mt-4 d-block d-lg-none\">\n          \n        <\/div>\n          <\/div>\n  <\/div>\n<\/section>\n\n\n<div id=\"reconciliation\" class=\"wp-block-group is-layout-constrained wp-block-group-is-layout-constrained\">\n<h2 class=\"wp-block-heading\" id=\"h-declaration-de-reconciliation-nbsp\"><strong>D\u00c9CLARATION DE R\u00c9CONCILIATION<\/strong>&nbsp;<\/h2>\n\n\n\n<p>La d\u00e9claration de r\u00e9conciliation de Banques alimentaires Canada refl\u00e8te notre mission\u202f: soulager la faim aujourd\u2019hui et pr\u00e9venir la faim demain. En partie,&nbsp;en raison des injustices pass\u00e9es et pr\u00e9sentes,&nbsp;<br>nous savons que la faim n\u2019affecte pas tout le monde au Canada de mani\u00e8re \u00e9gale. Les communaut\u00e9s du Nord sont souvent confront\u00e9es \u00e0 une crise alimentaire, amplifi\u00e9e par la g\u00e9ographie et le co\u00fbt \u00e9lev\u00e9 de la vie. Et, au Canada dans son ensemble,&nbsp;<a href=\"https:\/\/www150.statcan.gc.ca\/n1\/daily-quotidien\/231114\/dq231114a-fra.htm\" target=\"_blank\" rel=\"noreferrer noopener\">les familles autochtones sont plus susceptibles que les familles non autochtones de vivre l\u2019ins\u00e9curit\u00e9 alimentaire.<\/a>&nbsp;<\/p>\n\n\n\n<p>Nous comprenons que cette r\u00e9alit\u00e9 malheureuse fait partie de l\u2019h\u00e9ritage du colonialisme.&nbsp;<br><a href=\"https:\/\/publications.gc.ca\/site\/fra\/9.807831\/publication.html\" target=\"_blank\" rel=\"noreferrer noopener\">Le rapport final de la Commission de v\u00e9rit\u00e9 et r\u00e9conciliation (CVR) du Canada<\/a>&nbsp;d\u00e9crit&nbsp;en d\u00e9tail comment la faim \u00e9tait monnaie courante dans le syst\u00e8me des pensionnats et comment elle constitue un effet r\u00e9current de l\u2019histoire g\u00e9n\u00e9rale entre les peuples autochtones et non autochtones.&nbsp;<\/p>\n\n\n\n<p>Banques alimentaires Canada s\u2019engage \u00e0 collaborer avec les communaut\u00e9s autochtones partout&nbsp;<br>au pays pour am\u00e9liorer l\u2019acc\u00e8s aux aliments et la souverainet\u00e9 alimentaire.&nbsp;<\/p>\n\n\n\n<p>Nous devons nous efforcer d\u2019\u00e9tablir des relations de confiance, d\u2019encourager et de soutenir&nbsp;<br>des solutions men\u00e9es par les communaut\u00e9s \u2013 lorsque ce soutien est souhait\u00e9 \u2013 et d\u2019accompagner les personnes ayant v\u00e9cu l\u2019ins\u00e9curit\u00e9 alimentaire, en refl\u00e9tant leur voix dans nos strat\u00e9gies et nos activit\u00e9s afin que personne ne soit exclu des progr\u00e8s vers l\u2019\u00e9limination de la faim.&nbsp;<\/p>\n\n\n\n<p>Dans le cadre de notre&nbsp;<a href=\"https:\/\/foodbankscanada.ca\/fr\/priorites-strategiques\/\" target=\"_blank\" rel=\"noreferrer noopener\">plan strat\u00e9gique actuel<\/a>, nous nous engageons \u00e0\u202f:&nbsp;<\/p>\n\n\n\n<ol start=\"1\" class=\"wp-block-list\">\n<li>D\u00e9dier des fonds pour soutenir les communaut\u00e9s autochtones \u00e0 cerner, \u00e0 tester et \u00e0 mettre&nbsp;<br>en \u0153uvre des projets de s\u00e9curit\u00e9 et de souverainet\u00e9 alimentaires et des m\u00e9thodes de distribution dans le Nord, en mettant l\u2019accent sur le leadership local et les solutions durables.&nbsp;<\/li>\n<\/ol>\n\n\n\n<ol start=\"2\" class=\"wp-block-list\">\n<li>Organiser des dialogues r\u00e9guliers entre un groupe officiel, en croissance, de parties prenantes&nbsp;<br>du domaine de l\u2019ins\u00e9curit\u00e9 alimentaire dans le Nord \u2014 y compris les communaut\u00e9s,&nbsp;<br>les gouvernements, les banques alimentaires, les \u00e9coles et les organismes \u2014 afin de promouvoir&nbsp;<br>la souverainet\u00e9 alimentaire des Autochtones, la s\u00e9curit\u00e9 alimentaire durable et l\u2019acc\u00e8s.&nbsp;&nbsp;<\/li>\n<\/ol>\n\n\n\n<ol start=\"3\" class=\"wp-block-list\">\n<li>Continuer d\u2019accorder la priorit\u00e9 au Nord dans nos travaux de recherche, de politiques et de d\u00e9fense des int\u00e9r\u00eats, en s\u2019attaquant aux enjeux transversaux guid\u00e9s par les besoins communautaires&nbsp;<br>et les priorit\u00e9s gouvernementales.\u202f Ces travaux mettront l\u2019accent sur la valorisation du r\u00f4le des personnes ayant v\u00e9cu l\u2019ins\u00e9curit\u00e9 alimentaire au moyen d\u2019un ensemble d\u2019approches intentionnelles, y compris par la cr\u00e9ation d\u2019un comit\u00e9 consultatif communautaire, pour faire progresser le travail&nbsp;<br>de Banques alimentaires Canada.&nbsp;<\/li>\n<\/ol>\n\n\n\n<ol start=\"4\" class=\"wp-block-list\">\n<li>D\u00e9finir une approche de r\u00e9conciliation \u00e0 l\u2019\u00e9chelle de l\u2019organisme en faisant appel \u00e0 une soci\u00e9t\u00e9 d\u2019experts-conseils dirig\u00e9e par des Autochtones et utiliser ces enseignements pour recueillir&nbsp;<br>et partager les pratiques exemplaires au sein du r\u00e9seau de banques alimentaires.&nbsp;&nbsp;<\/li>\n<\/ol>\n\n\n\n<ol start=\"5\" class=\"wp-block-list\">\n<li>Fournir \u00e0 notre \u00e9quipe une formation sur l\u2019histoire des peuples autochtones,&nbsp;<br>l\u2019h\u00e9ritage des pensionnats, la D\u00e9claration des Nations Unies sur les droits des peuples autochtones, les trait\u00e9s et les droits des Autochtones, le droit autochtone et les relations entre&nbsp;<br>les Autochtones et la Couronne, ainsi que les rapports de la Commission de v\u00e9rit\u00e9 et r\u00e9conciliation et ses&nbsp;<a href=\"https:\/\/nctr.ca\/wp-content\/uploads\/2021\/04\/4-Appels_a_l-Action_French.pdf\" target=\"_blank\" rel=\"noreferrer noopener\">94\u202fappels \u00e0 l\u2019action<\/a>.&nbsp;<\/li>\n<\/ol>\n\n\n\n<p>Guid\u00e9s par la&nbsp;<a href=\"https:\/\/www.ohchr.org\/sites\/default\/files\/Documents\/Publications\/Declaration_indigenous_fr.pdf\" target=\"_blank\" rel=\"noreferrer noopener\"><em>D\u00e9claration des Nations Unies sur les droits des peuples autochtones<\/em><\/a><em>,&nbsp;<\/em>qui stipule que \u00ab\u202fles peuples autochtones ont le droit d\u2019\u00eatre activement associ\u00e9s \u00e0 l\u2019\u00e9laboration et \u00e0 la d\u00e9finition&nbsp;<br>des programmes de sant\u00e9, de logement et d\u2019autres programmes \u00e9conomiques et sociaux les concernant, et, autant que possible, de les administrer par l\u2019interm\u00e9diaire de leurs propres institutions\u202f\u00bb, nous abordons notre travail selon les principes suivants\u202f:&nbsp;<\/p>\n\n\n\n<p><strong>Sur invitation\u202f:&nbsp;<\/strong>Nous travaillerons \u00e0 \u00e9tablir des relations et, lorsque les communaut\u00e9s autochtones accueilleront notre participation, nous collaborerons pour identifier des besoins locaux sp\u00e9cifiques&nbsp;<br>et y r\u00e9pondre.&nbsp;&nbsp;<\/p>\n\n\n\n<p><strong>Solutions communautaires et durables\u202f:&nbsp;<\/strong>Nous collaborerons avec les communaut\u00e9s et le r\u00e9seau&nbsp;<br>de banques alimentaires pour cerner, tester et mettre en \u0153uvre des projets de s\u00e9curit\u00e9&nbsp;<br>et de souverainet\u00e9 alimentaires et des m\u00e9thodes de distribution, en mettant l\u2019accent sur le leadership local et les solutions durables.&nbsp;<\/p>\n\n\n\n<p><strong>Droit \u00e9gal d\u2019acc\u00e8s\u202f:&nbsp;<\/strong>Nous croyons en l\u2019article\u202f24 de la D\u00e9claration des Nations Unies sur les droits&nbsp;<br>des peuples autochtones, qui affirme que \u00ab\u202fles autochtones ont le droit \u00e9gal d\u2019acc\u00e8s, sans aucune discrimination, \u00e0 tous les services sociaux et de sant\u00e9.\u202f\u00bb&nbsp;<\/p>\n\n\n\n<p>Banques alimentaires,&nbsp;Canada continue d\u2019apprendre et d\u2019\u00e9voluer.&nbsp;Notre ambition pour cette d\u00e9claration est qu\u2019elle nous guide dans la cr\u00e9ation de partenariats respectueux et b\u00e9n\u00e9fiques,&nbsp;<br>qui permettront de lib\u00e9rer le potentiel partout au pays et d\u2019approcher un Canada o\u00f9 personne ne souffre de la faim.&nbsp;<\/p>\n<\/div>\n\n\n\n<div style=\"height:40px\" aria-hidden=\"true\" class=\"wp-block-spacer\"><\/div>\n\n\n\n<div id=\"land-acknowledgement\" class=\"wp-block-group is-layout-constrained wp-block-group-is-layout-constrained\">\n<h2 class=\"wp-block-heading\" id=\"h-reconnaissance-nbsp-territorial\"><strong>Reconnaissance&nbsp;territorial<\/strong><\/h2>\n\n\n\n<p>En tant&nbsp;qu\u2019organisme&nbsp;qui&nbsp;soutient&nbsp;un&nbsp;r\u00e9seau&nbsp;d\u2019associations&nbsp;d\u2019un&nbsp;oc\u00e9an&nbsp;\u00e0&nbsp;l\u2019autre, Banques&nbsp;alimentaires&nbsp;Canada&nbsp;reconna\u00eet&nbsp;que&nbsp;ses&nbsp;activit\u00e9s&nbsp;sont&nbsp;exerc\u00e9es&nbsp;sur les&nbsp;territoires&nbsp;traditionnels&nbsp;des&nbsp;peuples&nbsp;autochtones&nbsp;qui&nbsp;ont&nbsp;pris&nbsp;soin&nbsp;de&nbsp;ces&nbsp;terres,&nbsp;que&nbsp;nous&nbsp;appelons&nbsp;maintenant&nbsp;le Canada,&nbsp;depuis&nbsp;des temps&nbsp;imm\u00e9moriaux.&nbsp;<\/p>\n\n\n\n<p>Nous&nbsp;reconnaissons&nbsp;que&nbsp;bon&nbsp;nombre&nbsp;d\u2019entre&nbsp;nous&nbsp;sont&nbsp;des&nbsp;colonisateurs&nbsp;et&nbsp;que&nbsp;ces&nbsp;terres&nbsp;sur&nbsp;lesquelles&nbsp;nous&nbsp;vivons,&nbsp;travaillons,&nbsp;\u00e9changeons&nbsp;et&nbsp;voyageons&nbsp;sont&nbsp;assujetties&nbsp;\u00e0&nbsp;l\u2019autonomie&nbsp;gouvernementale&nbsp;des Premi\u00e8res Nations&nbsp;en&nbsp;vertu de&nbsp;trait\u00e9s&nbsp;modernes, de&nbsp;territoires&nbsp;non&nbsp;c\u00e9d\u00e9s&nbsp;et non&nbsp;abandonn\u00e9s,&nbsp;ou&nbsp;de&nbsp;territoires&nbsp;traditionnels&nbsp;desquels&nbsp;les Premi\u00e8res Nations, les M\u00e9tis et les&nbsp;Inuits&nbsp;ont&nbsp;\u00e9t\u00e9&nbsp;d\u00e9plac\u00e9s.&nbsp;<\/p>\n\n\n\n<p>Nous&nbsp;nous&nbsp;engageons&nbsp;\u00e0&nbsp;d\u00e9coloniser&nbsp;et \u00e0&nbsp;d\u00e9manteler&nbsp;les&nbsp;syst\u00e8mes&nbsp;d\u2019oppression&nbsp;qui&nbsp;ont&nbsp;d\u00e9poss\u00e9d\u00e9&nbsp;les&nbsp;peuples&nbsp;autochtones&nbsp;de&nbsp;leurs&nbsp;terres, y&nbsp;compris&nbsp;les&nbsp;terres&nbsp;sur&nbsp;lesquelles&nbsp;nous&nbsp;exer\u00e7ons&nbsp;nos&nbsp;activit\u00e9s, et qui les&nbsp;ont&nbsp;priv\u00e9s&nbsp;de&nbsp;leur&nbsp;droit \u00e0&nbsp;l\u2019autod\u00e9termination.&nbsp;<\/p>\n<\/div>\n","protected":false},"excerpt":{"rendered":"<p>D\u00c9CLARATION DE R\u00c9CONCILIATION&nbsp; La d\u00e9claration de r\u00e9conciliation de Banques alimentaires Canada refl\u00e8te notre mission\u202f: soulager la faim aujourd\u2019hui et pr\u00e9venir la faim demain. En partie,&nbsp;en raison des injustices pass\u00e9es et pr\u00e9sentes,&nbsp;nous savons que la faim n\u2019affecte pas tout le monde au Canada de mani\u00e8re \u00e9gale. Les communaut\u00e9s du Nord sont souvent confront\u00e9es \u00e0 une crise&#8230;<\/p>\n","protected":false},"author":36,"featured_media":0,"parent":0,"menu_order":0,"comment_status":"closed","ping_status":"closed","template":"","meta":{"_acf_changed":false,"footnotes":""},"categories":[],"tags":[],"class_list":["post-47144","page","type-page","status-publish","hentry"],"acf":[],"yoast_head":"<!-- This site is optimized with the Yoast SEO Premium plugin v26.9 (Yoast SEO v26.9) - https:\/\/yoast.com\/product\/yoast-seo-premium-wordpress\/ -->\n<title>Notre engagement envers la reconciliation - Banques alimentaires Canada<\/title>\n<meta name=\"robots\" content=\"index, follow, max-snippet:-1, max-image-preview:large, max-video-preview:-1\" \/>\n<link rel=\"canonical\" href=\"https:\/\/foodbankscanada.ca\/fr\/notre-engagement-envers-la-reconciliation\/\" \/>\n<meta property=\"og:locale\" content=\"fr_CA\" \/>\n<meta property=\"og:type\" content=\"article\" \/>\n<meta property=\"og:title\" content=\"Notre engagement envers la reconciliation\" \/>\n<meta property=\"og:description\" content=\"D\u00c9CLARATION DE R\u00c9CONCILIATION&nbsp; La d\u00e9claration de r\u00e9conciliation de Banques alimentaires Canada refl\u00e8te notre mission\u202f: soulager la faim aujourd\u2019hui et pr\u00e9venir la faim demain. En partie,&nbsp;en raison des injustices pass\u00e9es et pr\u00e9sentes,&nbsp;nous savons que la faim n\u2019affecte pas tout le monde au Canada de mani\u00e8re \u00e9gale. Les communaut\u00e9s du Nord sont souvent confront\u00e9es \u00e0 une crise...\" \/>\n<meta property=\"og:url\" content=\"https:\/\/foodbankscanada.ca\/fr\/notre-engagement-envers-la-reconciliation\/\" \/>\n<meta property=\"og:site_name\" content=\"Banques alimentaires Canada\" \/>\n<meta property=\"article:modified_time\" content=\"2026-02-03T20:12:33+00:00\" \/>\n<meta name=\"twitter:card\" content=\"summary_large_image\" \/>\n<meta name=\"twitter:label1\" content=\"Est. reading time\" \/>\n\t<meta name=\"twitter:data1\" content=\"6 minutes\" \/>\n<script type=\"application\/ld+json\" class=\"yoast-schema-graph\">{\"@context\":\"https:\/\/schema.org\",\"@graph\":[{\"@type\":\"WebPage\",\"@id\":\"https:\/\/foodbankscanada.ca\/fr\/notre-engagement-envers-la-reconciliation\/\",\"url\":\"https:\/\/foodbankscanada.ca\/fr\/notre-engagement-envers-la-reconciliation\/\",\"name\":\"Notre engagement envers la reconciliation - Banques alimentaires Canada\",\"isPartOf\":{\"@id\":\"https:\/\/foodbankscanada.ca\/fr\/#website\"},\"datePublished\":\"2026-02-03T20:00:39+00:00\",\"dateModified\":\"2026-02-03T20:12:33+00:00\",\"breadcrumb\":{\"@id\":\"https:\/\/foodbankscanada.ca\/fr\/notre-engagement-envers-la-reconciliation\/#breadcrumb\"},\"inLanguage\":\"fr-CA\",\"potentialAction\":[{\"@type\":\"ReadAction\",\"target\":[\"https:\/\/foodbankscanada.ca\/fr\/notre-engagement-envers-la-reconciliation\/\"]}]},{\"@type\":\"BreadcrumbList\",\"@id\":\"https:\/\/foodbankscanada.ca\/fr\/notre-engagement-envers-la-reconciliation\/#breadcrumb\",\"itemListElement\":[{\"@type\":\"ListItem\",\"position\":1,\"name\":\"Accueil\",\"item\":\"https:\/\/foodbankscanada.ca\/fr\/\"},{\"@type\":\"ListItem\",\"position\":2,\"name\":\"Notre engagement envers la reconciliation\"}]},{\"@type\":\"WebSite\",\"@id\":\"https:\/\/foodbankscanada.ca\/fr\/#website\",\"url\":\"https:\/\/foodbankscanada.ca\/fr\/\",\"name\":\"Banques alimentaires Canada\",\"description\":\"\",\"publisher\":{\"@id\":\"https:\/\/foodbankscanada.ca\/fr\/#organization\"},\"potentialAction\":[{\"@type\":\"SearchAction\",\"target\":{\"@type\":\"EntryPoint\",\"urlTemplate\":\"https:\/\/foodbankscanada.ca\/fr\/?s={search_term_string}\"},\"query-input\":{\"@type\":\"PropertyValueSpecification\",\"valueRequired\":true,\"valueName\":\"search_term_string\"}}],\"inLanguage\":\"fr-CA\"},{\"@type\":\"Organization\",\"@id\":\"https:\/\/foodbankscanada.ca\/fr\/#organization\",\"name\":\"Food Banks Canada\",\"url\":\"https:\/\/foodbankscanada.ca\/fr\/\",\"logo\":{\"@type\":\"ImageObject\",\"inLanguage\":\"fr-CA\",\"@id\":\"https:\/\/foodbankscanada.ca\/fr\/#\/schema\/logo\/image\/\",\"url\":\"https:\/\/fbcblobstorage.blob.core.windows.net\/wordpress\/2021\/11\/logo.png\",\"contentUrl\":\"https:\/\/fbcblobstorage.blob.core.windows.net\/wordpress\/2021\/11\/logo.png\",\"width\":377,\"height\":89,\"caption\":\"Food Banks Canada\"},\"image\":{\"@id\":\"https:\/\/foodbankscanada.ca\/fr\/#\/schema\/logo\/image\/\"}}]}<\/script>\n<!-- \/ Yoast SEO Premium plugin. -->","yoast_head_json":{"title":"Notre engagement envers la reconciliation - Banques alimentaires Canada","robots":{"index":"index","follow":"follow","max-snippet":"max-snippet:-1","max-image-preview":"max-image-preview:large","max-video-preview":"max-video-preview:-1"},"canonical":"https:\/\/foodbankscanada.ca\/fr\/notre-engagement-envers-la-reconciliation\/","og_locale":"fr_CA","og_type":"article","og_title":"Notre engagement envers la reconciliation","og_description":"D\u00c9CLARATION DE R\u00c9CONCILIATION&nbsp; La d\u00e9claration de r\u00e9conciliation de Banques alimentaires Canada refl\u00e8te notre mission\u202f: soulager la faim aujourd\u2019hui et pr\u00e9venir la faim demain. En partie,&nbsp;en raison des injustices pass\u00e9es et pr\u00e9sentes,&nbsp;nous savons que la faim n\u2019affecte pas tout le monde au Canada de mani\u00e8re \u00e9gale. Les communaut\u00e9s du Nord sont souvent confront\u00e9es \u00e0 une crise...","og_url":"https:\/\/foodbankscanada.ca\/fr\/notre-engagement-envers-la-reconciliation\/","og_site_name":"Banques alimentaires Canada","article_modified_time":"2026-02-03T20:12:33+00:00","twitter_card":"summary_large_image","twitter_misc":{"Est. reading time":"6 minutes"},"schema":{"@context":"https:\/\/schema.org","@graph":[{"@type":"WebPage","@id":"https:\/\/foodbankscanada.ca\/fr\/notre-engagement-envers-la-reconciliation\/","url":"https:\/\/foodbankscanada.ca\/fr\/notre-engagement-envers-la-reconciliation\/","name":"Notre engagement envers la reconciliation - Banques alimentaires Canada","isPartOf":{"@id":"https:\/\/foodbankscanada.ca\/fr\/#website"},"datePublished":"2026-02-03T20:00:39+00:00","dateModified":"2026-02-03T20:12:33+00:00","breadcrumb":{"@id":"https:\/\/foodbankscanada.ca\/fr\/notre-engagement-envers-la-reconciliation\/#breadcrumb"},"inLanguage":"fr-CA","potentialAction":[{"@type":"ReadAction","target":["https:\/\/foodbankscanada.ca\/fr\/notre-engagement-envers-la-reconciliation\/"]}]},{"@type":"BreadcrumbList","@id":"https:\/\/foodbankscanada.ca\/fr\/notre-engagement-envers-la-reconciliation\/#breadcrumb","itemListElement":[{"@type":"ListItem","position":1,"name":"Accueil","item":"https:\/\/foodbankscanada.ca\/fr\/"},{"@type":"ListItem","position":2,"name":"Notre engagement envers la reconciliation"}]},{"@type":"WebSite","@id":"https:\/\/foodbankscanada.ca\/fr\/#website","url":"https:\/\/foodbankscanada.ca\/fr\/","name":"Banques alimentaires Canada","description":"","publisher":{"@id":"https:\/\/foodbankscanada.ca\/fr\/#organization"},"potentialAction":[{"@type":"SearchAction","target":{"@type":"EntryPoint","urlTemplate":"https:\/\/foodbankscanada.ca\/fr\/?s={search_term_string}"},"query-input":{"@type":"PropertyValueSpecification","valueRequired":true,"valueName":"search_term_string"}}],"inLanguage":"fr-CA"},{"@type":"Organization","@id":"https:\/\/foodbankscanada.ca\/fr\/#organization","name":"Food Banks Canada","url":"https:\/\/foodbankscanada.ca\/fr\/","logo":{"@type":"ImageObject","inLanguage":"fr-CA","@id":"https:\/\/foodbankscanada.ca\/fr\/#\/schema\/logo\/image\/","url":"https:\/\/fbcblobstorage.blob.core.windows.net\/wordpress\/2021\/11\/logo.png","contentUrl":"https:\/\/fbcblobstorage.blob.core.windows.net\/wordpress\/2021\/11\/logo.png","width":377,"height":89,"caption":"Food Banks Canada"},"image":{"@id":"https:\/\/foodbankscanada.ca\/fr\/#\/schema\/logo\/image\/"}}]}},"_links":{"self":[{"href":"https:\/\/foodbankscanada.ca\/fr\/wp-json\/wp\/v2\/pages\/47144","targetHints":{"allow":["GET"]}}],"collection":[{"href":"https:\/\/foodbankscanada.ca\/fr\/wp-json\/wp\/v2\/pages"}],"about":[{"href":"https:\/\/foodbankscanada.ca\/fr\/wp-json\/wp\/v2\/types\/page"}],"author":[{"embeddable":true,"href":"https:\/\/foodbankscanada.ca\/fr\/wp-json\/wp\/v2\/users\/36"}],"replies":[{"embeddable":true,"href":"https:\/\/foodbankscanada.ca\/fr\/wp-json\/wp\/v2\/comments?post=47144"}],"version-history":[{"count":6,"href":"https:\/\/foodbankscanada.ca\/fr\/wp-json\/wp\/v2\/pages\/47144\/revisions"}],"predecessor-version":[{"id":47155,"href":"https:\/\/foodbankscanada.ca\/fr\/wp-json\/wp\/v2\/pages\/47144\/revisions\/47155"}],"wp:attachment":[{"href":"https:\/\/foodbankscanada.ca\/fr\/wp-json\/wp\/v2\/media?parent=47144"}],"wp:term":[{"taxonomy":"category","embeddable":true,"href":"https:\/\/foodbankscanada.ca\/fr\/wp-json\/wp\/v2\/categories?post=47144"},{"taxonomy":"post_tag","embeddable":true,"href":"https:\/\/foodbankscanada.ca\/fr\/wp-json\/wp\/v2\/tags?post=47144"}],"curies":[{"name":"wp","href":"https:\/\/api.w.org\/{rel}","templated":true}]}}