{"id":46656,"date":"2025-12-12T15:21:56","date_gmt":"2025-12-12T20:21:56","guid":{"rendered":"https:\/\/foodbankscanada.ca\/?page_id=46656"},"modified":"2025-12-16T16:42:28","modified_gmt":"2025-12-16T21:42:28","slug":"le-parcours-alimentaire-dans-les-communautes-eloignees","status":"publish","type":"page","link":"https:\/\/foodbankscanada.ca\/fr\/la-faim-au-canada\/le-parcours-alimentaire-dans-les-communautes-eloignees\/","title":{"rendered":"Le parcours alimentaire dans les communaut\u00e9s \u00e9loign\u00e9es"},"content":{"rendered":"\n<iframe loading=\"lazy\" width=\"100%\" height=\"900\" frameborder=\"0\" allowfullscreen src=\"https:\/\/storymaps.arcgis.com\/stories\/0a2bc25da7454ee8b7c22cb98298d9a9?header\"><\/iframe>\n\n\n\n<p><\/p>\n","protected":false},"excerpt":{"rendered":"","protected":false},"author":36,"featured_media":0,"parent":41980,"menu_order":0,"comment_status":"closed","ping_status":"closed","template":"","meta":{"_acf_changed":false,"footnotes":""},"categories":[],"tags":[],"class_list":["post-46656","page","type-page","status-publish","hentry"],"acf":[],"yoast_head":"<!-- This site is optimized with the Yoast SEO Premium plugin v26.9 (Yoast SEO v26.9) - https:\/\/yoast.com\/product\/yoast-seo-premium-wordpress\/ -->\n<title>Le parcours alimentaire dans les communaut\u00e9s \u00e9loign\u00e9es - Banques alimentaires Canada<\/title>\n<meta name=\"robots\" content=\"index, follow, max-snippet:-1, max-image-preview:large, max-video-preview:-1\" \/>\n<link rel=\"canonical\" href=\"https:\/\/foodbankscanada.ca\/fr\/la-faim-au-canada\/le-parcours-alimentaire-dans-les-communautes-eloignees\/\" \/>\n<meta property=\"og:locale\" content=\"fr_CA\" \/>\n<meta property=\"og:type\" content=\"article\" \/>\n<meta property=\"og:title\" content=\"Le parcours alimentaire dans les communaut\u00e9s \u00e9loign\u00e9es\" \/>\n<meta property=\"og:url\" content=\"https:\/\/foodbankscanada.ca\/fr\/la-faim-au-canada\/le-parcours-alimentaire-dans-les-communautes-eloignees\/\" \/>\n<meta property=\"og:site_name\" content=\"Banques alimentaires Canada\" \/>\n<meta property=\"article:modified_time\" content=\"2025-12-16T21:42:28+00:00\" \/>\n<meta name=\"twitter:card\" content=\"summary_large_image\" \/>\n<script type=\"application\/ld+json\" class=\"yoast-schema-graph\">{\"@context\":\"https:\/\/schema.org\",\"@graph\":[{\"@type\":\"WebPage\",\"@id\":\"https:\/\/foodbankscanada.ca\/fr\/la-faim-au-canada\/le-parcours-alimentaire-dans-les-communautes-eloignees\/\",\"url\":\"https:\/\/foodbankscanada.ca\/fr\/la-faim-au-canada\/le-parcours-alimentaire-dans-les-communautes-eloignees\/\",\"name\":\"Le parcours alimentaire dans les communaut\u00e9s \u00e9loign\u00e9es - Banques alimentaires Canada\",\"isPartOf\":{\"@id\":\"https:\/\/foodbankscanada.ca\/fr\/#website\"},\"datePublished\":\"2025-12-12T20:21:56+00:00\",\"dateModified\":\"2025-12-16T21:42:28+00:00\",\"breadcrumb\":{\"@id\":\"https:\/\/foodbankscanada.ca\/fr\/la-faim-au-canada\/le-parcours-alimentaire-dans-les-communautes-eloignees\/#breadcrumb\"},\"inLanguage\":\"fr-CA\",\"potentialAction\":[{\"@type\":\"ReadAction\",\"target\":[\"https:\/\/foodbankscanada.ca\/fr\/la-faim-au-canada\/le-parcours-alimentaire-dans-les-communautes-eloignees\/\"]}]},{\"@type\":\"BreadcrumbList\",\"@id\":\"https:\/\/foodbankscanada.ca\/fr\/la-faim-au-canada\/le-parcours-alimentaire-dans-les-communautes-eloignees\/#breadcrumb\",\"itemListElement\":[{\"@type\":\"ListItem\",\"position\":1,\"name\":\"Accueil\",\"item\":\"https:\/\/foodbankscanada.ca\/fr\/\"},{\"@type\":\"ListItem\",\"position\":2,\"name\":\"La faim au Canada\",\"item\":\"https:\/\/foodbankscanada.ca\/fr\/la-faim-au-canada\/\"},{\"@type\":\"ListItem\",\"position\":3,\"name\":\"Le parcours alimentaire dans les communaut\u00e9s \u00e9loign\u00e9es\"}]},{\"@type\":\"WebSite\",\"@id\":\"https:\/\/foodbankscanada.ca\/fr\/#website\",\"url\":\"https:\/\/foodbankscanada.ca\/fr\/\",\"name\":\"Banques alimentaires Canada\",\"description\":\"\",\"publisher\":{\"@id\":\"https:\/\/foodbankscanada.ca\/fr\/#organization\"},\"potentialAction\":[{\"@type\":\"SearchAction\",\"target\":{\"@type\":\"EntryPoint\",\"urlTemplate\":\"https:\/\/foodbankscanada.ca\/fr\/?s={search_term_string}\"},\"query-input\":{\"@type\":\"PropertyValueSpecification\",\"valueRequired\":true,\"valueName\":\"search_term_string\"}}],\"inLanguage\":\"fr-CA\"},{\"@type\":\"Organization\",\"@id\":\"https:\/\/foodbankscanada.ca\/fr\/#organization\",\"name\":\"Food Banks Canada\",\"url\":\"https:\/\/foodbankscanada.ca\/fr\/\",\"logo\":{\"@type\":\"ImageObject\",\"inLanguage\":\"fr-CA\",\"@id\":\"https:\/\/foodbankscanada.ca\/fr\/#\/schema\/logo\/image\/\",\"url\":\"https:\/\/fbcblobstorage.blob.core.windows.net\/wordpress\/2021\/11\/logo.png\",\"contentUrl\":\"https:\/\/fbcblobstorage.blob.core.windows.net\/wordpress\/2021\/11\/logo.png\",\"width\":377,\"height\":89,\"caption\":\"Food Banks Canada\"},\"image\":{\"@id\":\"https:\/\/foodbankscanada.ca\/fr\/#\/schema\/logo\/image\/\"}}]}<\/script>\n<!-- \/ Yoast SEO Premium plugin. -->","yoast_head_json":{"title":"Le parcours alimentaire dans les communaut\u00e9s \u00e9loign\u00e9es - Banques alimentaires Canada","robots":{"index":"index","follow":"follow","max-snippet":"max-snippet:-1","max-image-preview":"max-image-preview:large","max-video-preview":"max-video-preview:-1"},"canonical":"https:\/\/foodbankscanada.ca\/fr\/la-faim-au-canada\/le-parcours-alimentaire-dans-les-communautes-eloignees\/","og_locale":"fr_CA","og_type":"article","og_title":"Le parcours alimentaire dans les communaut\u00e9s \u00e9loign\u00e9es","og_url":"https:\/\/foodbankscanada.ca\/fr\/la-faim-au-canada\/le-parcours-alimentaire-dans-les-communautes-eloignees\/","og_site_name":"Banques alimentaires Canada","article_modified_time":"2025-12-16T21:42:28+00:00","twitter_card":"summary_large_image","schema":{"@context":"https:\/\/schema.org","@graph":[{"@type":"WebPage","@id":"https:\/\/foodbankscanada.ca\/fr\/la-faim-au-canada\/le-parcours-alimentaire-dans-les-communautes-eloignees\/","url":"https:\/\/foodbankscanada.ca\/fr\/la-faim-au-canada\/le-parcours-alimentaire-dans-les-communautes-eloignees\/","name":"Le parcours alimentaire dans les communaut\u00e9s \u00e9loign\u00e9es - Banques alimentaires Canada","isPartOf":{"@id":"https:\/\/foodbankscanada.ca\/fr\/#website"},"datePublished":"2025-12-12T20:21:56+00:00","dateModified":"2025-12-16T21:42:28+00:00","breadcrumb":{"@id":"https:\/\/foodbankscanada.ca\/fr\/la-faim-au-canada\/le-parcours-alimentaire-dans-les-communautes-eloignees\/#breadcrumb"},"inLanguage":"fr-CA","potentialAction":[{"@type":"ReadAction","target":["https:\/\/foodbankscanada.ca\/fr\/la-faim-au-canada\/le-parcours-alimentaire-dans-les-communautes-eloignees\/"]}]},{"@type":"BreadcrumbList","@id":"https:\/\/foodbankscanada.ca\/fr\/la-faim-au-canada\/le-parcours-alimentaire-dans-les-communautes-eloignees\/#breadcrumb","itemListElement":[{"@type":"ListItem","position":1,"name":"Accueil","item":"https:\/\/foodbankscanada.ca\/fr\/"},{"@type":"ListItem","position":2,"name":"La faim au Canada","item":"https:\/\/foodbankscanada.ca\/fr\/la-faim-au-canada\/"},{"@type":"ListItem","position":3,"name":"Le parcours alimentaire dans les communaut\u00e9s \u00e9loign\u00e9es"}]},{"@type":"WebSite","@id":"https:\/\/foodbankscanada.ca\/fr\/#website","url":"https:\/\/foodbankscanada.ca\/fr\/","name":"Banques alimentaires Canada","description":"","publisher":{"@id":"https:\/\/foodbankscanada.ca\/fr\/#organization"},"potentialAction":[{"@type":"SearchAction","target":{"@type":"EntryPoint","urlTemplate":"https:\/\/foodbankscanada.ca\/fr\/?s={search_term_string}"},"query-input":{"@type":"PropertyValueSpecification","valueRequired":true,"valueName":"search_term_string"}}],"inLanguage":"fr-CA"},{"@type":"Organization","@id":"https:\/\/foodbankscanada.ca\/fr\/#organization","name":"Food Banks Canada","url":"https:\/\/foodbankscanada.ca\/fr\/","logo":{"@type":"ImageObject","inLanguage":"fr-CA","@id":"https:\/\/foodbankscanada.ca\/fr\/#\/schema\/logo\/image\/","url":"https:\/\/fbcblobstorage.blob.core.windows.net\/wordpress\/2021\/11\/logo.png","contentUrl":"https:\/\/fbcblobstorage.blob.core.windows.net\/wordpress\/2021\/11\/logo.png","width":377,"height":89,"caption":"Food Banks Canada"},"image":{"@id":"https:\/\/foodbankscanada.ca\/fr\/#\/schema\/logo\/image\/"}}]}},"_links":{"self":[{"href":"https:\/\/foodbankscanada.ca\/fr\/wp-json\/wp\/v2\/pages\/46656","targetHints":{"allow":["GET"]}}],"collection":[{"href":"https:\/\/foodbankscanada.ca\/fr\/wp-json\/wp\/v2\/pages"}],"about":[{"href":"https:\/\/foodbankscanada.ca\/fr\/wp-json\/wp\/v2\/types\/page"}],"author":[{"embeddable":true,"href":"https:\/\/foodbankscanada.ca\/fr\/wp-json\/wp\/v2\/users\/36"}],"replies":[{"embeddable":true,"href":"https:\/\/foodbankscanada.ca\/fr\/wp-json\/wp\/v2\/comments?post=46656"}],"version-history":[{"count":4,"href":"https:\/\/foodbankscanada.ca\/fr\/wp-json\/wp\/v2\/pages\/46656\/revisions"}],"predecessor-version":[{"id":46748,"href":"https:\/\/foodbankscanada.ca\/fr\/wp-json\/wp\/v2\/pages\/46656\/revisions\/46748"}],"up":[{"embeddable":true,"href":"https:\/\/foodbankscanada.ca\/fr\/wp-json\/wp\/v2\/pages\/41980"}],"wp:attachment":[{"href":"https:\/\/foodbankscanada.ca\/fr\/wp-json\/wp\/v2\/media?parent=46656"}],"wp:term":[{"taxonomy":"category","embeddable":true,"href":"https:\/\/foodbankscanada.ca\/fr\/wp-json\/wp\/v2\/categories?post=46656"},{"taxonomy":"post_tag","embeddable":true,"href":"https:\/\/foodbankscanada.ca\/fr\/wp-json\/wp\/v2\/tags?post=46656"}],"curies":[{"name":"wp","href":"https:\/\/api.w.org\/{rel}","templated":true}]}}