{"id":46343,"date":"2025-11-10T09:53:17","date_gmt":"2025-11-10T14:53:17","guid":{"rendered":"https:\/\/foodbankscanada.ca\/?page_id=46343"},"modified":"2025-11-10T10:06:06","modified_gmt":"2025-11-10T15:06:06","slug":"don-de-titres","status":"publish","type":"page","link":"https:\/\/foodbankscanada.ca\/fr\/comment-aider\/moyens-de-soutien\/don-de-titres\/","title":{"rendered":"Don de titres"},"content":{"rendered":"<section class=\" block block-image-text-button-list image-text-button-list  aligndefault\"\n         style=\"  background-color: rgba(254, 245, 221, 0); \">\n  <div class=\"container-lg px-0 d-flex flex-column flex-lg-row-reverse\">\n    \n    <div class=\"container-lg px-0 px-lg-2 col-12 col-lg-8\">\n      \n      <div class=\"slider-padding-div mb-4\">\n        <div\n          class=\"image-text-button-swiper swiper\"\n          style=\"--swiper-theme-color: #FFBE00; width: 100%;\"\n          data-autoscroll=\"false\"\n          data-delay=\"3000\"\n        >\n          <div class=\"swiper-wrapper\">\n                           \n                <div\n                  class=\"swiper-slide image-banner\"\n                  style=\"background-size: cover; background-position: center; background-repeat: no-repeat;\n                                        aspect-ratio: 1.7010101010101;\n                                              background-image: url('https:\/\/content.foodbankscanada.ca\/wordpress\/2025\/05\/home_160-5.webp');\n                                                              width: 100%;\"\n                  role=\"img\"\n                  aria-label=\"\"\n                ><\/div>\n                                    <\/div>\n\n                  <\/div>\n      <\/div>\n\n      \n              <div class=\"d-none d-lg-block\">\n          \n        <\/div>\n          <\/div>\n\n    \n    <div class=\"container col-12 col-lg-4 text-break\">\n      <div class=\"breadcrumbs-section    \n   breadcrumbs_normal \">\n  <p id=\"breadcrumbs\" class=\"\"><span><span><a href=\"https:\/\/foodbankscanada.ca\/fr\/\">Accueil<\/a><\/span><\/span><\/p><\/div>              <div class=\"mt-4\">\n          <h2>Don de titres<\/h2>\n<p><strong><em>\u00ab\u00a0Lorsque les donateurs choisissent de faire des dons de titres, ils prennent non seulement une d\u00e9cision financi\u00e8re judicieuse, mais ils amplifient leur impact. Ces dons permettent \u00e0 Banques alimentaires Canada d\u2019augmenter chaque dollar et d\u2019aider plus de familles et de communaut\u00e9s avec la nourriture et la dignit\u00e9 qu\u2019elles m\u00e9ritent. C\u2019est de la g\u00e9n\u00e9rosit\u00e9 avec de la strat\u00e9gie \u2013 et nous sommes profond\u00e9ment reconnaissants de la confiance et de la g\u00e9n\u00e9rosit\u00e9 qui alimentent notre mission.\u00a0\u00bb<\/em><\/strong><\/p>\n<p>\u2013 Sonia\u00a0Dupte, vice-pr\u00e9sidente de la philanthropie, Banques alimentaires Canada<\/p>\n\n        <\/div>\n      \n              <div class=\"mt-4 d-block d-lg-none\">\n          \n        <\/div>\n          <\/div>\n  <\/div>\n<\/section>\n\n\n<div class=\"wp-block-group bg-color-beige is-layout-constrained wp-block-group-is-layout-constrained\">\n<div class=\"wp-block-group container mt-5 mb-5 my-lg-6 is-layout-constrained wp-block-group-is-layout-constrained\">\n<div style=\"height:30px\" aria-hidden=\"true\" class=\"wp-block-spacer\"><\/div>\n\n\n\n<h2 class=\"wp-block-heading\" id=\"h-avantages-du-don-de-titres-a-banques-alimentaires-canada\">Avantages du don de titres \u00e0 Banques alimentaires Canada<\/h2>\n\n\n\n<h5 class=\"wp-block-heading\" id=\"h-eliminer-l-impot-sur-les-gains-en-capital\">\u00c9liminer l\u2019imp\u00f4t sur les gains en capital<\/h5>\n\n\n\n<p>Lorsque vous donnez directement des titres cot\u00e9s en bourse, vous \u00e9vitez de payer de l\u2019imp\u00f4t sur les gains en capital, ce qui maximise la valeur de votre don.\u202f<\/p>\n\n\n\n<h5 class=\"wp-block-heading\" id=\"h-avoir-une-plus-grande-incidence\">Avoir une plus grande incidence<\/h5>\n\n\n\n<p>Comme vous offrez la pleine valeur, votre don aide davantage la mission de Banques alimentaires Canada d\u2019\u00e9liminer la faim.\u202f<strong>\u202f<\/strong><\/p>\n\n\n\n<h5 class=\"wp-block-heading\" id=\"h-recevoir-un-recu-fiscal-pour-don-de-bienfaisance\">Recevoir un re\u00e7u fiscal pour don de bienfaisance<\/h5>\n\n\n\n<p>Vous recevrez un re\u00e7u fiscal correspondant \u00e0 la juste valeur marchande des titres au moment du transfert, qui peut \u00eatre utilis\u00e9 pour r\u00e9duire votre revenu imposable.<\/p>\n\n\n\n<h5 class=\"wp-block-heading\" id=\"h-dons-rentables\">Dons rentables<\/h5>\n\n\n\n<p>Cette m\u00e9thode vous permet de soutenir une cause qui vous tient \u00e0 c\u0153ur sans affecter votre flux de tr\u00e9sorerie.\u202f<\/p>\n\n\n\n<h5 class=\"wp-block-heading\" id=\"h-processus-simple-et-pratique\">Processus simple et pratique<\/h5>\n\n\n\n<p>Le processus de transfert est simple, et Banques alimentaires Canada fournit des conseils \u00e0 chaque \u00e9tape.\u202f<\/p>\n\n\n\n<h5 class=\"wp-block-heading\" id=\"h-soutenir-une-cause-essentielle\">Soutenir une cause essentielle<\/h5>\n\n\n\n<p>Votre don contribue \u00e0 faire en sorte que personne ne souffre de la faim aujourd\u2019hui afin de changer les choses dans les communaut\u00e9s partout au Canada.<\/p>\n\n\n\n<div style=\"height:30px\" aria-hidden=\"true\" class=\"wp-block-spacer\"><\/div>\n<\/div>\n<\/div>\n\n\n<section class=\" block block-image-text-button image-text-button py-5 my-5 alignfull\"\n         style=\"\n                  background-color: #ffffff; \">\n    <div class=\"container\">\n        <div class=\"d-flex flex-column flex-lg-row row gx-5\n                     \"\n             style=\"\">\n\n            \n            <div class=\"col-12 col-lg-6 mb-4 mb-lg-0\">\n                <div class=\"slider-padding-div\">\n                    <div\n                        class=\"image-text-button-swiper swiper\"\n                        style=\"--swiper-theme-color: #FFBE00; width: 100%;\"\n                        data-autoscroll=\"false\"\n                        data-delay=\"3000\"\n                    >\n                        <div class=\"swiper-wrapper\">\n                                                            <div\n                                    class=\"swiper-slide image-banner\"\n                                    style=\"background-size: cover; background-position: center; background-repeat: no-repeat; \n                                                                                    aspect-ratio: 1.2958333333333; \n                                             \n                                                background-image: url('https:\/\/content.foodbankscanada.ca\/wordpress\/2025\/05\/hunger_158.png');\n                                                                                                                            width: 100%;\"\n                                    role=\"img\"\n                                    aria-label=\"\"\n                                ><\/div>\n                                                    <\/div>\n                                            <\/div>\n                <\/div>\n            <\/div>\n\n            \n            <div class=\"image-text-button-block-body col-12 col-lg-6 mt-lg-4 mt-xl-5 pt-xl-2\"><h2>Comment \u00e7a fonctionne?<\/h2>\n<p>Le don de titres est un moyen rentable de convertir vos actifs en soutien imm\u00e9diat et significatif pour Banques alimentaires Canada. En faisant don de vos titres cot\u00e9s en bourse directement \u00e0 Banques alimentaires Canada, vous \u00e9vitez de payer de l\u2019imp\u00f4t sur les gains en capital, ce qui vous permet de donner la pleine valeur pour que personne ne souffre de la faim aujourd\u2019hui. Vous pouvez faire un don plus important \u00e0 moindre co\u00fbt et utiliser le cr\u00e9dit d\u2019imp\u00f4t pour organisme de bienfaisance qui en r\u00e9sulte pour compenser d\u2019autres revenus.<\/p>\n<p>Le processus est simple, et nous avons d\u00e9crit les \u00e9tapes ci-dessous pour vous aider dans le transfert. Une fois le transfert termin\u00e9, nous communiquerons avec vous pour vous remettre votre re\u00e7u fiscal pour don de bienfaisance.<\/p>\n<\/div>\n        <\/div>\n    <\/div>\n<\/section>\n\n\n<div class=\"wp-block-group bg-color-beige is-layout-constrained wp-block-group-is-layout-constrained\">\n<div style=\"height:30px\" aria-hidden=\"true\" class=\"wp-block-spacer\"><\/div>\n\n\n<section class=\" block block-numbered-highlights numbered-highlights bg-color-beige aligndefault d-flex justify-content-center\" style=\" background-color: #FFFFFF\">\n  <div class=\"container px-3\">\n          <h2><strong>\u00c9tapes pour faire un don de titres<\/strong><\/h2>\n<p>T\u00e9l\u00e9chargez le formulaire de don de titres de Banques alimentaires Canada et suivez les \u00e9tapes indiqu\u00e9es.\u00a0Vous devez remplir toutes les sections et toutes les \u00e9tapes pour assurer le transfert, le suivi et la r\u00e9ception exacts de votre don.<\/p>\n<p><a class=\"btn\" href=\"https:\/\/content.foodbankscanada.ca\/wordpress\/2025\/11\/FORMULAIRE-DE-DON-DE-TITRES.pdf\">T\u00e9l\u00e9charger le formulaire de don de titres<\/a><\/p>\n\n                <ol class=\"numbered-highlights-ol\">\n                      <li \n              class=\"numbered-highlights-li\"\n              style=\"\n                --list-icon-fill-color: #5B1400;\n                --background-color: #FFFFFF;\n              \"\n            >\n              <span class=\"list-item-number\">1<\/span><div class=\"list-item-content\"><p>Remplissez la section Renseignements sur le donneur.<\/p>\n<\/div>\n            <\/li>\n                      <li \n              class=\"numbered-highlights-li\"\n              style=\"\n                --list-icon-fill-color: #5B1400;\n                --background-color: #FFFFFF;\n              \"\n            >\n              <span class=\"list-item-number\">2<\/span><div class=\"list-item-content\"><p>Remplissez la section Renseignements sur le courtier.<\/p>\n<\/div>\n            <\/li>\n                      <li \n              class=\"numbered-highlights-li\"\n              style=\"\n                --list-icon-fill-color: #5B1400;\n                --background-color: #FFFFFF;\n              \"\n            >\n              <span class=\"list-item-number\">3<\/span><div class=\"list-item-content\"><p>Remplissez la section Titres \u00e0 transf\u00e9rer.<\/p>\n<\/div>\n            <\/li>\n                      <li \n              class=\"numbered-highlights-li\"\n              style=\"\n                --list-icon-fill-color: #5B1400;\n                --background-color: #FFFFFF;\n              \"\n            >\n              <span class=\"list-item-number\">4<\/span><div class=\"list-item-content\"><p>Demandez \u00e0 votre courtier de transf\u00e9rer des titres.\u00a0Il est important que votre courtier envoie rapidement le formulaire d\u00fbment rempli \u00e0 RBC Dominion valeurs mobili\u00e8res afin d\u2019amorcer l\u2019acceptation du transfert.\u00a0Les formulaires remplis doivent \u00eatre envoy\u00e9s \u00e0 Christine\u00a0Zwirz par courriel \u00e0 <a href=\"mailto:Christine.zwirz@rbc.com\">christine.zwirz@rbc.com<\/a>.<\/p>\n<\/div>\n            <\/li>\n                      <li \n              class=\"numbered-highlights-li\"\n              style=\"\n                --list-icon-fill-color: #5B1400;\n                --background-color: #FFFFFF;\n              \"\n            >\n              <span class=\"list-item-number\">5<\/span><div class=\"list-item-content\"><p>Envoyez une copie PDF du formulaire rempli ou demandez \u00e0 votre courtier de le faire parvenir \u00e0 Banques alimentaires Canada par courriel \u00e0 <a href=\"mailto:philanthropy@foodbankscanada.ca\">philanthropy@foodbankscanada.ca<\/a>.<\/p>\n<\/div>\n            <\/li>\n                  <\/ol>\n      <\/div>\n<\/section>\n\n\n\n<div style=\"height:30px\" aria-hidden=\"true\" class=\"wp-block-spacer\"><\/div>\n<\/div>\n\n\n\n<div class=\"wp-block-group container mt-5 mb-5 my-lg-6 is-layout-constrained wp-block-group-is-layout-constrained\">\n<p>Nous communiquerons avec vous pour accuser r\u00e9ception de votre formulaire de don et vous informer lorsque le transfert sera termin\u00e9. Votre re\u00e7u fiscal vous sera envoy\u00e9 selon la pr\u00e9f\u00e9rence indiqu\u00e9e sur le formulaire de don de titres.&nbsp;<\/p>\n\n\n\n<p><\/p>\n\n\n\n<p><strong>Please be advised that the value of the donation receipt will be based on the closing price of the security on the day securities are received by RBC Dominion Securities, in <strong>Veuillez noter que la valeur du re\u00e7u de don sera fond\u00e9e sur le prix de cl\u00f4ture du titre le jour o\u00f9 les titres sont re\u00e7us par RBC Dominion valeurs mobili\u00e8res, conform\u00e9ment aux lignes directrices de l\u2019Agence du revenu du Canada.&nbsp;<\/strong><\/strong><\/p>\n\n\n\n<div style=\"height:30px\" aria-hidden=\"true\" class=\"wp-block-spacer\"><\/div>\n\n\n\n<h4 class=\"wp-block-heading\" id=\"h-demandez-conseil-a-un-professionnel-nbsp-nbsp\">Demandez conseil \u00e0 un professionnel&nbsp;&nbsp;<\/h4>\n\n\n\n<p>Banques alimentaires Canada vous recommande fortement de demander l\u2019avis d\u2019un conseiller financier pour vous assurer que vos objectifs financiers sont pris en compte et que votre situation fiscale est examin\u00e9e afin de d\u00e9terminer si un don de titres vous convient.&nbsp;<\/p>\n\n\n\n<div style=\"height:30px\" aria-hidden=\"true\" class=\"wp-block-spacer\"><\/div>\n<\/div>\n\n\n\n<div class=\"wp-block-group container mt-5 mb-5 my-lg-6 is-layout-constrained wp-block-group-is-layout-constrained\">\n<div class=\"wp-block-columns is-layout-flex wp-container-core-columns-is-layout-9d6595d7 wp-block-columns-is-layout-flex\">\n<div class=\"wp-block-column is-layout-flow wp-block-column-is-layout-flow\" style=\"flex-basis:66.66%\">\n<h4 class=\"wp-block-heading\" id=\"h-pour-nous-joindre-nbsp\">Pour nous joindre&nbsp;<\/h4>\n\n\n\n<p>Communiquez avec notre \u00e9quipe de philanthropie pour discuter de votre don.<\/p>\n\n\n\n<p>Courriel<strong>&nbsp;:<\/strong> <a href=\"mailto:philanthropy@foodbankscanada.ca\" target=\"_blank\" rel=\"noreferrer noopener\">philanthropy@foodbankscanada.ca<\/a>&nbsp;<\/p>\n\n\n\n<p>T\u00e9l\u00e9phone&nbsp;: (905)&nbsp;602-5234, poste 1203&nbsp;<\/p>\n\n\n\n<p>Sans frais&nbsp;: 1&nbsp;(877)&nbsp;535-0958, poste 1203&nbsp;<\/p>\n\n\n\n<p>77, promenade City Centre Bureau&nbsp;501, Mississauga (Ontario) L5B 1M5&nbsp;<\/p>\n<\/div>\n\n\n\n<div class=\"wp-block-column is-layout-flow wp-block-column-is-layout-flow\" style=\"flex-basis:33.33%\">\n<figure class=\"wp-block-image size-full is-resized\"><img decoding=\"async\" src=\"https:\/\/content.foodbankscanada.ca\/wordpress\/2025\/11\/Untitled-design-1.png\" alt=\"\" class=\"wp-image-46411\" style=\"width:147px;height:auto\"\/><\/figure>\n\n\n\n<p>Num\u00e9ro d\u2019organisme de bienfaisance enregistr\u00e9&nbsp;: 13064&nbsp;3737&nbsp;RR0001&nbsp;<\/p>\n<\/div>\n<\/div>\n<\/div>\n\n\n\n<p><\/p>\n","protected":false},"excerpt":{"rendered":"<p>Avantages du don de titres \u00e0 Banques alimentaires Canada \u00c9liminer l\u2019imp\u00f4t sur les gains en capital Lorsque vous donnez directement des titres cot\u00e9s en bourse, vous \u00e9vitez de payer de l\u2019imp\u00f4t sur les gains en capital, ce qui maximise la valeur de votre don.\u202f Avoir une plus grande incidence Comme vous offrez la pleine valeur,&#8230;<\/p>\n","protected":false},"author":36,"featured_media":0,"parent":41505,"menu_order":0,"comment_status":"closed","ping_status":"closed","template":"full-width-page.blade.php","meta":{"_acf_changed":false,"footnotes":""},"categories":[],"tags":[],"class_list":["post-46343","page","type-page","status-publish","hentry"],"acf":[],"yoast_head":"<!-- This site is optimized with the Yoast SEO Premium plugin v26.9 (Yoast SEO v26.9) - https:\/\/yoast.com\/product\/yoast-seo-premium-wordpress\/ -->\n<title>Don de titres - Banques alimentaires Canada<\/title>\n<meta name=\"robots\" content=\"index, follow, max-snippet:-1, max-image-preview:large, max-video-preview:-1\" \/>\n<link rel=\"canonical\" href=\"https:\/\/foodbankscanada.ca\/fr\/comment-aider\/moyens-de-soutien\/don-de-titres\/\" \/>\n<meta property=\"og:locale\" content=\"fr_CA\" \/>\n<meta property=\"og:type\" content=\"article\" \/>\n<meta property=\"og:title\" content=\"Don de titres\" \/>\n<meta property=\"og:description\" content=\"Avantages du don de titres \u00e0 Banques alimentaires Canada \u00c9liminer l\u2019imp\u00f4t sur les gains en capital Lorsque vous donnez directement des titres cot\u00e9s en bourse, vous \u00e9vitez de payer de l\u2019imp\u00f4t sur les gains en capital, ce qui maximise la valeur de votre don.\u202f Avoir une plus grande incidence Comme vous offrez la pleine valeur,...\" \/>\n<meta property=\"og:url\" content=\"https:\/\/foodbankscanada.ca\/fr\/comment-aider\/moyens-de-soutien\/don-de-titres\/\" \/>\n<meta property=\"og:site_name\" content=\"Banques alimentaires Canada\" \/>\n<meta property=\"article:modified_time\" content=\"2025-11-10T15:06:06+00:00\" \/>\n<meta property=\"og:image\" content=\"https:\/\/stg.foodbankscanada.ca\/app\/uploads\/2025\/11\/Untitled-design-1.png\" \/>\n<meta name=\"twitter:card\" content=\"summary_large_image\" \/>\n<meta name=\"twitter:label1\" content=\"Est. reading time\" \/>\n\t<meta name=\"twitter:data1\" content=\"2 minutes\" \/>\n<script type=\"application\/ld+json\" class=\"yoast-schema-graph\">{\"@context\":\"https:\/\/schema.org\",\"@graph\":[{\"@type\":\"WebPage\",\"@id\":\"https:\/\/foodbankscanada.ca\/fr\/comment-aider\/moyens-de-soutien\/don-de-titres\/\",\"url\":\"https:\/\/foodbankscanada.ca\/fr\/comment-aider\/moyens-de-soutien\/don-de-titres\/\",\"name\":\"Don de titres - Banques alimentaires Canada\",\"isPartOf\":{\"@id\":\"https:\/\/foodbankscanada.ca\/fr\/#website\"},\"primaryImageOfPage\":{\"@id\":\"https:\/\/foodbankscanada.ca\/fr\/comment-aider\/moyens-de-soutien\/don-de-titres\/#primaryimage\"},\"image\":{\"@id\":\"https:\/\/foodbankscanada.ca\/fr\/comment-aider\/moyens-de-soutien\/don-de-titres\/#primaryimage\"},\"thumbnailUrl\":\"https:\/\/stg.foodbankscanada.ca\/app\/uploads\/2025\/11\/Untitled-design-1.png\",\"datePublished\":\"2025-11-10T14:53:17+00:00\",\"dateModified\":\"2025-11-10T15:06:06+00:00\",\"breadcrumb\":{\"@id\":\"https:\/\/foodbankscanada.ca\/fr\/comment-aider\/moyens-de-soutien\/don-de-titres\/#breadcrumb\"},\"inLanguage\":\"fr-CA\",\"potentialAction\":[{\"@type\":\"ReadAction\",\"target\":[\"https:\/\/foodbankscanada.ca\/fr\/comment-aider\/moyens-de-soutien\/don-de-titres\/\"]}]},{\"@type\":\"ImageObject\",\"inLanguage\":\"fr-CA\",\"@id\":\"https:\/\/foodbankscanada.ca\/fr\/comment-aider\/moyens-de-soutien\/don-de-titres\/#primaryimage\",\"url\":\"https:\/\/stg.foodbankscanada.ca\/app\/uploads\/2025\/11\/Untitled-design-1.png\",\"contentUrl\":\"https:\/\/stg.foodbankscanada.ca\/app\/uploads\/2025\/11\/Untitled-design-1.png\"},{\"@type\":\"BreadcrumbList\",\"@id\":\"https:\/\/foodbankscanada.ca\/fr\/comment-aider\/moyens-de-soutien\/don-de-titres\/#breadcrumb\",\"itemListElement\":[{\"@type\":\"ListItem\",\"position\":1,\"name\":\"Accueil\",\"item\":\"https:\/\/foodbankscanada.ca\/fr\/\"},{\"@type\":\"ListItem\",\"position\":2,\"name\":\"Comment aider\",\"item\":\"https:\/\/foodbankscanada.ca\/fr\/comment-aider\/\"},{\"@type\":\"ListItem\",\"position\":3,\"name\":\"Moyens de soutien\",\"item\":\"https:\/\/foodbankscanada.ca\/fr\/comment-aider\/moyens-de-soutien\/\"},{\"@type\":\"ListItem\",\"position\":4,\"name\":\"Don de titres\"}]},{\"@type\":\"WebSite\",\"@id\":\"https:\/\/foodbankscanada.ca\/fr\/#website\",\"url\":\"https:\/\/foodbankscanada.ca\/fr\/\",\"name\":\"Banques alimentaires Canada\",\"description\":\"\",\"publisher\":{\"@id\":\"https:\/\/foodbankscanada.ca\/fr\/#organization\"},\"potentialAction\":[{\"@type\":\"SearchAction\",\"target\":{\"@type\":\"EntryPoint\",\"urlTemplate\":\"https:\/\/foodbankscanada.ca\/fr\/?s={search_term_string}\"},\"query-input\":{\"@type\":\"PropertyValueSpecification\",\"valueRequired\":true,\"valueName\":\"search_term_string\"}}],\"inLanguage\":\"fr-CA\"},{\"@type\":\"Organization\",\"@id\":\"https:\/\/foodbankscanada.ca\/fr\/#organization\",\"name\":\"Food Banks Canada\",\"url\":\"https:\/\/foodbankscanada.ca\/fr\/\",\"logo\":{\"@type\":\"ImageObject\",\"inLanguage\":\"fr-CA\",\"@id\":\"https:\/\/foodbankscanada.ca\/fr\/#\/schema\/logo\/image\/\",\"url\":\"https:\/\/fbcblobstorage.blob.core.windows.net\/wordpress\/2021\/11\/logo.png\",\"contentUrl\":\"https:\/\/fbcblobstorage.blob.core.windows.net\/wordpress\/2021\/11\/logo.png\",\"width\":377,\"height\":89,\"caption\":\"Food Banks Canada\"},\"image\":{\"@id\":\"https:\/\/foodbankscanada.ca\/fr\/#\/schema\/logo\/image\/\"}}]}<\/script>\n<!-- \/ Yoast SEO Premium plugin. -->","yoast_head_json":{"title":"Don de titres - Banques alimentaires Canada","robots":{"index":"index","follow":"follow","max-snippet":"max-snippet:-1","max-image-preview":"max-image-preview:large","max-video-preview":"max-video-preview:-1"},"canonical":"https:\/\/foodbankscanada.ca\/fr\/comment-aider\/moyens-de-soutien\/don-de-titres\/","og_locale":"fr_CA","og_type":"article","og_title":"Don de titres","og_description":"Avantages du don de titres \u00e0 Banques alimentaires Canada \u00c9liminer l\u2019imp\u00f4t sur les gains en capital Lorsque vous donnez directement des titres cot\u00e9s en bourse, vous \u00e9vitez de payer de l\u2019imp\u00f4t sur les gains en capital, ce qui maximise la valeur de votre don.\u202f Avoir une plus grande incidence Comme vous offrez la pleine valeur,...","og_url":"https:\/\/foodbankscanada.ca\/fr\/comment-aider\/moyens-de-soutien\/don-de-titres\/","og_site_name":"Banques alimentaires Canada","article_modified_time":"2025-11-10T15:06:06+00:00","og_image":[{"url":"https:\/\/stg.foodbankscanada.ca\/app\/uploads\/2025\/11\/Untitled-design-1.png","type":"","width":"","height":""}],"twitter_card":"summary_large_image","twitter_misc":{"Est. reading time":"2 minutes"},"schema":{"@context":"https:\/\/schema.org","@graph":[{"@type":"WebPage","@id":"https:\/\/foodbankscanada.ca\/fr\/comment-aider\/moyens-de-soutien\/don-de-titres\/","url":"https:\/\/foodbankscanada.ca\/fr\/comment-aider\/moyens-de-soutien\/don-de-titres\/","name":"Don de titres - Banques alimentaires Canada","isPartOf":{"@id":"https:\/\/foodbankscanada.ca\/fr\/#website"},"primaryImageOfPage":{"@id":"https:\/\/foodbankscanada.ca\/fr\/comment-aider\/moyens-de-soutien\/don-de-titres\/#primaryimage"},"image":{"@id":"https:\/\/foodbankscanada.ca\/fr\/comment-aider\/moyens-de-soutien\/don-de-titres\/#primaryimage"},"thumbnailUrl":"https:\/\/stg.foodbankscanada.ca\/app\/uploads\/2025\/11\/Untitled-design-1.png","datePublished":"2025-11-10T14:53:17+00:00","dateModified":"2025-11-10T15:06:06+00:00","breadcrumb":{"@id":"https:\/\/foodbankscanada.ca\/fr\/comment-aider\/moyens-de-soutien\/don-de-titres\/#breadcrumb"},"inLanguage":"fr-CA","potentialAction":[{"@type":"ReadAction","target":["https:\/\/foodbankscanada.ca\/fr\/comment-aider\/moyens-de-soutien\/don-de-titres\/"]}]},{"@type":"ImageObject","inLanguage":"fr-CA","@id":"https:\/\/foodbankscanada.ca\/fr\/comment-aider\/moyens-de-soutien\/don-de-titres\/#primaryimage","url":"https:\/\/stg.foodbankscanada.ca\/app\/uploads\/2025\/11\/Untitled-design-1.png","contentUrl":"https:\/\/stg.foodbankscanada.ca\/app\/uploads\/2025\/11\/Untitled-design-1.png"},{"@type":"BreadcrumbList","@id":"https:\/\/foodbankscanada.ca\/fr\/comment-aider\/moyens-de-soutien\/don-de-titres\/#breadcrumb","itemListElement":[{"@type":"ListItem","position":1,"name":"Accueil","item":"https:\/\/foodbankscanada.ca\/fr\/"},{"@type":"ListItem","position":2,"name":"Comment aider","item":"https:\/\/foodbankscanada.ca\/fr\/comment-aider\/"},{"@type":"ListItem","position":3,"name":"Moyens de soutien","item":"https:\/\/foodbankscanada.ca\/fr\/comment-aider\/moyens-de-soutien\/"},{"@type":"ListItem","position":4,"name":"Don de titres"}]},{"@type":"WebSite","@id":"https:\/\/foodbankscanada.ca\/fr\/#website","url":"https:\/\/foodbankscanada.ca\/fr\/","name":"Banques alimentaires Canada","description":"","publisher":{"@id":"https:\/\/foodbankscanada.ca\/fr\/#organization"},"potentialAction":[{"@type":"SearchAction","target":{"@type":"EntryPoint","urlTemplate":"https:\/\/foodbankscanada.ca\/fr\/?s={search_term_string}"},"query-input":{"@type":"PropertyValueSpecification","valueRequired":true,"valueName":"search_term_string"}}],"inLanguage":"fr-CA"},{"@type":"Organization","@id":"https:\/\/foodbankscanada.ca\/fr\/#organization","name":"Food Banks Canada","url":"https:\/\/foodbankscanada.ca\/fr\/","logo":{"@type":"ImageObject","inLanguage":"fr-CA","@id":"https:\/\/foodbankscanada.ca\/fr\/#\/schema\/logo\/image\/","url":"https:\/\/fbcblobstorage.blob.core.windows.net\/wordpress\/2021\/11\/logo.png","contentUrl":"https:\/\/fbcblobstorage.blob.core.windows.net\/wordpress\/2021\/11\/logo.png","width":377,"height":89,"caption":"Food Banks Canada"},"image":{"@id":"https:\/\/foodbankscanada.ca\/fr\/#\/schema\/logo\/image\/"}}]}},"_links":{"self":[{"href":"https:\/\/foodbankscanada.ca\/fr\/wp-json\/wp\/v2\/pages\/46343","targetHints":{"allow":["GET"]}}],"collection":[{"href":"https:\/\/foodbankscanada.ca\/fr\/wp-json\/wp\/v2\/pages"}],"about":[{"href":"https:\/\/foodbankscanada.ca\/fr\/wp-json\/wp\/v2\/types\/page"}],"author":[{"embeddable":true,"href":"https:\/\/foodbankscanada.ca\/fr\/wp-json\/wp\/v2\/users\/36"}],"replies":[{"embeddable":true,"href":"https:\/\/foodbankscanada.ca\/fr\/wp-json\/wp\/v2\/comments?post=46343"}],"version-history":[{"count":2,"href":"https:\/\/foodbankscanada.ca\/fr\/wp-json\/wp\/v2\/pages\/46343\/revisions"}],"predecessor-version":[{"id":46351,"href":"https:\/\/foodbankscanada.ca\/fr\/wp-json\/wp\/v2\/pages\/46343\/revisions\/46351"}],"up":[{"embeddable":true,"href":"https:\/\/foodbankscanada.ca\/fr\/wp-json\/wp\/v2\/pages\/41505"}],"wp:attachment":[{"href":"https:\/\/foodbankscanada.ca\/fr\/wp-json\/wp\/v2\/media?parent=46343"}],"wp:term":[{"taxonomy":"category","embeddable":true,"href":"https:\/\/foodbankscanada.ca\/fr\/wp-json\/wp\/v2\/categories?post=46343"},{"taxonomy":"post_tag","embeddable":true,"href":"https:\/\/foodbankscanada.ca\/fr\/wp-json\/wp\/v2\/tags?post=46343"}],"curies":[{"name":"wp","href":"https:\/\/api.w.org\/{rel}","templated":true}]}}