{"id":46220,"date":"2025-10-31T16:39:00","date_gmt":"2025-10-31T20:39:00","guid":{"rendered":"https:\/\/foodbankscanada.ca\/?page_id=46220"},"modified":"2025-12-12T14:45:22","modified_gmt":"2025-12-12T19:45:22","slug":"certifications-et-distinctions","status":"publish","type":"page","link":"https:\/\/foodbankscanada.ca\/fr\/qui-sommes-nous\/certifications-et-distinctions\/","title":{"rendered":"Certifications et distinctions"},"content":{"rendered":"\n<p>\u00c0 Banques alimentaires Canada, notre mission de mettre fin \u00e0 l\u2019ins\u00e9curit\u00e9 alimentaire partout au Canada est motiv\u00e9e par la compassion, l\u2019int\u00e9grit\u00e9 et la volont\u00e9 de changer les choses. Chaque accr\u00e9ditation que nous d\u00e9tenons et chaque prix que nous recevons refl\u00e8tent la confiance que nous accordent les donateurs, les partenaires, le gouvernement et le r\u00e9seau national de banques alimentaires d\u2019un oc\u00e9an \u00e0 l\u2019autre.<\/p>\n\n\n\n<div style=\"height:50px\" aria-hidden=\"true\" class=\"wp-block-spacer\"><\/div>\n\n\n\n<div class=\"wp-block-columns is-layout-flex wp-container-core-columns-is-layout-9d6595d7 wp-block-columns-is-layout-flex\">\n<div class=\"wp-block-column is-layout-flow wp-block-column-is-layout-flow\" style=\"flex-basis:33.33%\">\n<figure class=\"wp-block-image size-full is-resized\"><img loading=\"lazy\" decoding=\"async\" width=\"350\" height=\"350\" src=\"https:\/\/content.foodbankscanada.ca\/wordpress\/2025\/10\/Untitled-design-1.png\" alt=\"\" class=\"wp-image-46213\" style=\"width:268px;height:auto\" srcset=\"https:\/\/content.foodbankscanada.ca\/wordpress\/2025\/10\/Untitled-design-1.png 350w, https:\/\/content.foodbankscanada.ca\/wordpress\/2025\/10\/Untitled-design-1-300x300.png 300w, https:\/\/content.foodbankscanada.ca\/wordpress\/2025\/10\/Untitled-design-1-150x150.png 150w\" sizes=\"auto, (max-width: 350px) 100vw, 350px\" \/><\/figure>\n<\/div>\n\n\n\n<div class=\"wp-block-column is-layout-flow wp-block-column-is-layout-flow\" style=\"flex-basis:66.66%\">\n<div style=\"height:65px\" aria-hidden=\"true\" class=\"wp-block-spacer\"><\/div>\n\n\n\n<h4 class=\"wp-block-heading\" id=\"h-imagine-canada\">Imagine Canada<\/h4>\n\n\n\n<p>Les normes d\u2019Imagine Canada tirent parti de la sagesse et de l\u2019expertise du secteur sans but lucratif dans des domaines comme la gouvernance des conseils d\u2019administration, la responsabilit\u00e9 financi\u00e8re et la transparence, la collecte de fonds, les ressources humaines et la participation des b\u00e9n\u00e9voles.<\/p>\n\n\n\n<p>Tout organisme peut am\u00e9liorer ses pratiques en appliquant ces normes ou faire passer ses r\u00e9alisations au niveau sup\u00e9rieur en obtenant l\u2019accr\u00e9ditation au moyen d\u2019un processus ind\u00e9pendant d\u2019examen par les pairs..<\/p>\n<\/div>\n<\/div>\n\n\n\n<div class=\"wp-block-columns is-layout-flex wp-container-core-columns-is-layout-9d6595d7 wp-block-columns-is-layout-flex\">\n<div class=\"wp-block-column is-layout-flow wp-block-column-is-layout-flow\" style=\"flex-basis:33.33%\">\n<figure class=\"wp-block-image size-full is-resized\"><img loading=\"lazy\" decoding=\"async\" width=\"1200\" height=\"628\" src=\"https:\/\/content.foodbankscanada.ca\/wordpress\/2025\/10\/French-3.png\" alt=\"\" class=\"wp-image-46225\" style=\"width:410px;height:auto\" srcset=\"https:\/\/content.foodbankscanada.ca\/wordpress\/2025\/10\/French-3.png 1200w, https:\/\/content.foodbankscanada.ca\/wordpress\/2025\/10\/French-3-300x157.png 300w, https:\/\/content.foodbankscanada.ca\/wordpress\/2025\/10\/French-3-1024x536.png 1024w, https:\/\/content.foodbankscanada.ca\/wordpress\/2025\/10\/French-3-768x402.png 768w\" sizes=\"auto, (max-width: 1200px) 100vw, 1200px\" \/><\/figure>\n<\/div>\n\n\n\n<div class=\"wp-block-column is-layout-flow wp-block-column-is-layout-flow\" style=\"flex-basis:66.66%\">\n<div style=\"height:65px\" aria-hidden=\"true\" class=\"wp-block-spacer\"><\/div>\n\n\n\n<h4 class=\"wp-block-heading\" id=\"h-charity-intelligence-palmares-des-100-nbsp-meilleurs-organismes-de-bienfaisance-de-nbsp-2025\">Charity Intelligence \u2013  Palmar\u00e8s des 100&nbsp;meilleurs organismes de bienfaisance de&nbsp;2025<\/h4>\n\n\n\n<p>Charity Intelligence fait des recherches sur les organismes de bienfaisance canadiens pour que les donateurs soient inform\u00e9s et donnent avec discernement. Gr\u00e2ce \u00e0 des recherches rigoureuses et ind\u00e9pendantes, Charity Intelligence vise \u00e0 aider le secteur dynamique des organismes de bienfaisance du Canada \u00e0 \u00eatre plus transparent, responsable et ax\u00e9 sur les r\u00e9sultats.<\/p>\n<\/div>\n<\/div>\n\n\n\n<div class=\"wp-block-columns is-layout-flex wp-container-core-columns-is-layout-9d6595d7 wp-block-columns-is-layout-flex\">\n<div class=\"wp-block-column is-layout-flow wp-block-column-is-layout-flow\" style=\"flex-basis:33.33%\">\n<figure class=\"wp-block-image size-full is-resized\"><img loading=\"lazy\" decoding=\"async\" width=\"350\" height=\"350\" src=\"https:\/\/content.foodbankscanada.ca\/wordpress\/2025\/12\/Canadas-Most-Admired-1.png\" alt=\"\" class=\"wp-image-46634\" style=\"width:208px;height:auto\" srcset=\"https:\/\/content.foodbankscanada.ca\/wordpress\/2025\/12\/Canadas-Most-Admired-1.png 350w, https:\/\/content.foodbankscanada.ca\/wordpress\/2025\/12\/Canadas-Most-Admired-1-300x300.png 300w, https:\/\/content.foodbankscanada.ca\/wordpress\/2025\/12\/Canadas-Most-Admired-1-150x150.png 150w\" sizes=\"auto, (max-width: 350px) 100vw, 350px\" \/><\/figure>\n<\/div>\n\n\n\n<div class=\"wp-block-column is-layout-flow wp-block-column-is-layout-flow\" style=\"flex-basis:66.66%\">\n<div style=\"height:65px\" aria-hidden=\"true\" class=\"wp-block-spacer\"><\/div>\n\n\n\n<h4 class=\"wp-block-heading\" id=\"h-waterstone-canada-s-most-admired-corporate-cultures-2024\">Waterstone Canada&#8217;s Most Admired Corporate Cultures 2024<\/h4>\n\n\n\n<p>Ce programme national r\u00e9compense chaque ann\u00e9e les meilleurs organismes canadiens pour leur culture qui am\u00e9liore le rendement et leur procure un avantage concurrentiel.<\/p>\n<\/div>\n<\/div>\n\n\n\n<p><\/p>\n","protected":false},"excerpt":{"rendered":"<p>\u00c0 Banques alimentaires Canada, notre mission de mettre fin \u00e0 l\u2019ins\u00e9curit\u00e9 alimentaire partout au Canada est motiv\u00e9e par la compassion, l\u2019int\u00e9grit\u00e9 et la volont\u00e9 de changer les choses. Chaque accr\u00e9ditation que nous d\u00e9tenons et chaque prix que nous recevons refl\u00e8tent la confiance que nous accordent les donateurs, les partenaires, le gouvernement et le r\u00e9seau national&#8230;<\/p>\n","protected":false},"author":36,"featured_media":0,"parent":5227,"menu_order":0,"comment_status":"closed","ping_status":"closed","template":"","meta":{"_acf_changed":false,"footnotes":""},"categories":[],"tags":[],"class_list":["post-46220","page","type-page","status-publish","hentry"],"acf":[],"yoast_head":"<!-- This site is optimized with the Yoast SEO Premium plugin v26.9 (Yoast SEO v26.9) - https:\/\/yoast.com\/product\/yoast-seo-premium-wordpress\/ -->\n<title>Certifications et distinctions - Banques alimentaires Canada<\/title>\n<meta name=\"robots\" content=\"index, follow, max-snippet:-1, max-image-preview:large, max-video-preview:-1\" \/>\n<link rel=\"canonical\" href=\"https:\/\/foodbankscanada.ca\/fr\/qui-sommes-nous\/certifications-et-distinctions\/\" \/>\n<meta property=\"og:locale\" content=\"fr_CA\" \/>\n<meta property=\"og:type\" content=\"article\" \/>\n<meta property=\"og:title\" content=\"Certifications et distinctions\" \/>\n<meta property=\"og:description\" content=\"\u00c0 Banques alimentaires Canada, notre mission de mettre fin \u00e0 l\u2019ins\u00e9curit\u00e9 alimentaire partout au Canada est motiv\u00e9e par la compassion, l\u2019int\u00e9grit\u00e9 et la volont\u00e9 de changer les choses. Chaque accr\u00e9ditation que nous d\u00e9tenons et chaque prix que nous recevons refl\u00e8tent la confiance que nous accordent les donateurs, les partenaires, le gouvernement et le r\u00e9seau national...\" \/>\n<meta property=\"og:url\" content=\"https:\/\/foodbankscanada.ca\/fr\/qui-sommes-nous\/certifications-et-distinctions\/\" \/>\n<meta property=\"og:site_name\" content=\"Banques alimentaires Canada\" \/>\n<meta property=\"article:modified_time\" content=\"2025-12-12T19:45:22+00:00\" \/>\n<meta property=\"og:image\" content=\"https:\/\/foodbankscanada.ca\/app\/uploads\/2025\/10\/Untitled-design-1.png\" \/>\n<meta name=\"twitter:card\" content=\"summary_large_image\" \/>\n<meta name=\"twitter:label1\" content=\"Est. reading time\" \/>\n\t<meta name=\"twitter:data1\" content=\"1 minute\" \/>\n<script type=\"application\/ld+json\" class=\"yoast-schema-graph\">{\"@context\":\"https:\/\/schema.org\",\"@graph\":[{\"@type\":\"WebPage\",\"@id\":\"https:\/\/foodbankscanada.ca\/fr\/qui-sommes-nous\/certifications-et-distinctions\/\",\"url\":\"https:\/\/foodbankscanada.ca\/fr\/qui-sommes-nous\/certifications-et-distinctions\/\",\"name\":\"Certifications et distinctions - Banques alimentaires Canada\",\"isPartOf\":{\"@id\":\"https:\/\/foodbankscanada.ca\/fr\/#website\"},\"primaryImageOfPage\":{\"@id\":\"https:\/\/foodbankscanada.ca\/fr\/qui-sommes-nous\/certifications-et-distinctions\/#primaryimage\"},\"image\":{\"@id\":\"https:\/\/foodbankscanada.ca\/fr\/qui-sommes-nous\/certifications-et-distinctions\/#primaryimage\"},\"thumbnailUrl\":\"https:\/\/foodbankscanada.ca\/app\/uploads\/2025\/10\/Untitled-design-1.png\",\"datePublished\":\"2025-10-31T20:39:00+00:00\",\"dateModified\":\"2025-12-12T19:45:22+00:00\",\"breadcrumb\":{\"@id\":\"https:\/\/foodbankscanada.ca\/fr\/qui-sommes-nous\/certifications-et-distinctions\/#breadcrumb\"},\"inLanguage\":\"fr-CA\",\"potentialAction\":[{\"@type\":\"ReadAction\",\"target\":[\"https:\/\/foodbankscanada.ca\/fr\/qui-sommes-nous\/certifications-et-distinctions\/\"]}]},{\"@type\":\"ImageObject\",\"inLanguage\":\"fr-CA\",\"@id\":\"https:\/\/foodbankscanada.ca\/fr\/qui-sommes-nous\/certifications-et-distinctions\/#primaryimage\",\"url\":\"https:\/\/foodbankscanada.ca\/app\/uploads\/2025\/10\/Untitled-design-1.png\",\"contentUrl\":\"https:\/\/foodbankscanada.ca\/app\/uploads\/2025\/10\/Untitled-design-1.png\"},{\"@type\":\"BreadcrumbList\",\"@id\":\"https:\/\/foodbankscanada.ca\/fr\/qui-sommes-nous\/certifications-et-distinctions\/#breadcrumb\",\"itemListElement\":[{\"@type\":\"ListItem\",\"position\":1,\"name\":\"Accueil\",\"item\":\"https:\/\/foodbankscanada.ca\/fr\/\"},{\"@type\":\"ListItem\",\"position\":2,\"name\":\"Qui sommes-nous\",\"item\":\"https:\/\/foodbankscanada.ca\/fr\/qui-sommes-nous\/\"},{\"@type\":\"ListItem\",\"position\":3,\"name\":\"Certifications et distinctions\"}]},{\"@type\":\"WebSite\",\"@id\":\"https:\/\/foodbankscanada.ca\/fr\/#website\",\"url\":\"https:\/\/foodbankscanada.ca\/fr\/\",\"name\":\"Banques alimentaires Canada\",\"description\":\"\",\"publisher\":{\"@id\":\"https:\/\/foodbankscanada.ca\/fr\/#organization\"},\"potentialAction\":[{\"@type\":\"SearchAction\",\"target\":{\"@type\":\"EntryPoint\",\"urlTemplate\":\"https:\/\/foodbankscanada.ca\/fr\/?s={search_term_string}\"},\"query-input\":{\"@type\":\"PropertyValueSpecification\",\"valueRequired\":true,\"valueName\":\"search_term_string\"}}],\"inLanguage\":\"fr-CA\"},{\"@type\":\"Organization\",\"@id\":\"https:\/\/foodbankscanada.ca\/fr\/#organization\",\"name\":\"Food Banks Canada\",\"url\":\"https:\/\/foodbankscanada.ca\/fr\/\",\"logo\":{\"@type\":\"ImageObject\",\"inLanguage\":\"fr-CA\",\"@id\":\"https:\/\/foodbankscanada.ca\/fr\/#\/schema\/logo\/image\/\",\"url\":\"https:\/\/fbcblobstorage.blob.core.windows.net\/wordpress\/2021\/11\/logo.png\",\"contentUrl\":\"https:\/\/fbcblobstorage.blob.core.windows.net\/wordpress\/2021\/11\/logo.png\",\"width\":377,\"height\":89,\"caption\":\"Food Banks Canada\"},\"image\":{\"@id\":\"https:\/\/foodbankscanada.ca\/fr\/#\/schema\/logo\/image\/\"}}]}<\/script>\n<!-- \/ Yoast SEO Premium plugin. -->","yoast_head_json":{"title":"Certifications et distinctions - Banques alimentaires Canada","robots":{"index":"index","follow":"follow","max-snippet":"max-snippet:-1","max-image-preview":"max-image-preview:large","max-video-preview":"max-video-preview:-1"},"canonical":"https:\/\/foodbankscanada.ca\/fr\/qui-sommes-nous\/certifications-et-distinctions\/","og_locale":"fr_CA","og_type":"article","og_title":"Certifications et distinctions","og_description":"\u00c0 Banques alimentaires Canada, notre mission de mettre fin \u00e0 l\u2019ins\u00e9curit\u00e9 alimentaire partout au Canada est motiv\u00e9e par la compassion, l\u2019int\u00e9grit\u00e9 et la volont\u00e9 de changer les choses. Chaque accr\u00e9ditation que nous d\u00e9tenons et chaque prix que nous recevons refl\u00e8tent la confiance que nous accordent les donateurs, les partenaires, le gouvernement et le r\u00e9seau national...","og_url":"https:\/\/foodbankscanada.ca\/fr\/qui-sommes-nous\/certifications-et-distinctions\/","og_site_name":"Banques alimentaires Canada","article_modified_time":"2025-12-12T19:45:22+00:00","og_image":[{"url":"https:\/\/foodbankscanada.ca\/app\/uploads\/2025\/10\/Untitled-design-1.png","type":"","width":"","height":""}],"twitter_card":"summary_large_image","twitter_misc":{"Est. reading time":"1 minute"},"schema":{"@context":"https:\/\/schema.org","@graph":[{"@type":"WebPage","@id":"https:\/\/foodbankscanada.ca\/fr\/qui-sommes-nous\/certifications-et-distinctions\/","url":"https:\/\/foodbankscanada.ca\/fr\/qui-sommes-nous\/certifications-et-distinctions\/","name":"Certifications et distinctions - Banques alimentaires Canada","isPartOf":{"@id":"https:\/\/foodbankscanada.ca\/fr\/#website"},"primaryImageOfPage":{"@id":"https:\/\/foodbankscanada.ca\/fr\/qui-sommes-nous\/certifications-et-distinctions\/#primaryimage"},"image":{"@id":"https:\/\/foodbankscanada.ca\/fr\/qui-sommes-nous\/certifications-et-distinctions\/#primaryimage"},"thumbnailUrl":"https:\/\/foodbankscanada.ca\/app\/uploads\/2025\/10\/Untitled-design-1.png","datePublished":"2025-10-31T20:39:00+00:00","dateModified":"2025-12-12T19:45:22+00:00","breadcrumb":{"@id":"https:\/\/foodbankscanada.ca\/fr\/qui-sommes-nous\/certifications-et-distinctions\/#breadcrumb"},"inLanguage":"fr-CA","potentialAction":[{"@type":"ReadAction","target":["https:\/\/foodbankscanada.ca\/fr\/qui-sommes-nous\/certifications-et-distinctions\/"]}]},{"@type":"ImageObject","inLanguage":"fr-CA","@id":"https:\/\/foodbankscanada.ca\/fr\/qui-sommes-nous\/certifications-et-distinctions\/#primaryimage","url":"https:\/\/foodbankscanada.ca\/app\/uploads\/2025\/10\/Untitled-design-1.png","contentUrl":"https:\/\/foodbankscanada.ca\/app\/uploads\/2025\/10\/Untitled-design-1.png"},{"@type":"BreadcrumbList","@id":"https:\/\/foodbankscanada.ca\/fr\/qui-sommes-nous\/certifications-et-distinctions\/#breadcrumb","itemListElement":[{"@type":"ListItem","position":1,"name":"Accueil","item":"https:\/\/foodbankscanada.ca\/fr\/"},{"@type":"ListItem","position":2,"name":"Qui sommes-nous","item":"https:\/\/foodbankscanada.ca\/fr\/qui-sommes-nous\/"},{"@type":"ListItem","position":3,"name":"Certifications et distinctions"}]},{"@type":"WebSite","@id":"https:\/\/foodbankscanada.ca\/fr\/#website","url":"https:\/\/foodbankscanada.ca\/fr\/","name":"Banques alimentaires Canada","description":"","publisher":{"@id":"https:\/\/foodbankscanada.ca\/fr\/#organization"},"potentialAction":[{"@type":"SearchAction","target":{"@type":"EntryPoint","urlTemplate":"https:\/\/foodbankscanada.ca\/fr\/?s={search_term_string}"},"query-input":{"@type":"PropertyValueSpecification","valueRequired":true,"valueName":"search_term_string"}}],"inLanguage":"fr-CA"},{"@type":"Organization","@id":"https:\/\/foodbankscanada.ca\/fr\/#organization","name":"Food Banks Canada","url":"https:\/\/foodbankscanada.ca\/fr\/","logo":{"@type":"ImageObject","inLanguage":"fr-CA","@id":"https:\/\/foodbankscanada.ca\/fr\/#\/schema\/logo\/image\/","url":"https:\/\/fbcblobstorage.blob.core.windows.net\/wordpress\/2021\/11\/logo.png","contentUrl":"https:\/\/fbcblobstorage.blob.core.windows.net\/wordpress\/2021\/11\/logo.png","width":377,"height":89,"caption":"Food Banks Canada"},"image":{"@id":"https:\/\/foodbankscanada.ca\/fr\/#\/schema\/logo\/image\/"}}]}},"_links":{"self":[{"href":"https:\/\/foodbankscanada.ca\/fr\/wp-json\/wp\/v2\/pages\/46220","targetHints":{"allow":["GET"]}}],"collection":[{"href":"https:\/\/foodbankscanada.ca\/fr\/wp-json\/wp\/v2\/pages"}],"about":[{"href":"https:\/\/foodbankscanada.ca\/fr\/wp-json\/wp\/v2\/types\/page"}],"author":[{"embeddable":true,"href":"https:\/\/foodbankscanada.ca\/fr\/wp-json\/wp\/v2\/users\/36"}],"replies":[{"embeddable":true,"href":"https:\/\/foodbankscanada.ca\/fr\/wp-json\/wp\/v2\/comments?post=46220"}],"version-history":[{"count":9,"href":"https:\/\/foodbankscanada.ca\/fr\/wp-json\/wp\/v2\/pages\/46220\/revisions"}],"predecessor-version":[{"id":46640,"href":"https:\/\/foodbankscanada.ca\/fr\/wp-json\/wp\/v2\/pages\/46220\/revisions\/46640"}],"up":[{"embeddable":true,"href":"https:\/\/foodbankscanada.ca\/fr\/wp-json\/wp\/v2\/pages\/5227"}],"wp:attachment":[{"href":"https:\/\/foodbankscanada.ca\/fr\/wp-json\/wp\/v2\/media?parent=46220"}],"wp:term":[{"taxonomy":"category","embeddable":true,"href":"https:\/\/foodbankscanada.ca\/fr\/wp-json\/wp\/v2\/categories?post=46220"},{"taxonomy":"post_tag","embeddable":true,"href":"https:\/\/foodbankscanada.ca\/fr\/wp-json\/wp\/v2\/tags?post=46220"}],"curies":[{"name":"wp","href":"https:\/\/api.w.org\/{rel}","templated":true}]}}