{"id":45875,"date":"2025-10-10T09:20:11","date_gmt":"2025-10-10T13:20:11","guid":{"rendered":"https:\/\/foodbankscanada.ca\/?page_id=45875"},"modified":"2025-10-27T15:38:06","modified_gmt":"2025-10-27T19:38:06","slug":"give","status":"publish","type":"page","link":"https:\/\/foodbankscanada.ca\/fr\/give\/","title":{"rendered":"Give"},"content":{"rendered":"<section class=\" block block-image-text-button-list image-text-button-list  aligndefault\"\n         style=\"  background-color: rgba(254, 245, 221, 0); \">\n  <div class=\"container-lg px-0 d-flex flex-column flex-lg-row-reverse\">\n    \n    <div class=\"container-lg px-0 px-lg-2 col-12 col-lg-6\">\n      \n      <div class=\"slider-padding-div mb-4\">\n        <div\n          class=\"image-text-button-swiper swiper\"\n          style=\"--swiper-theme-color: #FFBE00; width: 100%;\"\n          data-autoscroll=\"false\"\n          data-delay=\"3000\"\n        >\n          <div class=\"swiper-wrapper\">\n                           \n                <div\n                  class=\"swiper-slide image-banner\"\n                  style=\"background-size: cover; background-position: center; background-repeat: no-repeat;\n                                        aspect-ratio: 1.7010101010101;\n                                              background-image: url('https:\/\/content.foodbankscanada.ca\/wordpress\/2025\/06\/Group-39734-4.png');\n                                                              width: 100%;\"\n                  role=\"img\"\n                  aria-label=\"\"\n                ><\/div>\n                                    <\/div>\n\n                  <\/div>\n      <\/div>\n\n      \n              <div class=\"d-none d-lg-block\">\n          \n        <\/div>\n          <\/div>\n\n    \n    <div class=\"container col-12 col-lg-6 text-break\">\n      <div class=\"breadcrumbs-section    \n   breadcrumbs_hidden \">\n  <p id=\"breadcrumbs\" class=\"\"><span><span><a href=\"https:\/\/foodbankscanada.ca\/fr\/\">Accueil<\/a><\/span><\/span><\/p><\/div>              <div class=\"mt-4\">\n          <h2>Pr\u00e8s de 2,2 millions de visites aux banques alimentaires en un seul mois.<\/h2>\n<h4>Aidez \u00e0 changer les choses. Montrez votre soutien aujourd\u2019hui.<\/h4>\n<p>Cette ann\u00e9e, elles ont enregistr\u00e9 presque 2,2\u202fmillions de visites en un seul mois. C\u2019est le double de l\u2019utilisation mensuelle enregistr\u00e9e il y a \u00e0 peine six\u202fans.<\/p>\n<p><strong>Cette ann\u00e9e, nous avons plus que jamais besoin de votre soutien.<\/strong><\/p>\n<p>Je vous invite \u00e0 vous mobiliser pour aider les banques alimentaires et les personnes qui comptent sur elles. Renouvelez votre soutien aujourd\u2019hui.<\/p>\n<div class=\"d-flex justify-content-left\"><\/div>\n\n        <\/div>\n      \n              <div class=\"mt-4 d-block d-lg-none\">\n          \n        <\/div>\n          <\/div>\n  <\/div>\n<\/section>\n\n<section class=\" block block-stat-tile-v2 stat-tile-v2 mt-4 mb-5 my-lg-6 py-5 aligndefault \n                 bg-color-light \" \n                style=\"\">\n  <div class=\"container\">\n          <div class=\"mb-3\">\n        <div class=\"d-flex flex-column flex-md-row align-items-start align-items-md-center\">\n<h2>Les m\u00e9nages ont atteint un point de rupture.<\/h2>\n<\/div>\n\n      <\/div>\n    \n    <div class=\"row row-cols-1\">\n               \n          <div class=\"col col-12 col-md-6 col-lg-4 mb-4\">\n            <div class=\" p-4  h-100 \n                         bg-color-red \">\n              \n                              <h2 class=\"text-secondary\">au canada, pr\u00e8s d&#8217;une personne sur quatre vit<\/h2>\n<p class=\"text-light\">maintentant dans un m\u00e9nage souffrant d&#8217;ins\u00e9curit\u00e9 alimentaire.<\/p>\n\n                          <\/div>\n          <\/div>\n         \n          <div class=\"col col-12 col-md-6 col-lg-4 mb-4\">\n            <div class=\" p-4  h-100 \n                         bg-color-red \">\n              \n                              <h2 class=\"text-secondary\">25 %<\/h2>\n<p class=\"text-light\">des m\u00e9nages qui ont recours aux banques alimentaires sont des familles \u00e0 deux parents.<\/p>\n\n                          <\/div>\n          <\/div>\n         \n          <div class=\"col col-12 col-md-6 col-lg-4 mb-4\">\n            <div class=\" p-4  h-100 \n                         bg-color-red \">\n              \n                              <h2 class=\"text-secondary\">19 %<\/h2>\n<p class=\"text-light\">des personnes qui recourent aux banques alimentaires ont un emploi, un sommet historique.<\/p>\n\n                          <\/div>\n          <\/div>\n                  <\/div>\n  <\/div>\n<\/section>\n\n\n      \n\n<section class=\" block block-stat-tile-v2 stat-tile-v2 mt-4 mb-5 my-lg-6 py-5 aligndefault \n                 bg-color-light \" \n                style=\"\">\n  <div class=\"container\">\n          <div class=\"mb-3\">\n        <h2>Les banques alimentaires craquent sous la pression.<\/h2>\n\n      <\/div>\n    \n    <div class=\"row row-cols-1\">\n               \n          <div class=\"col col-12 col-md-6 col-lg-4 mb-4\">\n            <div class=\" p-4  h-100 \n                         bg-color-red \">\n              \n                              <p class=\"text-light\">Food bank visits have<\/p>\n<h2 class=\"text-secondary\">doubled<\/h2>\n<p class=\"text-light\">in six years.<\/p>\n\n                          <\/div>\n          <\/div>\n         \n          <div class=\"col col-12 col-md-6 col-lg-4 mb-4\">\n            <div class=\" p-4  h-100 \n                         bg-color-red \">\n              \n                              <h2 class=\"text-secondary\">Pr\u00e8s de 23 %<\/h2>\n<p class=\"text-light\">des banques alimentaires ont manqu\u00e9 de nourriture avant que la demande ne soit satisfaite dans les 12 derniers mois.<\/p>\n\n                          <\/div>\n          <\/div>\n         \n          <div class=\"col col-12 col-md-6 col-lg-4 mb-4\">\n            <div class=\" p-4  h-100 \n                         bg-color-red \">\n              \n                              <h2 class=\"text-secondary\">Pr\u00e8s de 2,2 millions<\/h2>\n<p class=\"text-light\">de visites aux banques alimentaires en un seul mois.<\/p>\n\n                          <\/div>\n          <\/div>\n                  <\/div>\n  <\/div>\n<\/section>\n\n\n      \n\n\n<div class=\"wp-block-group bg-color-beige is-layout-constrained wp-block-group-is-layout-constrained\"><section class=\" block block-image-text-button image-text-button py-5 my-5 alignfull\"\n         style=\"\n                  background-color: #fef5dd; \">\n    <div class=\"container\">\n        <div class=\"d-flex flex-column flex-lg-row row gx-5\n                     \"\n             style=\"\">\n\n            \n            <div class=\"col-12 col-lg-6 mb-4 mb-lg-0\">\n                <div class=\"slider-padding-div\">\n                    <div\n                        class=\"image-text-button-swiper swiper\"\n                        style=\"--swiper-theme-color: #FFBE00; width: 100%;\"\n                        data-autoscroll=\"false\"\n                        data-delay=\"3000\"\n                    >\n                        <div class=\"swiper-wrapper\">\n                                                            <div\n                                    class=\"swiper-slide image-banner\"\n                                    style=\"background-size: cover; background-position: center; background-repeat: no-repeat; \n                                                                                    aspect-ratio: 1.2958333333333; \n                                             \n                                                background-image: url('https:\/\/content.foodbankscanada.ca\/wordpress\/2025\/05\/home_160-6.webp');\n                                                                                                                            width: 100%;\"\n                                    role=\"img\"\n                                    aria-label=\"\"\n                                ><\/div>\n                                                    <\/div>\n                                            <\/div>\n                <\/div>\n            <\/div>\n\n            \n            <div class=\"image-text-button-block-body col-12 col-lg-6 mt-lg-4 mt-xl-5 pt-xl-2\"><h3>Les banques alimentaires sont notre derni\u00e8re ligne de d\u00e9fense contre la faim. Elles ne peuvent pas exister sans vous. <\/h3>\n<h4>Offrez-leur votre soutien.<\/h4>\n<p><em>\u00ab Il y a cinq ans, nous avons servi 45 m\u00e9nages. Cette ann\u00e9e, c\u2019\u00e9tait pr\u00e8s de 500. C\u2019est inqui\u00e9tant. \u00bb<\/em><\/p>\n<p>~ Bob Mandel, Avenue Road Food Bank, Toronto (Ontario)<\/p>\n<div class=\"d-flex justify-content-left\"><a href=\"#XXSDZECM\" style=\"display: none\"><\/a><\/div>\n<\/div>\n        <\/div>\n    <\/div>\n<\/section><\/div>\n\n\n<section class=\" block block-stat-tile-v2 stat-tile-v2 mt-4 mb-5 my-lg-6 py-5 aligndefault \n                 bg-color-light \" \n                style=\"\">\n  <div class=\"container\">\n          <div class=\"mb-3\">\n        <h2>Un enfant ou un a\u00een\u00e9 a faim? Vous pouvez changer les choses.<\/h2>\n<p>Votre aide aura rapidement une incidence pour soulager les banques alimentaires et les familles aujourd\u2019hui et b\u00e2tir un avenir o\u00f9 la s\u00e9curit\u00e9 alimentaire est assur\u00e9e pour tous.<\/p>\n\n      <\/div>\n    \n    <div class=\"row row-cols-1\">\n               \n          <div class=\"col col-12 col-md-6 col-lg-4 mb-4\">\n            <div class=\" p-4  h-100 \n                         bg-color-red \">\n              \n                              <h2 class=\"text-secondary\">Offrir des dernr\u00e9es nutritives aux familles<\/h2>\n<p class=\"text-light\">Votre soutien aide \u00e0 s&#8217;approvisionner en denr\u00e9es nutritives au meilleur prix possible et \u00e0 les acheminer rapidement aux banques alimentaires partenaires partout au pays. L&#8217;objectif est de remplir leurs tablettes pour r\u00e9podre \u00e0 la demande qui monte en fl\u00e8che.<\/p>\n\n                          <\/div>\n          <\/div>\n         \n          <div class=\"col col-12 col-md-6 col-lg-4 mb-4\">\n            <div class=\" p-4  h-100 \n                         bg-color-red \">\n              \n                              <h2 class=\"text-secondary\">Aider les banques alimentaires \u00e0 repondre aux besoins grandissants<\/h2>\n<p class=\"text-light\">Votre don fournit aux banques alimentaires les outils dont elles ont besoin pour r\u00e9pondre aux besoins grandissants, qu&#8217;il s&#8217;agisse de cong\u00e9lateurs, de camions r\u00e9frig\u00e9r\u00e9s ou d&#8217;entrep\u00f4ts plus grands, afin qu&#8217;elles pussent mieux servir leur communaut\u00e9.<\/p>\n\n                          <\/div>\n          <\/div>\n         \n          <div class=\"col col-12 col-md-6 col-lg-4 mb-4\">\n            <div class=\" p-4  h-100 \n                         bg-color-red \">\n              \n                              <h2 class=\"text-secondary\">Aidez-nous \u00e0 surmontre les causes profondes de la faim<\/h2>\n<p class=\"text-light\">Votre soutien aide \u00e0 apporter des changements r\u00e9els et durables et \u00e0 plaider pour des politiques \u00e0 long terme visant \u00e0 surmonter les causes profondes de la faim.<\/p>\n\n                          <\/div>\n          <\/div>\n                  <\/div>\n  <\/div>\n<\/section>\n\n\n      \n\n\n<div class=\"wp-block-group bg-color-beige is-layout-constrained wp-block-group-is-layout-constrained\"><section class=\" block block-image-text-button image-text-button py-5 my-5 alignfull\"\n         style=\"\n                  background-color: #fef5dd; \">\n    <div class=\"container\">\n        <div class=\"d-flex flex-column flex-lg-row row gx-5\n                     \"\n             style=\"\">\n\n            \n            <div class=\"col-12 col-lg-6 mb-4 mb-lg-0\">\n                <div class=\"slider-padding-div\">\n                    <div\n                        class=\"image-text-button-swiper swiper\"\n                        style=\"--swiper-theme-color: #FFBE00; width: 100%;\"\n                        data-autoscroll=\"false\"\n                        data-delay=\"3000\"\n                    >\n                        <div class=\"swiper-wrapper\">\n                                                            <div\n                                    class=\"swiper-slide image-banner\"\n                                    style=\"background-size: cover; background-position: center; background-repeat: no-repeat; \n                                                                                    aspect-ratio: 1.2958333333333; \n                                             \n                                                background-image: url('https:\/\/content.foodbankscanada.ca\/wordpress\/2025\/05\/image-159-11.png');\n                                                                                                                            width: 100%;\"\n                                    role=\"img\"\n                                    aria-label=\"\"\n                                ><\/div>\n                                                    <\/div>\n                                            <\/div>\n                <\/div>\n            <\/div>\n\n            \n            <div class=\"image-text-button-block-body col-12 col-lg-6 mt-lg-4 mt-xl-5 pt-xl-2\"><h2>Aidez les enfants, les a\u00een\u00e9s, les personnes et les familles qui souffrent de la faim pendant la crise.<\/h2>\n<div class=\"d-flex justify-content-left\"><a href=\"#XXSDZECM\" style=\"display: none\"><\/a><\/div>\n<\/div>\n        <\/div>\n    <\/div>\n<\/section><\/div>\n\n\n\n<div style=\"height:60px\" aria-hidden=\"true\" class=\"wp-block-spacer\"><\/div>\n\n\n\n<div class=\"wp-block-group is-layout-constrained wp-block-group-is-layout-constrained\">\n<h2 class=\"wp-block-heading\" id=\"h-pourquoi-banques-alimentaires-canada\"><strong>Pourquoi banques alimentaires canada?<\/strong><\/h2>\n\n\n\n<p>Banques alimentaires Canada est le chef de file de la lutte contre l\u2019ins\u00e9curit\u00e9 alimentaire au Canada. Notre mission est de faire preuve de leadership \u00e0 l\u2019\u00e9chelle nationale pour soulager la faim aujourd\u2019hui et pr\u00e9venir la faim demain, en collaboration avec le r\u00e9seau des banques alimentaires partout au pays. Depuis plus de 40 ans, les banques alimentaires aident les gens en situation d\u2019ins\u00e9curit\u00e9 alimentaire au Canada. Selon les donn\u00e9es du Bilan\u2011Faim, plus de 5 500 banques alimentaires et organismes communautaires unissent leurs forces pour servir les personnes les plus vuln\u00e9rables. Cette ann\u00e9e, elles ont re\u00e7u pr\u00e8s de 2,2 millions de visites par mois. Depuis 2010, Banques alimentaires Canada a vers\u00e9 plus de 1 milliard de dollars en aide alimentaire et plus de 275 millions de dollars en financement pour aider \u00e0 maximiser les retomb\u00e9es collectives et \u00e0 renforcer la capacit\u00e9 locale. En s\u2019appuyant sur des recherches de pointe, Banques alimentaires Canada pr\u00e9conise des mesures concr\u00e8tes aux gouvernements pour lutter contre la faim et ses causes profondes. Notre vision est claire : cr\u00e9er un Canada o\u00f9 personne ne souffre de la faim.<\/p>\n\n\n\n<p><a href=\"https:\/\/foodbankscanada.ca\/fr\/ressources\/rapports-annuels\/\">Apprenez-en davantage sur Banques alimentaires Canada dans notre rapport annuel&nbsp;2025.<\/a><\/p>\n<\/div>\n\n\n\n<div style=\"height:60px\" aria-hidden=\"true\" class=\"wp-block-spacer\"><\/div>\n\n\n\n<div class=\"wp-block-group container is-layout-constrained wp-block-group-is-layout-constrained\">\n<p>[I]&nbsp;<a href=\"https:\/\/www150.statcan.gc.ca\/n1\/daily-quotidien\/240426\/dq240426a-fra.htm\" target=\"_blank\" rel=\"noreferrer noopener\">Statistique Canada, Enqu\u00eate canadienne sur le revenu, 2022&nbsp;<\/a><\/p>\n\n\n\n<p>[II]&nbsp;<a href=\"https:\/\/www150.statcan.gc.ca\/n1\/daily-quotidien\/240815\/dq240815b-fra.htm\" target=\"_blank\" rel=\"noreferrer noopener\">Statistique Canada. (18&nbsp;ao\u00fbt&nbsp;2024). Pr\u00e8s de la moiti\u00e9 des Canadiennes et Canadiens d\u00e9clarent que la hausse des prix a une grande incidence sur leur capacit\u00e9 d\u2019assumer leurs d\u00e9penses quotidiennes.<br>Le Quotidien.&nbsp;<\/a><\/p>\n\n\n\n<p>[III]&nbsp;<a href=\"https:\/\/content.foodbankscanada.ca\/wordpress\/2024\/10\/hungercount-2024-fr.pdf\" target=\"_blank\" rel=\"noreferrer noopener\">Banques alimentaires Canada, Bilan-Faim&nbsp;2024 (p.&nbsp;12).&nbsp;<\/a><\/p>\n\n\n\n<p>[IV]&nbsp;<a href=\"https:\/\/www150.statcan.gc.ca\/n1\/daily-quotidien\/240426\/dq240426a-fra.htm\" target=\"_blank\" rel=\"noreferrer noopener\">Banques alimentaires Canada, Bilan-Faim&nbsp;2024 (p.&nbsp;10).&nbsp;<\/a><\/p>\n\n\n\n<p><a href=\"https:\/\/content.foodbankscanada.ca\/wordpress\/2024\/06\/FBC-AR-2024-FR.pdf\">Apprenez-en davantage sur Banques alimentaires Canada dans notre rapport annuel&nbsp;2024.<\/a><\/p>\n\n\n\n<p>[V]&nbsp;<a href=\"https:\/\/content.foodbankscanada.ca\/wordpress\/2024\/10\/hungercount-2024-fr.pdf\" target=\"_blank\" rel=\"noreferrer noopener\">Banques alimentaires Canada, Bilan-Faim&nbsp;2024 (p.&nbsp;6).&nbsp;<\/a><\/p>\n\n\n\n<p>[VI]&nbsp;<a href=\"https:\/\/content.foodbankscanada.ca\/wordpress\/2024\/10\/hungercount-2024-fr.pdf\" target=\"_blank\" rel=\"noreferrer noopener\">Banques alimentaires Canada, Bilan-Faim&nbsp;2024 (p.&nbsp;6).&nbsp;<\/a><\/p>\n\n\n\n<p><\/p>\n\n\n\n<p><\/p>\n<\/div>\n","protected":false},"excerpt":{"rendered":"<p>Pourquoi banques alimentaires canada? Banques alimentaires Canada est le chef de file de la lutte contre l\u2019ins\u00e9curit\u00e9 alimentaire au Canada. Notre mission est de faire preuve de leadership \u00e0 l\u2019\u00e9chelle nationale pour soulager la faim aujourd\u2019hui et pr\u00e9venir la faim demain, en collaboration avec le r\u00e9seau des banques alimentaires partout au pays. Depuis plus de&#8230;<\/p>\n","protected":false},"author":36,"featured_media":0,"parent":0,"menu_order":4,"comment_status":"closed","ping_status":"closed","template":"","meta":{"_acf_changed":false,"footnotes":""},"categories":[],"tags":[],"class_list":["post-45875","page","type-page","status-publish","hentry"],"acf":[],"yoast_head":"<!-- This site is optimized with the Yoast SEO Premium plugin v26.9 (Yoast SEO v26.9) - https:\/\/yoast.com\/product\/yoast-seo-premium-wordpress\/ -->\n<title>Give - Banques alimentaires Canada<\/title>\n<meta name=\"robots\" content=\"index, follow, max-snippet:-1, max-image-preview:large, max-video-preview:-1\" \/>\n<link rel=\"canonical\" href=\"https:\/\/foodbankscanada.ca\/fr\/give\/\" \/>\n<meta property=\"og:locale\" content=\"fr_CA\" \/>\n<meta property=\"og:type\" content=\"article\" \/>\n<meta property=\"og:title\" content=\"Give\" \/>\n<meta property=\"og:description\" content=\"Pourquoi banques alimentaires canada? Banques alimentaires Canada est le chef de file de la lutte contre l\u2019ins\u00e9curit\u00e9 alimentaire au Canada. Notre mission est de faire preuve de leadership \u00e0 l\u2019\u00e9chelle nationale pour soulager la faim aujourd\u2019hui et pr\u00e9venir la faim demain, en collaboration avec le r\u00e9seau des banques alimentaires partout au pays. Depuis plus de...\" \/>\n<meta property=\"og:url\" content=\"https:\/\/foodbankscanada.ca\/fr\/give\/\" \/>\n<meta property=\"og:site_name\" content=\"Banques alimentaires Canada\" \/>\n<meta property=\"article:modified_time\" content=\"2025-10-27T19:38:06+00:00\" \/>\n<meta name=\"twitter:card\" content=\"summary_large_image\" \/>\n<meta name=\"twitter:label1\" content=\"Est. reading time\" \/>\n\t<meta name=\"twitter:data1\" content=\"2 minutes\" \/>\n<script type=\"application\/ld+json\" class=\"yoast-schema-graph\">{\"@context\":\"https:\/\/schema.org\",\"@graph\":[{\"@type\":\"WebPage\",\"@id\":\"https:\/\/foodbankscanada.ca\/fr\/give\/\",\"url\":\"https:\/\/foodbankscanada.ca\/fr\/give\/\",\"name\":\"Give - Banques alimentaires Canada\",\"isPartOf\":{\"@id\":\"https:\/\/foodbankscanada.ca\/fr\/#website\"},\"datePublished\":\"2025-10-10T13:20:11+00:00\",\"dateModified\":\"2025-10-27T19:38:06+00:00\",\"breadcrumb\":{\"@id\":\"https:\/\/foodbankscanada.ca\/fr\/give\/#breadcrumb\"},\"inLanguage\":\"fr-CA\",\"potentialAction\":[{\"@type\":\"ReadAction\",\"target\":[\"https:\/\/foodbankscanada.ca\/fr\/give\/\"]}]},{\"@type\":\"BreadcrumbList\",\"@id\":\"https:\/\/foodbankscanada.ca\/fr\/give\/#breadcrumb\",\"itemListElement\":[{\"@type\":\"ListItem\",\"position\":1,\"name\":\"Accueil\",\"item\":\"https:\/\/foodbankscanada.ca\/fr\/\"},{\"@type\":\"ListItem\",\"position\":2,\"name\":\"Give\"}]},{\"@type\":\"WebSite\",\"@id\":\"https:\/\/foodbankscanada.ca\/fr\/#website\",\"url\":\"https:\/\/foodbankscanada.ca\/fr\/\",\"name\":\"Banques alimentaires Canada\",\"description\":\"\",\"publisher\":{\"@id\":\"https:\/\/foodbankscanada.ca\/fr\/#organization\"},\"potentialAction\":[{\"@type\":\"SearchAction\",\"target\":{\"@type\":\"EntryPoint\",\"urlTemplate\":\"https:\/\/foodbankscanada.ca\/fr\/?s={search_term_string}\"},\"query-input\":{\"@type\":\"PropertyValueSpecification\",\"valueRequired\":true,\"valueName\":\"search_term_string\"}}],\"inLanguage\":\"fr-CA\"},{\"@type\":\"Organization\",\"@id\":\"https:\/\/foodbankscanada.ca\/fr\/#organization\",\"name\":\"Food Banks Canada\",\"url\":\"https:\/\/foodbankscanada.ca\/fr\/\",\"logo\":{\"@type\":\"ImageObject\",\"inLanguage\":\"fr-CA\",\"@id\":\"https:\/\/foodbankscanada.ca\/fr\/#\/schema\/logo\/image\/\",\"url\":\"https:\/\/fbcblobstorage.blob.core.windows.net\/wordpress\/2021\/11\/logo.png\",\"contentUrl\":\"https:\/\/fbcblobstorage.blob.core.windows.net\/wordpress\/2021\/11\/logo.png\",\"width\":377,\"height\":89,\"caption\":\"Food Banks Canada\"},\"image\":{\"@id\":\"https:\/\/foodbankscanada.ca\/fr\/#\/schema\/logo\/image\/\"}}]}<\/script>\n<!-- \/ Yoast SEO Premium plugin. -->","yoast_head_json":{"title":"Give - Banques alimentaires Canada","robots":{"index":"index","follow":"follow","max-snippet":"max-snippet:-1","max-image-preview":"max-image-preview:large","max-video-preview":"max-video-preview:-1"},"canonical":"https:\/\/foodbankscanada.ca\/fr\/give\/","og_locale":"fr_CA","og_type":"article","og_title":"Give","og_description":"Pourquoi banques alimentaires canada? Banques alimentaires Canada est le chef de file de la lutte contre l\u2019ins\u00e9curit\u00e9 alimentaire au Canada. Notre mission est de faire preuve de leadership \u00e0 l\u2019\u00e9chelle nationale pour soulager la faim aujourd\u2019hui et pr\u00e9venir la faim demain, en collaboration avec le r\u00e9seau des banques alimentaires partout au pays. Depuis plus de...","og_url":"https:\/\/foodbankscanada.ca\/fr\/give\/","og_site_name":"Banques alimentaires Canada","article_modified_time":"2025-10-27T19:38:06+00:00","twitter_card":"summary_large_image","twitter_misc":{"Est. reading time":"2 minutes"},"schema":{"@context":"https:\/\/schema.org","@graph":[{"@type":"WebPage","@id":"https:\/\/foodbankscanada.ca\/fr\/give\/","url":"https:\/\/foodbankscanada.ca\/fr\/give\/","name":"Give - Banques alimentaires Canada","isPartOf":{"@id":"https:\/\/foodbankscanada.ca\/fr\/#website"},"datePublished":"2025-10-10T13:20:11+00:00","dateModified":"2025-10-27T19:38:06+00:00","breadcrumb":{"@id":"https:\/\/foodbankscanada.ca\/fr\/give\/#breadcrumb"},"inLanguage":"fr-CA","potentialAction":[{"@type":"ReadAction","target":["https:\/\/foodbankscanada.ca\/fr\/give\/"]}]},{"@type":"BreadcrumbList","@id":"https:\/\/foodbankscanada.ca\/fr\/give\/#breadcrumb","itemListElement":[{"@type":"ListItem","position":1,"name":"Accueil","item":"https:\/\/foodbankscanada.ca\/fr\/"},{"@type":"ListItem","position":2,"name":"Give"}]},{"@type":"WebSite","@id":"https:\/\/foodbankscanada.ca\/fr\/#website","url":"https:\/\/foodbankscanada.ca\/fr\/","name":"Banques alimentaires Canada","description":"","publisher":{"@id":"https:\/\/foodbankscanada.ca\/fr\/#organization"},"potentialAction":[{"@type":"SearchAction","target":{"@type":"EntryPoint","urlTemplate":"https:\/\/foodbankscanada.ca\/fr\/?s={search_term_string}"},"query-input":{"@type":"PropertyValueSpecification","valueRequired":true,"valueName":"search_term_string"}}],"inLanguage":"fr-CA"},{"@type":"Organization","@id":"https:\/\/foodbankscanada.ca\/fr\/#organization","name":"Food Banks Canada","url":"https:\/\/foodbankscanada.ca\/fr\/","logo":{"@type":"ImageObject","inLanguage":"fr-CA","@id":"https:\/\/foodbankscanada.ca\/fr\/#\/schema\/logo\/image\/","url":"https:\/\/fbcblobstorage.blob.core.windows.net\/wordpress\/2021\/11\/logo.png","contentUrl":"https:\/\/fbcblobstorage.blob.core.windows.net\/wordpress\/2021\/11\/logo.png","width":377,"height":89,"caption":"Food Banks Canada"},"image":{"@id":"https:\/\/foodbankscanada.ca\/fr\/#\/schema\/logo\/image\/"}}]}},"_links":{"self":[{"href":"https:\/\/foodbankscanada.ca\/fr\/wp-json\/wp\/v2\/pages\/45875","targetHints":{"allow":["GET"]}}],"collection":[{"href":"https:\/\/foodbankscanada.ca\/fr\/wp-json\/wp\/v2\/pages"}],"about":[{"href":"https:\/\/foodbankscanada.ca\/fr\/wp-json\/wp\/v2\/types\/page"}],"author":[{"embeddable":true,"href":"https:\/\/foodbankscanada.ca\/fr\/wp-json\/wp\/v2\/users\/36"}],"replies":[{"embeddable":true,"href":"https:\/\/foodbankscanada.ca\/fr\/wp-json\/wp\/v2\/comments?post=45875"}],"version-history":[{"count":12,"href":"https:\/\/foodbankscanada.ca\/fr\/wp-json\/wp\/v2\/pages\/45875\/revisions"}],"predecessor-version":[{"id":46125,"href":"https:\/\/foodbankscanada.ca\/fr\/wp-json\/wp\/v2\/pages\/45875\/revisions\/46125"}],"wp:attachment":[{"href":"https:\/\/foodbankscanada.ca\/fr\/wp-json\/wp\/v2\/media?parent=45875"}],"wp:term":[{"taxonomy":"category","embeddable":true,"href":"https:\/\/foodbankscanada.ca\/fr\/wp-json\/wp\/v2\/categories?post=45875"},{"taxonomy":"post_tag","embeddable":true,"href":"https:\/\/foodbankscanada.ca\/fr\/wp-json\/wp\/v2\/tags?post=45875"}],"curies":[{"name":"wp","href":"https:\/\/api.w.org\/{rel}","templated":true}]}}