{"id":44964,"date":"2025-09-25T16:26:02","date_gmt":"2025-09-25T20:26:02","guid":{"rendered":"https:\/\/foodbankscanada.ca\/?page_id=44964"},"modified":"2025-09-29T14:04:20","modified_gmt":"2025-09-29T18:04:20","slug":"laissez-leur-flamme-grandir","status":"publish","type":"page","link":"https:\/\/foodbankscanada.ca\/fr\/laissez-leur-flamme-grandir\/","title":{"rendered":"LFG"},"content":{"rendered":"<section class=\" block block-hero-with-youtube hero-with-youtube  aligndefault\"\n         style=\"  background-color: rgba(254, 245, 221, 0); \">\n  <div class=\"container-lg px-0 d-flex flex-column flex-lg-row-reverse\">\n    \n    <div class=\"container-lg px-0 px-lg-2 col-12 col-lg-8\">\n      <div class=\"video-container mb-4\">\n        <iframe \r\n  src=\"https:\/\/www.youtube.com\/embed\/tqDOmaW4bOU?si=hT5rIlFQNLjGHbX-&#038;autoplay=1&#038;mute=1\" \r\n  title=\"YouTube video player\" \r\n  frameborder=\"0\" allow=\"accelerometer; autoplay; clipboard-write; encrypted-media; gyroscope; picture-in-picture; web-share\" referrerpolicy=\"strict-origin-when-cross-origin\" \r\n        allowfullscreen><\/iframe>\n      <\/div>\n      \n              <div class=\"d-none d-lg-block\">\n          \n        <\/div>\n          <\/div>\n\n    \n    <div class=\"container col-12 col-lg-4 text-break title-with-list\">\n      <div class=\"breadcrumbs-section    \n   breadcrumbs_normal \">\n  <p id=\"breadcrumbs\" class=\"\"><span><span><a href=\"https:\/\/foodbankscanada.ca\/fr\/\">Accueil<\/a><\/span><\/span><\/p><\/div>              <div class=\"mt-4\">\n          <p><!-- wp:heading --><\/p>\n<h2><strong>L\u2019excellence ne peut pas tourner \u00e0 vide.<\/strong><\/h2>\n<p><!-- \/wp:heading --> <!-- wp:paragraph --><\/p>\n<h4><strong>\u00c0 l\u2019heure actuelle, une personne sur quatre au Canada n\u2019a pas acc\u00e8s \u00e0 la nourriture dont elle a besoin pour exceller.<\/strong><\/h4>\n<p><!-- \/wp:paragraph --> <!-- wp:paragraph --><\/p>\n<p><strong>La faim nous freine.<\/strong> Les banques alimentaires offrent \u00e0 tous des possibilit\u00e9s, des occasions et la chance de s\u2019\u00e9panouir.<\/p>\n\n        <\/div>\n      \n              <div class=\"mt-4 d-block d-lg-none\">\n          \n        <\/div>\n          <\/div>\n  <\/div>\n<\/section>\n\n\n<div class=\"wp-block-group bg-color-beige is-layout-constrained wp-block-group-is-layout-constrained\"><section class=\" block block-stat-tile-v2 stat-tile-v2 mt-4 mb-5 my-lg-6 py-5 aligndefault \n                 bg-color-beige \" \n                style=\"\">\n  <div class=\"container\">\n          <div class=\"mb-3\">\n        <h2 class=\"wp-block-heading\"><strong>\u00c0 Banques alimentaires Canada, nous croyons que le potentiel est trop pr\u00e9cieux pour ne pas \u00eatre nourri.<\/strong><!-- wp:heading {\"level\":4} --><\/h2>\n<h4 class=\"wp-block-heading\">Joignez-vous \u00e0 nous dans un mouvement pour \u00e9liminer la faim pour de bon.<\/h4>\n<p><!-- \/wp:heading --><\/p>\n<h4>Laissez leur flamme grandir.<strong><br \/>\n<\/strong><\/h4>\n\n      <\/div>\n    \n    <div class=\"row row-cols-1\">\n               \n          <div class=\"col col-12 col-md-6 col-lg-4 mb-4\">\n            <div class=\" p-4  h-100 \n                         bg-color-red \">\n              \n                              <h2 class=\"text-secondary\"><strong>Faites un don.<\/strong><\/h2>\n<p>&nbsp;<\/p>\n<p>&nbsp;<\/p>\n<p>&nbsp;<\/p>\n<div class=\"wp-block-button\"><a class=\"wp-block-button__link wp-element-button\" href=\"https:\/\/foodbankscanada.ca\/fr\/comment-aider\/#donation\">Faites un don d\u00e8s maintenant.<\/a><\/div>\n\n                          <\/div>\n          <\/div>\n         \n          <div class=\"col col-12 col-md-6 col-lg-4 mb-4\">\n            <div class=\" p-4  h-100 \n                         bg-color-red \">\n              \n                              <h2 class=\"text-secondary\"><strong>Faites du b\u00e9n\u00e9volat.<\/strong><\/h2>\n<p>&nbsp;<\/p>\n<div class=\"wp-block-button\"><a class=\"wp-block-button__link wp-element-button\" href=\"https:\/\/foodbankscanada.ca\/fr\/trouver-une-banque-alimentaire\/\">Trouvez une banque alimentaire.<\/a><\/div>\n\n                          <\/div>\n          <\/div>\n         \n          <div class=\"col col-12 col-md-6 col-lg-4 mb-4\">\n            <div class=\" p-4  h-100 \n                         bg-color-red \">\n              \n                              <h2 class=\"text-secondary\"><strong>D\u00e9fendez les int\u00e9r\u00eats des Canadiens.<\/strong><\/h2>\n<div class=\"wp-block-button\"><a class=\"wp-block-button__link wp-element-button\" href=\"https:\/\/foodbankscanada.ca\/how-to-help\/advocate\/\">En savoir plus.<\/a><\/div>\n\n                          <\/div>\n          <\/div>\n                  <\/div>\n  <\/div>\n<\/section>\n\n\n      <\/div>\n\n\n\n<p><\/p>\n","protected":false},"excerpt":{"rendered":"","protected":false},"author":36,"featured_media":45759,"parent":0,"menu_order":3,"comment_status":"closed","ping_status":"closed","template":"full-width-page.blade.php","meta":{"_acf_changed":false,"footnotes":""},"categories":[],"tags":[],"class_list":["post-44964","page","type-page","status-publish","has-post-thumbnail","hentry"],"acf":[],"yoast_head":"<!-- This site is optimized with the Yoast SEO Premium plugin v26.2-RC1 (Yoast SEO v26.2-RC4) - https:\/\/yoast.com\/wordpress\/plugins\/seo\/ -->\n<title>LFG - Banques alimentaires Canada<\/title>\n<meta name=\"description\" content=\"\u00c0 Banques alimentaires Canada, nous croyons que le potentiel est trop pr\u00e9cieux pour ne pas \u00eatre nourri. Joignez-vous \u00e0 nous dans un mouvement pour \u00e9liminer la faim pour de bon. Laissez leur flamme grandir.\" \/>\n<meta name=\"robots\" content=\"index, follow, max-snippet:-1, max-image-preview:large, max-video-preview:-1\" \/>\n<link rel=\"canonical\" href=\"https:\/\/foodbankscanada.ca\/fr\/laissez-leur-flamme-grandir\/\" \/>\n<meta property=\"og:locale\" content=\"fr_CA\" \/>\n<meta property=\"og:type\" content=\"article\" \/>\n<meta property=\"og:title\" content=\"LFG\" \/>\n<meta property=\"og:description\" content=\"\u00c0 Banques alimentaires Canada, nous croyons que le potentiel est trop pr\u00e9cieux pour ne pas \u00eatre nourri. Joignez-vous \u00e0 nous dans un mouvement pour \u00e9liminer la faim pour de bon. Laissez leur flamme grandir.\" \/>\n<meta property=\"og:url\" content=\"https:\/\/foodbankscanada.ca\/fr\/laissez-leur-flamme-grandir\/\" \/>\n<meta property=\"og:site_name\" content=\"Banques alimentaires Canada\" \/>\n<meta property=\"article:modified_time\" content=\"2025-09-29T18:04:20+00:00\" \/>\n<meta property=\"og:image\" content=\"https:\/\/content.foodbankscanada.ca\/wordpress\/2025\/09\/STUDENT_final.jpg\" \/>\n\t<meta property=\"og:image:width\" content=\"1024\" \/>\n\t<meta property=\"og:image:height\" content=\"768\" \/>\n\t<meta property=\"og:image:type\" content=\"image\/jpeg\" \/>\n<meta name=\"twitter:card\" content=\"summary_large_image\" \/>\n<script type=\"application\/ld+json\" class=\"yoast-schema-graph\">{\"@context\":\"https:\/\/schema.org\",\"@graph\":[{\"@type\":\"WebPage\",\"@id\":\"https:\/\/foodbankscanada.ca\/fr\/laissez-leur-flamme-grandir\/\",\"url\":\"https:\/\/foodbankscanada.ca\/fr\/laissez-leur-flamme-grandir\/\",\"name\":\"LFG - Banques alimentaires Canada\",\"isPartOf\":{\"@id\":\"https:\/\/foodbankscanada.ca\/fr\/#website\"},\"primaryImageOfPage\":{\"@id\":\"https:\/\/foodbankscanada.ca\/fr\/laissez-leur-flamme-grandir\/#primaryimage\"},\"image\":{\"@id\":\"https:\/\/foodbankscanada.ca\/fr\/laissez-leur-flamme-grandir\/#primaryimage\"},\"thumbnailUrl\":\"https:\/\/content.foodbankscanada.ca\/wordpress\/2025\/09\/STUDENT_final.jpg\",\"datePublished\":\"2025-09-25T20:26:02+00:00\",\"dateModified\":\"2025-09-29T18:04:20+00:00\",\"description\":\"\u00c0 Banques alimentaires Canada, nous croyons que le potentiel est trop pr\u00e9cieux pour ne pas \u00eatre nourri. Joignez-vous \u00e0 nous dans un mouvement pour \u00e9liminer la faim pour de bon. Laissez leur flamme grandir.\",\"breadcrumb\":{\"@id\":\"https:\/\/foodbankscanada.ca\/fr\/laissez-leur-flamme-grandir\/#breadcrumb\"},\"inLanguage\":\"fr-CA\",\"potentialAction\":[{\"@type\":\"ReadAction\",\"target\":[\"https:\/\/foodbankscanada.ca\/fr\/laissez-leur-flamme-grandir\/\"]}]},{\"@type\":\"ImageObject\",\"inLanguage\":\"fr-CA\",\"@id\":\"https:\/\/foodbankscanada.ca\/fr\/laissez-leur-flamme-grandir\/#primaryimage\",\"url\":\"https:\/\/content.foodbankscanada.ca\/wordpress\/2025\/09\/STUDENT_final.jpg\",\"contentUrl\":\"https:\/\/content.foodbankscanada.ca\/wordpress\/2025\/09\/STUDENT_final.jpg\",\"width\":11648,\"height\":8736},{\"@type\":\"BreadcrumbList\",\"@id\":\"https:\/\/foodbankscanada.ca\/fr\/laissez-leur-flamme-grandir\/#breadcrumb\",\"itemListElement\":[{\"@type\":\"ListItem\",\"position\":1,\"name\":\"Accueil\",\"item\":\"https:\/\/foodbankscanada.ca\/fr\/\"},{\"@type\":\"ListItem\",\"position\":2,\"name\":\"LFG\"}]},{\"@type\":\"WebSite\",\"@id\":\"https:\/\/foodbankscanada.ca\/fr\/#website\",\"url\":\"https:\/\/foodbankscanada.ca\/fr\/\",\"name\":\"Banques alimentaires Canada\",\"description\":\"\",\"publisher\":{\"@id\":\"https:\/\/foodbankscanada.ca\/fr\/#organization\"},\"potentialAction\":[{\"@type\":\"SearchAction\",\"target\":{\"@type\":\"EntryPoint\",\"urlTemplate\":\"https:\/\/foodbankscanada.ca\/fr\/?s={search_term_string}\"},\"query-input\":{\"@type\":\"PropertyValueSpecification\",\"valueRequired\":true,\"valueName\":\"search_term_string\"}}],\"inLanguage\":\"fr-CA\"},{\"@type\":\"Organization\",\"@id\":\"https:\/\/foodbankscanada.ca\/fr\/#organization\",\"name\":\"Food Banks Canada\",\"url\":\"https:\/\/foodbankscanada.ca\/fr\/\",\"logo\":{\"@type\":\"ImageObject\",\"inLanguage\":\"fr-CA\",\"@id\":\"https:\/\/foodbankscanada.ca\/fr\/#\/schema\/logo\/image\/\",\"url\":\"https:\/\/fbcblobstorage.blob.core.windows.net\/wordpress\/2021\/11\/logo.png\",\"contentUrl\":\"https:\/\/fbcblobstorage.blob.core.windows.net\/wordpress\/2021\/11\/logo.png\",\"width\":377,\"height\":89,\"caption\":\"Food Banks Canada\"},\"image\":{\"@id\":\"https:\/\/foodbankscanada.ca\/fr\/#\/schema\/logo\/image\/\"}}]}<\/script>\n<!-- \/ Yoast SEO Premium plugin. -->","yoast_head_json":{"title":"LFG - Banques alimentaires Canada","description":"\u00c0 Banques alimentaires Canada, nous croyons que le potentiel est trop pr\u00e9cieux pour ne pas \u00eatre nourri. Joignez-vous \u00e0 nous dans un mouvement pour \u00e9liminer la faim pour de bon. Laissez leur flamme grandir.","robots":{"index":"index","follow":"follow","max-snippet":"max-snippet:-1","max-image-preview":"max-image-preview:large","max-video-preview":"max-video-preview:-1"},"canonical":"https:\/\/foodbankscanada.ca\/fr\/laissez-leur-flamme-grandir\/","og_locale":"fr_CA","og_type":"article","og_title":"LFG","og_description":"\u00c0 Banques alimentaires Canada, nous croyons que le potentiel est trop pr\u00e9cieux pour ne pas \u00eatre nourri. Joignez-vous \u00e0 nous dans un mouvement pour \u00e9liminer la faim pour de bon. Laissez leur flamme grandir.","og_url":"https:\/\/foodbankscanada.ca\/fr\/laissez-leur-flamme-grandir\/","og_site_name":"Banques alimentaires Canada","article_modified_time":"2025-09-29T18:04:20+00:00","og_image":[{"url":"https:\/\/content.foodbankscanada.ca\/wordpress\/2025\/09\/STUDENT_final.jpg","width":1024,"height":768,"type":"image\/jpeg"}],"twitter_card":"summary_large_image","schema":{"@context":"https:\/\/schema.org","@graph":[{"@type":"WebPage","@id":"https:\/\/foodbankscanada.ca\/fr\/laissez-leur-flamme-grandir\/","url":"https:\/\/foodbankscanada.ca\/fr\/laissez-leur-flamme-grandir\/","name":"LFG - Banques alimentaires Canada","isPartOf":{"@id":"https:\/\/foodbankscanada.ca\/fr\/#website"},"primaryImageOfPage":{"@id":"https:\/\/foodbankscanada.ca\/fr\/laissez-leur-flamme-grandir\/#primaryimage"},"image":{"@id":"https:\/\/foodbankscanada.ca\/fr\/laissez-leur-flamme-grandir\/#primaryimage"},"thumbnailUrl":"https:\/\/content.foodbankscanada.ca\/wordpress\/2025\/09\/STUDENT_final.jpg","datePublished":"2025-09-25T20:26:02+00:00","dateModified":"2025-09-29T18:04:20+00:00","description":"\u00c0 Banques alimentaires Canada, nous croyons que le potentiel est trop pr\u00e9cieux pour ne pas \u00eatre nourri. Joignez-vous \u00e0 nous dans un mouvement pour \u00e9liminer la faim pour de bon. Laissez leur flamme grandir.","breadcrumb":{"@id":"https:\/\/foodbankscanada.ca\/fr\/laissez-leur-flamme-grandir\/#breadcrumb"},"inLanguage":"fr-CA","potentialAction":[{"@type":"ReadAction","target":["https:\/\/foodbankscanada.ca\/fr\/laissez-leur-flamme-grandir\/"]}]},{"@type":"ImageObject","inLanguage":"fr-CA","@id":"https:\/\/foodbankscanada.ca\/fr\/laissez-leur-flamme-grandir\/#primaryimage","url":"https:\/\/content.foodbankscanada.ca\/wordpress\/2025\/09\/STUDENT_final.jpg","contentUrl":"https:\/\/content.foodbankscanada.ca\/wordpress\/2025\/09\/STUDENT_final.jpg","width":11648,"height":8736},{"@type":"BreadcrumbList","@id":"https:\/\/foodbankscanada.ca\/fr\/laissez-leur-flamme-grandir\/#breadcrumb","itemListElement":[{"@type":"ListItem","position":1,"name":"Accueil","item":"https:\/\/foodbankscanada.ca\/fr\/"},{"@type":"ListItem","position":2,"name":"LFG"}]},{"@type":"WebSite","@id":"https:\/\/foodbankscanada.ca\/fr\/#website","url":"https:\/\/foodbankscanada.ca\/fr\/","name":"Banques alimentaires Canada","description":"","publisher":{"@id":"https:\/\/foodbankscanada.ca\/fr\/#organization"},"potentialAction":[{"@type":"SearchAction","target":{"@type":"EntryPoint","urlTemplate":"https:\/\/foodbankscanada.ca\/fr\/?s={search_term_string}"},"query-input":{"@type":"PropertyValueSpecification","valueRequired":true,"valueName":"search_term_string"}}],"inLanguage":"fr-CA"},{"@type":"Organization","@id":"https:\/\/foodbankscanada.ca\/fr\/#organization","name":"Food Banks Canada","url":"https:\/\/foodbankscanada.ca\/fr\/","logo":{"@type":"ImageObject","inLanguage":"fr-CA","@id":"https:\/\/foodbankscanada.ca\/fr\/#\/schema\/logo\/image\/","url":"https:\/\/fbcblobstorage.blob.core.windows.net\/wordpress\/2021\/11\/logo.png","contentUrl":"https:\/\/fbcblobstorage.blob.core.windows.net\/wordpress\/2021\/11\/logo.png","width":377,"height":89,"caption":"Food Banks Canada"},"image":{"@id":"https:\/\/foodbankscanada.ca\/fr\/#\/schema\/logo\/image\/"}}]}},"_links":{"self":[{"href":"https:\/\/foodbankscanada.ca\/fr\/wp-json\/wp\/v2\/pages\/44964","targetHints":{"allow":["GET"]}}],"collection":[{"href":"https:\/\/foodbankscanada.ca\/fr\/wp-json\/wp\/v2\/pages"}],"about":[{"href":"https:\/\/foodbankscanada.ca\/fr\/wp-json\/wp\/v2\/types\/page"}],"author":[{"embeddable":true,"href":"https:\/\/foodbankscanada.ca\/fr\/wp-json\/wp\/v2\/users\/36"}],"replies":[{"embeddable":true,"href":"https:\/\/foodbankscanada.ca\/fr\/wp-json\/wp\/v2\/comments?post=44964"}],"version-history":[{"count":17,"href":"https:\/\/foodbankscanada.ca\/fr\/wp-json\/wp\/v2\/pages\/44964\/revisions"}],"predecessor-version":[{"id":45776,"href":"https:\/\/foodbankscanada.ca\/fr\/wp-json\/wp\/v2\/pages\/44964\/revisions\/45776"}],"wp:featuredmedia":[{"embeddable":true,"href":"https:\/\/foodbankscanada.ca\/fr\/wp-json\/wp\/v2\/media\/45759"}],"wp:attachment":[{"href":"https:\/\/foodbankscanada.ca\/fr\/wp-json\/wp\/v2\/media?parent=44964"}],"wp:term":[{"taxonomy":"category","embeddable":true,"href":"https:\/\/foodbankscanada.ca\/fr\/wp-json\/wp\/v2\/categories?post=44964"},{"taxonomy":"post_tag","embeddable":true,"href":"https:\/\/foodbankscanada.ca\/fr\/wp-json\/wp\/v2\/tags?post=44964"}],"curies":[{"name":"wp","href":"https:\/\/api.w.org\/{rel}","templated":true}]}}