{"id":44338,"date":"2025-07-21T09:20:25","date_gmt":"2025-07-21T13:20:25","guid":{"rendered":"https:\/\/foodbankscanada.ca\/?page_id=44338"},"modified":"2025-07-21T11:26:06","modified_gmt":"2025-07-21T15:26:06","slug":"prix-des-partenaires-2024","status":"publish","type":"page","link":"https:\/\/foodbankscanada.ca\/fr\/comment-aider\/reconnaissance-des-partenaires\/prix-des-partenaires-2024\/","title":{"rendered":"Prix des partenaires\u00a02024"},"content":{"rendered":"<section class=\" block block-section-basic section-basic  alignfull\" style=\"\">\n    <div class=\"container\" >            \n        <div class=\"row\">\n            <div class=\"col-12\">\n                \n\n<h2 class=\"wp-block-heading\" id=\"h-prix-des-partenaires-2024\">Prix des partenaires\u00a02024<\/h2>\n\n\n\n<p>Les prix annuels des partenaires de Banques alimentaires Canada soulignent les meilleurs partenariats en mati\u00e8re de produits, de services en nature et de financement qui contribuent \u00e0 notre mission de soulager la faim aujourd\u2019hui et de pr\u00e9venir la faim demain.<\/p>\n\n\n            <\/div>\n        <\/div>\n    <\/div>\n<\/section>\n\n\n<hr class=\"wp-block-separator has-alpha-channel-opacity is-style-default\"\/>\n\n\n\n<div class=\"wp-block-columns is-layout-flex wp-container-core-columns-is-layout-9d6595d7 wp-block-columns-is-layout-flex\">\n<div class=\"wp-block-column is-layout-flow wp-block-column-is-layout-flow\" style=\"flex-basis:33.33%\">\n<figure class=\"wp-block-gallery has-nested-images columns-default is-cropped wp-block-gallery-1 is-layout-flex wp-block-gallery-is-layout-flex\">\n<figure class=\"wp-block-image aligncenter size-large\"><img loading=\"lazy\" decoding=\"async\" width=\"1024\" height=\"173\" data-id=\"13333\" src=\"https:\/\/content.foodbankscanada.ca\/wordpress\/2022\/04\/logo-kraft-heinz-2-1024x173.webp\" alt=\"\" class=\"wp-image-13333\" srcset=\"https:\/\/content.foodbankscanada.ca\/wordpress\/2022\/04\/logo-kraft-heinz-2-1024x173.webp 1024w, https:\/\/content.foodbankscanada.ca\/wordpress\/2022\/04\/logo-kraft-heinz-2-300x51.webp 300w, https:\/\/content.foodbankscanada.ca\/wordpress\/2022\/04\/logo-kraft-heinz-2-768x130.webp 768w, https:\/\/content.foodbankscanada.ca\/wordpress\/2022\/04\/logo-kraft-heinz-2-1536x260.webp 1536w, https:\/\/content.foodbankscanada.ca\/wordpress\/2022\/04\/logo-kraft-heinz-2-2048x347.webp 2048w\" sizes=\"auto, (max-width: 1024px) 100vw, 1024px\" \/><\/figure>\n<\/figure>\n<\/div>\n\n\n\n<div class=\"wp-block-column is-layout-flow wp-block-column-is-layout-flow\" style=\"flex-basis:66.66%\">\n<h2 class=\"wp-block-heading\" id=\"h-kraft-heinz\">Kraft Heinz<\/h2>\n\n\n\n<h3 class=\"wp-block-heading\" id=\"h-partenaire-de-l-annee-produits\">Partenaire de l\u2019ann\u00e9e \u2013 Produits<\/h3>\n\n\n\n<p>Kraft\u202fHeinz\u202fCanada fait don chaque ann\u00e9e de plus de 900\u202f000\u202fkilogrammes d\u2019aliments nutritifs au r\u00e9seau de banques alimentaires, qui sont livr\u00e9s \u00e0 intervalles r\u00e9guliers tout au long de l\u2019ann\u00e9e. Les banques alimentaires peuvent ainsi compter sur un apport constant d\u2019aliments nutritifs adapt\u00e9s pour servir les membres de leur communaut\u00e9 dans le besoin.<\/p>\n<\/div>\n<\/div>\n\n\n\n<hr class=\"wp-block-separator has-alpha-channel-opacity\"\/>\n\n\n\n<div class=\"wp-block-columns is-layout-flex wp-container-core-columns-is-layout-9d6595d7 wp-block-columns-is-layout-flex\">\n<div class=\"wp-block-column is-layout-flow wp-block-column-is-layout-flow\" style=\"flex-basis:66.66%\">\n<h2 class=\"wp-block-heading\" id=\"h-lineage-logistics\">Lineage Logistics<\/h2>\n\n\n\n<h3 class=\"wp-block-heading\" id=\"h-partenaire-de-l-annee-services-en-nature\">Partenaire de l\u2019ann\u00e9e \u2013 Services en nature<\/h3>\n\n\n\n<p>Lineage Logistics joue un r\u00f4le essentiel dans la cha\u00eene d\u2019approvisionnement alimentaire en fournissant des solutions de logistique et d\u2019entreposage \u00e0 temp\u00e9rature contr\u00f4l\u00e9e. Dans le cadre de sa lutte contre l\u2019ins\u00e9curit\u00e9 alimentaire, Lineage Logistics s\u2019est associ\u00e9e \u00e0 Banques alimentaires Canada en offrant l\u2019entreposage dont nous avons besoin pour pr\u00e9server et assurer la salubrit\u00e9 des aliments avant qu\u2019ils ne soient achemin\u00e9s aux personnes qui en ont le plus besoin. En collaboration avec ses partenaires alimentaires, l\u2019organisme contribue encore davantage en donnant des surplus de nourriture.<\/p>\n<\/div>\n\n\n\n<div class=\"wp-block-column is-layout-flow wp-block-column-is-layout-flow\" style=\"flex-basis:33.33%\">\n<figure class=\"wp-block-image size-full\"><img loading=\"lazy\" decoding=\"async\" width=\"650\" height=\"350\" src=\"https:\/\/content.foodbankscanada.ca\/wordpress\/2025\/06\/Lineage_logo.png\" alt=\"\" class=\"wp-image-42745\" srcset=\"https:\/\/content.foodbankscanada.ca\/wordpress\/2025\/06\/Lineage_logo.png 650w, https:\/\/content.foodbankscanada.ca\/wordpress\/2025\/06\/Lineage_logo-300x162.png 300w\" sizes=\"auto, (max-width: 650px) 100vw, 650px\" \/><\/figure>\n<\/div>\n<\/div>\n\n\n\n<hr class=\"wp-block-separator has-alpha-channel-opacity\"\/>\n\n\n\n<div class=\"wp-block-columns is-layout-flex wp-container-core-columns-is-layout-9d6595d7 wp-block-columns-is-layout-flex\">\n<div class=\"wp-block-column is-layout-flow wp-block-column-is-layout-flow\" style=\"flex-basis:33.33%\">\n<figure class=\"wp-block-image size-large\"><img loading=\"lazy\" decoding=\"async\" width=\"1024\" height=\"196\" src=\"https:\/\/content.foodbankscanada.ca\/wordpress\/2025\/07\/Walmart_Logo2025-1024x196.png\" alt=\"\" class=\"wp-image-44349\" srcset=\"https:\/\/content.foodbankscanada.ca\/wordpress\/2025\/07\/Walmart_Logo2025-1024x196.png 1024w, https:\/\/content.foodbankscanada.ca\/wordpress\/2025\/07\/Walmart_Logo2025-300x57.png 300w, https:\/\/content.foodbankscanada.ca\/wordpress\/2025\/07\/Walmart_Logo2025-768x147.png 768w, https:\/\/content.foodbankscanada.ca\/wordpress\/2025\/07\/Walmart_Logo2025-1536x294.png 1536w, https:\/\/content.foodbankscanada.ca\/wordpress\/2025\/07\/Walmart_Logo2025-2048x392.png 2048w\" sizes=\"auto, (max-width: 1024px) 100vw, 1024px\" \/><\/figure>\n<\/div>\n\n\n\n<div class=\"wp-block-column is-layout-flow wp-block-column-is-layout-flow\" style=\"flex-basis:66.66%\">\n<h2 class=\"wp-block-heading\" id=\"h-walmart-canada\">Walmart Canada<\/h2>\n\n\n\n<h3 class=\"wp-block-heading\" id=\"h-partenaire-de-l-annee-services-en-nature-0\">Partenaire de l\u2019ann\u00e9e \u2013 Services en nature<\/h3>\n\n\n\n<p>Walmart\u202fCanada collabore avec Banques alimentaires Canada et organise une campagne annuelle Luttez contre la faim, initiez le changement dans les magasins Walmart partout au pays. Depuis son lancement en\u202f2017, cette campagne a permis de distribuer plus de 100\u202fmillions de repas pour soutenir le r\u00e9seau des banques alimentaires du Canada. Ann\u00e9e apr\u00e8s ann\u00e9e, cette campagne aide les banques alimentaires du r\u00e9seau national \u00e0 s\u2019assurer que les populations les plus vuln\u00e9rables ont acc\u00e8s \u00e0 des aliments sains, nutritifs et en quantit\u00e9 suffisante.<\/p>\n<\/div>\n<\/div>\n\n\n\n<hr class=\"wp-block-separator has-alpha-channel-opacity\"\/>\n\n\n\n<div class=\"wp-block-columns is-layout-flex wp-container-core-columns-is-layout-9d6595d7 wp-block-columns-is-layout-flex\">\n<div class=\"wp-block-column is-layout-flow wp-block-column-is-layout-flow\" style=\"flex-basis:66.66%\">\n<h2 class=\"wp-block-heading\" id=\"h-the-rossy-foundation\">The Rossy Foundation<\/h2>\n\n\n\n<h3 class=\"wp-block-heading\" id=\"h-partenaire-de-l-annee-fondation\">Partenaire de l\u2019ann\u00e9e \u2013 Fondation<\/h3>\n\n\n\n<p>Nos recherches montrent que malgr\u00e9 la demande croissante dans les banques alimentaires partout au Canada, des millions de personnes n\u2019y ont m\u00eame pas acc\u00e8s en raison des heures d\u2019ouverture, du transport ou de la stigmatisation et de la honte. Gr\u00e2ce au soutien de la Fondation\u202fRossy, nous contribuons \u00e0 \u00e9liminer ces obstacles et \u00e0 faciliter l\u2019acc\u00e8s pour tous en accordant des fonds aux banques alimentaires d\u2019un oc\u00e9an \u00e0 l\u2019autre. Ces subventions, y compris nos subventions pour l\u2019acc\u00e8s, le renforcement des capacit\u00e9s, le renforcement des capacit\u00e9s dans le Nord et les normes d\u2019excellence, serviront \u00e0 \u00e9largir et \u00e0 am\u00e9liorer les services des banques alimentaires afin de joindre chaque personne qui a besoin d\u2019aide.<\/p>\n<\/div>\n\n\n\n<div class=\"wp-block-column is-layout-flow wp-block-column-is-layout-flow\" style=\"flex-basis:33.33%\">\n<figure class=\"wp-block-image size-full\"><img loading=\"lazy\" decoding=\"async\" width=\"650\" height=\"350\" src=\"https:\/\/content.foodbankscanada.ca\/wordpress\/2025\/06\/TheRossyFoundation_Logo.png\" alt=\"\" class=\"wp-image-42747\" srcset=\"https:\/\/content.foodbankscanada.ca\/wordpress\/2025\/06\/TheRossyFoundation_Logo.png 650w, https:\/\/content.foodbankscanada.ca\/wordpress\/2025\/06\/TheRossyFoundation_Logo-300x162.png 300w\" sizes=\"auto, (max-width: 650px) 100vw, 650px\" \/><\/figure>\n<\/div>\n<\/div>\n\n\n\n<hr class=\"wp-block-separator has-alpha-channel-opacity\"\/>\n\n\n\n<div class=\"wp-block-columns is-layout-flex wp-container-core-columns-is-layout-9d6595d7 wp-block-columns-is-layout-flex\">\n<div class=\"wp-block-column is-layout-flow wp-block-column-is-layout-flow\" style=\"flex-basis:33.33%\">\n<figure class=\"wp-block-image size-full\"><img loading=\"lazy\" decoding=\"async\" width=\"650\" height=\"350\" src=\"https:\/\/content.foodbankscanada.ca\/wordpress\/2025\/07\/Partner-Logos-1.png\" alt=\"\" class=\"wp-image-44419\" srcset=\"https:\/\/content.foodbankscanada.ca\/wordpress\/2025\/07\/Partner-Logos-1.png 650w, https:\/\/content.foodbankscanada.ca\/wordpress\/2025\/07\/Partner-Logos-1-300x162.png 300w\" sizes=\"auto, (max-width: 650px) 100vw, 650px\" \/><\/figure>\n<\/div>\n\n\n\n<div class=\"wp-block-column is-layout-flow wp-block-column-is-layout-flow\" style=\"flex-basis:66.66%\">\n<h2 class=\"wp-block-heading\" id=\"h-7-eleven-canada-inc\">7-Eleven Canada Inc.<\/h2>\n\n\n\n<h3 class=\"wp-block-heading\" id=\"h-partenaire-de-l-annee-croissance\">Partenaire de l\u2019ann\u00e9e \u2013 Croissance<\/h3>\n\n\n\n<p>7-Eleven est un partenaire d\u00e9vou\u00e9 depuis 2013. Partout au pays, les communaut\u00e9s attendent avec impatience la journ\u00e9e annuelle Slurpee Name Your Price de 7-Eleven, durant laquelle les clients pourront payer n\u2019importe quel montant pour une grande Slurpee, et tous les profits seront vers\u00e9s \u00e0 Banques alimentaires Canada. Au cours de la derni\u00e8re ann\u00e9e, 7-Eleven a renforc\u00e9 son soutien en int\u00e9grant le programme \u00ab Arrondissez votre facture \u00bb \u00e0 son syst\u00e8me de point de vente, dans le cadre duquel les clients sont invit\u00e9s \u00e0 se joindre \u00e0 notre mission visant \u00e0 soulager l\u2019ins\u00e9curit\u00e9 alimentaire en faisant un don. Cette initiative a permis d\u2019augmenter substantiellement les dons. Nous sommes reconnaissants des efforts d\u00e9ploy\u00e9s par 7-Eleven pour collaborer avec ses fournisseurs partenaires et \u00e9largir notre partenariat d\u2019une ann\u00e9e \u00e0 l\u2019autre, afin d\u2019avoir une incidence encore plus grande.<br><\/p>\n<\/div>\n<\/div>\n\n\n\n<p><\/p>\n\n\n\n<hr class=\"wp-block-separator has-alpha-channel-opacity\"\/>\n\n\n\n<div class=\"wp-block-columns is-layout-flex wp-container-core-columns-is-layout-9d6595d7 wp-block-columns-is-layout-flex\">\n<div class=\"wp-block-column is-layout-flow wp-block-column-is-layout-flow\" style=\"flex-basis:66.66%\">\n<h2 class=\"wp-block-heading\" id=\"h-maple-lodge-farms\">Maple Lodge Farms<\/h2>\n\n\n\n<h3 class=\"wp-block-heading\" id=\"h-nouveau-partenaire-de-l-annee\">Nouveau partenaire de l\u2019ann\u00e9e<\/h3>\n\n\n\n<p>Banques alimentaires Canada est fier d\u2019avoir \u00e9t\u00e9 le principal b\u00e9n\u00e9ficiaire du Tournament of Dreams de Maple Lodge Farms en 2024. En plus de faire don de 200 000 $ au cours de notre premi\u00e8re ann\u00e9e de partenariat, Maple Lodge Farms a \u00e9largi son soutien en faisant don de ses produits de poulet. Ces produits prot\u00e9in\u00e9s de qualit\u00e9 sont extr\u00eamement pr\u00e9cieux pour les banques alimentaires. Maple Lodge Farms est un partenaire enthousiaste et souple, ouvert \u00e0 l\u2019id\u00e9e d\u2019explorer de nouvelles approches de partenariat pour soutenir nos communaut\u00e9s. Nous attendons avec impatience le Tournament of Dreams de cette ann\u00e9e et avons h\u00e2te d\u2019avoir une incidence incroyable ensemble.<\/p>\n<\/div>\n\n\n\n<div class=\"wp-block-column is-layout-flow wp-block-column-is-layout-flow\" style=\"flex-basis:33.33%\">\n<figure class=\"wp-block-image size-full\"><img loading=\"lazy\" decoding=\"async\" width=\"650\" height=\"350\" src=\"https:\/\/content.foodbankscanada.ca\/wordpress\/2025\/06\/MapleLodgeFarms_Logo.png\" alt=\"\" class=\"wp-image-42751\" srcset=\"https:\/\/content.foodbankscanada.ca\/wordpress\/2025\/06\/MapleLodgeFarms_Logo.png 650w, https:\/\/content.foodbankscanada.ca\/wordpress\/2025\/06\/MapleLodgeFarms_Logo-300x162.png 300w\" sizes=\"auto, (max-width: 650px) 100vw, 650px\" \/><\/figure>\n<\/div>\n<\/div>\n\n\n\n<hr class=\"wp-block-separator has-alpha-channel-opacity\"\/>\n\n\n\n<p><\/p>\n","protected":false},"excerpt":{"rendered":"<p>Kraft Heinz Partenaire de l\u2019ann\u00e9e \u2013 Produits Kraft\u202fHeinz\u202fCanada fait don chaque ann\u00e9e de plus de 900\u202f000\u202fkilogrammes d\u2019aliments nutritifs au r\u00e9seau de banques alimentaires, qui sont livr\u00e9s \u00e0 intervalles r\u00e9guliers tout au long de l\u2019ann\u00e9e. Les banques alimentaires peuvent ainsi compter sur un apport constant d\u2019aliments nutritifs adapt\u00e9s pour servir les membres de leur communaut\u00e9 dans&#8230;<\/p>\n","protected":false},"author":36,"featured_media":23800,"parent":5768,"menu_order":0,"comment_status":"open","ping_status":"open","template":"","meta":{"_acf_changed":false,"footnotes":""},"categories":[],"tags":[],"class_list":["post-44338","page","type-page","status-publish","has-post-thumbnail","hentry"],"acf":[],"yoast_head":"<!-- This site is optimized with the Yoast SEO Premium plugin v26.9 (Yoast SEO v26.9) - https:\/\/yoast.com\/product\/yoast-seo-premium-wordpress\/ -->\n<title>Prix des partenaires\u00a02024 - Banques alimentaires Canada<\/title>\n<meta name=\"robots\" content=\"index, follow, max-snippet:-1, max-image-preview:large, max-video-preview:-1\" \/>\n<link rel=\"canonical\" href=\"https:\/\/foodbankscanada.ca\/fr\/comment-aider\/reconnaissance-des-partenaires\/prix-des-partenaires-2024\/\" \/>\n<meta property=\"og:locale\" content=\"fr_CA\" \/>\n<meta property=\"og:type\" content=\"article\" \/>\n<meta property=\"og:title\" content=\"Prix des partenaires\u00a02024\" \/>\n<meta property=\"og:description\" content=\"Kraft Heinz Partenaire de l\u2019ann\u00e9e \u2013 Produits Kraft\u202fHeinz\u202fCanada fait don chaque ann\u00e9e de plus de 900\u202f000\u202fkilogrammes d\u2019aliments nutritifs au r\u00e9seau de banques alimentaires, qui sont livr\u00e9s \u00e0 intervalles r\u00e9guliers tout au long de l\u2019ann\u00e9e. Les banques alimentaires peuvent ainsi compter sur un apport constant d\u2019aliments nutritifs adapt\u00e9s pour servir les membres de leur communaut\u00e9 dans...\" \/>\n<meta property=\"og:url\" content=\"https:\/\/foodbankscanada.ca\/fr\/comment-aider\/reconnaissance-des-partenaires\/prix-des-partenaires-2024\/\" \/>\n<meta property=\"og:site_name\" content=\"Banques alimentaires Canada\" \/>\n<meta property=\"article:modified_time\" content=\"2025-07-21T15:26:06+00:00\" \/>\n<meta property=\"og:image\" content=\"https:\/\/content.foodbankscanada.ca\/wordpress\/2023\/03\/fbc-logo_8caeb465-6406259f08a84.png\" \/>\n\t<meta property=\"og:image:width\" content=\"1381\" \/>\n\t<meta property=\"og:image:height\" content=\"350\" \/>\n\t<meta property=\"og:image:type\" content=\"image\/png\" \/>\n<meta name=\"twitter:card\" content=\"summary_large_image\" \/>\n<meta name=\"twitter:label1\" content=\"Est. reading time\" \/>\n\t<meta name=\"twitter:data1\" content=\"4 minutes\" \/>\n<script type=\"application\/ld+json\" class=\"yoast-schema-graph\">{\"@context\":\"https:\/\/schema.org\",\"@graph\":[{\"@type\":\"WebPage\",\"@id\":\"https:\/\/foodbankscanada.ca\/fr\/comment-aider\/reconnaissance-des-partenaires\/prix-des-partenaires-2024\/\",\"url\":\"https:\/\/foodbankscanada.ca\/fr\/comment-aider\/reconnaissance-des-partenaires\/prix-des-partenaires-2024\/\",\"name\":\"Prix des partenaires\u00a02024 - Banques alimentaires Canada\",\"isPartOf\":{\"@id\":\"https:\/\/foodbankscanada.ca\/fr\/#website\"},\"primaryImageOfPage\":{\"@id\":\"https:\/\/foodbankscanada.ca\/fr\/comment-aider\/reconnaissance-des-partenaires\/prix-des-partenaires-2024\/#primaryimage\"},\"image\":{\"@id\":\"https:\/\/foodbankscanada.ca\/fr\/comment-aider\/reconnaissance-des-partenaires\/prix-des-partenaires-2024\/#primaryimage\"},\"thumbnailUrl\":\"https:\/\/content.foodbankscanada.ca\/wordpress\/2023\/03\/fbc-logo_8caeb465-6406259f08a84.png\",\"datePublished\":\"2025-07-21T13:20:25+00:00\",\"dateModified\":\"2025-07-21T15:26:06+00:00\",\"breadcrumb\":{\"@id\":\"https:\/\/foodbankscanada.ca\/fr\/comment-aider\/reconnaissance-des-partenaires\/prix-des-partenaires-2024\/#breadcrumb\"},\"inLanguage\":\"fr-CA\",\"potentialAction\":[{\"@type\":\"ReadAction\",\"target\":[\"https:\/\/foodbankscanada.ca\/fr\/comment-aider\/reconnaissance-des-partenaires\/prix-des-partenaires-2024\/\"]}]},{\"@type\":\"ImageObject\",\"inLanguage\":\"fr-CA\",\"@id\":\"https:\/\/foodbankscanada.ca\/fr\/comment-aider\/reconnaissance-des-partenaires\/prix-des-partenaires-2024\/#primaryimage\",\"url\":\"https:\/\/content.foodbankscanada.ca\/wordpress\/2023\/03\/fbc-logo_8caeb465-6406259f08a84.png\",\"contentUrl\":\"https:\/\/content.foodbankscanada.ca\/wordpress\/2023\/03\/fbc-logo_8caeb465-6406259f08a84.png\",\"width\":1381,\"height\":350},{\"@type\":\"BreadcrumbList\",\"@id\":\"https:\/\/foodbankscanada.ca\/fr\/comment-aider\/reconnaissance-des-partenaires\/prix-des-partenaires-2024\/#breadcrumb\",\"itemListElement\":[{\"@type\":\"ListItem\",\"position\":1,\"name\":\"Accueil\",\"item\":\"https:\/\/foodbankscanada.ca\/fr\/\"},{\"@type\":\"ListItem\",\"position\":2,\"name\":\"Comment aider\",\"item\":\"https:\/\/foodbankscanada.ca\/fr\/comment-aider\/\"},{\"@type\":\"ListItem\",\"position\":3,\"name\":\"Reconnaissance des partenaires\",\"item\":\"https:\/\/foodbankscanada.ca\/fr\/comment-aider\/reconnaissance-des-partenaires\/\"},{\"@type\":\"ListItem\",\"position\":4,\"name\":\"Prix des partenaires\u00a02024\"}]},{\"@type\":\"WebSite\",\"@id\":\"https:\/\/foodbankscanada.ca\/fr\/#website\",\"url\":\"https:\/\/foodbankscanada.ca\/fr\/\",\"name\":\"Banques alimentaires Canada\",\"description\":\"\",\"publisher\":{\"@id\":\"https:\/\/foodbankscanada.ca\/fr\/#organization\"},\"potentialAction\":[{\"@type\":\"SearchAction\",\"target\":{\"@type\":\"EntryPoint\",\"urlTemplate\":\"https:\/\/foodbankscanada.ca\/fr\/?s={search_term_string}\"},\"query-input\":{\"@type\":\"PropertyValueSpecification\",\"valueRequired\":true,\"valueName\":\"search_term_string\"}}],\"inLanguage\":\"fr-CA\"},{\"@type\":\"Organization\",\"@id\":\"https:\/\/foodbankscanada.ca\/fr\/#organization\",\"name\":\"Food Banks Canada\",\"url\":\"https:\/\/foodbankscanada.ca\/fr\/\",\"logo\":{\"@type\":\"ImageObject\",\"inLanguage\":\"fr-CA\",\"@id\":\"https:\/\/foodbankscanada.ca\/fr\/#\/schema\/logo\/image\/\",\"url\":\"https:\/\/fbcblobstorage.blob.core.windows.net\/wordpress\/2021\/11\/logo.png\",\"contentUrl\":\"https:\/\/fbcblobstorage.blob.core.windows.net\/wordpress\/2021\/11\/logo.png\",\"width\":377,\"height\":89,\"caption\":\"Food Banks Canada\"},\"image\":{\"@id\":\"https:\/\/foodbankscanada.ca\/fr\/#\/schema\/logo\/image\/\"}}]}<\/script>\n<!-- \/ Yoast SEO Premium plugin. -->","yoast_head_json":{"title":"Prix des partenaires\u00a02024 - Banques alimentaires Canada","robots":{"index":"index","follow":"follow","max-snippet":"max-snippet:-1","max-image-preview":"max-image-preview:large","max-video-preview":"max-video-preview:-1"},"canonical":"https:\/\/foodbankscanada.ca\/fr\/comment-aider\/reconnaissance-des-partenaires\/prix-des-partenaires-2024\/","og_locale":"fr_CA","og_type":"article","og_title":"Prix des partenaires\u00a02024","og_description":"Kraft Heinz Partenaire de l\u2019ann\u00e9e \u2013 Produits Kraft\u202fHeinz\u202fCanada fait don chaque ann\u00e9e de plus de 900\u202f000\u202fkilogrammes d\u2019aliments nutritifs au r\u00e9seau de banques alimentaires, qui sont livr\u00e9s \u00e0 intervalles r\u00e9guliers tout au long de l\u2019ann\u00e9e. Les banques alimentaires peuvent ainsi compter sur un apport constant d\u2019aliments nutritifs adapt\u00e9s pour servir les membres de leur communaut\u00e9 dans...","og_url":"https:\/\/foodbankscanada.ca\/fr\/comment-aider\/reconnaissance-des-partenaires\/prix-des-partenaires-2024\/","og_site_name":"Banques alimentaires Canada","article_modified_time":"2025-07-21T15:26:06+00:00","og_image":[{"width":1381,"height":350,"url":"https:\/\/content.foodbankscanada.ca\/wordpress\/2023\/03\/fbc-logo_8caeb465-6406259f08a84.png","type":"image\/png"}],"twitter_card":"summary_large_image","twitter_misc":{"Est. reading time":"4 minutes"},"schema":{"@context":"https:\/\/schema.org","@graph":[{"@type":"WebPage","@id":"https:\/\/foodbankscanada.ca\/fr\/comment-aider\/reconnaissance-des-partenaires\/prix-des-partenaires-2024\/","url":"https:\/\/foodbankscanada.ca\/fr\/comment-aider\/reconnaissance-des-partenaires\/prix-des-partenaires-2024\/","name":"Prix des partenaires\u00a02024 - Banques alimentaires Canada","isPartOf":{"@id":"https:\/\/foodbankscanada.ca\/fr\/#website"},"primaryImageOfPage":{"@id":"https:\/\/foodbankscanada.ca\/fr\/comment-aider\/reconnaissance-des-partenaires\/prix-des-partenaires-2024\/#primaryimage"},"image":{"@id":"https:\/\/foodbankscanada.ca\/fr\/comment-aider\/reconnaissance-des-partenaires\/prix-des-partenaires-2024\/#primaryimage"},"thumbnailUrl":"https:\/\/content.foodbankscanada.ca\/wordpress\/2023\/03\/fbc-logo_8caeb465-6406259f08a84.png","datePublished":"2025-07-21T13:20:25+00:00","dateModified":"2025-07-21T15:26:06+00:00","breadcrumb":{"@id":"https:\/\/foodbankscanada.ca\/fr\/comment-aider\/reconnaissance-des-partenaires\/prix-des-partenaires-2024\/#breadcrumb"},"inLanguage":"fr-CA","potentialAction":[{"@type":"ReadAction","target":["https:\/\/foodbankscanada.ca\/fr\/comment-aider\/reconnaissance-des-partenaires\/prix-des-partenaires-2024\/"]}]},{"@type":"ImageObject","inLanguage":"fr-CA","@id":"https:\/\/foodbankscanada.ca\/fr\/comment-aider\/reconnaissance-des-partenaires\/prix-des-partenaires-2024\/#primaryimage","url":"https:\/\/content.foodbankscanada.ca\/wordpress\/2023\/03\/fbc-logo_8caeb465-6406259f08a84.png","contentUrl":"https:\/\/content.foodbankscanada.ca\/wordpress\/2023\/03\/fbc-logo_8caeb465-6406259f08a84.png","width":1381,"height":350},{"@type":"BreadcrumbList","@id":"https:\/\/foodbankscanada.ca\/fr\/comment-aider\/reconnaissance-des-partenaires\/prix-des-partenaires-2024\/#breadcrumb","itemListElement":[{"@type":"ListItem","position":1,"name":"Accueil","item":"https:\/\/foodbankscanada.ca\/fr\/"},{"@type":"ListItem","position":2,"name":"Comment aider","item":"https:\/\/foodbankscanada.ca\/fr\/comment-aider\/"},{"@type":"ListItem","position":3,"name":"Reconnaissance des partenaires","item":"https:\/\/foodbankscanada.ca\/fr\/comment-aider\/reconnaissance-des-partenaires\/"},{"@type":"ListItem","position":4,"name":"Prix des partenaires\u00a02024"}]},{"@type":"WebSite","@id":"https:\/\/foodbankscanada.ca\/fr\/#website","url":"https:\/\/foodbankscanada.ca\/fr\/","name":"Banques alimentaires Canada","description":"","publisher":{"@id":"https:\/\/foodbankscanada.ca\/fr\/#organization"},"potentialAction":[{"@type":"SearchAction","target":{"@type":"EntryPoint","urlTemplate":"https:\/\/foodbankscanada.ca\/fr\/?s={search_term_string}"},"query-input":{"@type":"PropertyValueSpecification","valueRequired":true,"valueName":"search_term_string"}}],"inLanguage":"fr-CA"},{"@type":"Organization","@id":"https:\/\/foodbankscanada.ca\/fr\/#organization","name":"Food Banks Canada","url":"https:\/\/foodbankscanada.ca\/fr\/","logo":{"@type":"ImageObject","inLanguage":"fr-CA","@id":"https:\/\/foodbankscanada.ca\/fr\/#\/schema\/logo\/image\/","url":"https:\/\/fbcblobstorage.blob.core.windows.net\/wordpress\/2021\/11\/logo.png","contentUrl":"https:\/\/fbcblobstorage.blob.core.windows.net\/wordpress\/2021\/11\/logo.png","width":377,"height":89,"caption":"Food Banks Canada"},"image":{"@id":"https:\/\/foodbankscanada.ca\/fr\/#\/schema\/logo\/image\/"}}]}},"_links":{"self":[{"href":"https:\/\/foodbankscanada.ca\/fr\/wp-json\/wp\/v2\/pages\/44338","targetHints":{"allow":["GET"]}}],"collection":[{"href":"https:\/\/foodbankscanada.ca\/fr\/wp-json\/wp\/v2\/pages"}],"about":[{"href":"https:\/\/foodbankscanada.ca\/fr\/wp-json\/wp\/v2\/types\/page"}],"author":[{"embeddable":true,"href":"https:\/\/foodbankscanada.ca\/fr\/wp-json\/wp\/v2\/users\/36"}],"replies":[{"embeddable":true,"href":"https:\/\/foodbankscanada.ca\/fr\/wp-json\/wp\/v2\/comments?post=44338"}],"version-history":[{"count":16,"href":"https:\/\/foodbankscanada.ca\/fr\/wp-json\/wp\/v2\/pages\/44338\/revisions"}],"predecessor-version":[{"id":44650,"href":"https:\/\/foodbankscanada.ca\/fr\/wp-json\/wp\/v2\/pages\/44338\/revisions\/44650"}],"up":[{"embeddable":true,"href":"https:\/\/foodbankscanada.ca\/fr\/wp-json\/wp\/v2\/pages\/5768"}],"wp:featuredmedia":[{"embeddable":true,"href":"https:\/\/foodbankscanada.ca\/fr\/wp-json\/wp\/v2\/media\/23800"}],"wp:attachment":[{"href":"https:\/\/foodbankscanada.ca\/fr\/wp-json\/wp\/v2\/media?parent=44338"}],"wp:term":[{"taxonomy":"category","embeddable":true,"href":"https:\/\/foodbankscanada.ca\/fr\/wp-json\/wp\/v2\/categories?post=44338"},{"taxonomy":"post_tag","embeddable":true,"href":"https:\/\/foodbankscanada.ca\/fr\/wp-json\/wp\/v2\/tags?post=44338"}],"curies":[{"name":"wp","href":"https:\/\/api.w.org\/{rel}","templated":true}]}}