{"id":42255,"date":"2025-06-01T23:54:09","date_gmt":"2025-06-02T03:54:09","guid":{"rendered":"https:\/\/stg.foodbankscanada.ca\/?page_id=42255"},"modified":"2025-10-24T15:54:29","modified_gmt":"2025-10-24T19:54:29","slug":"conclusions-generales","status":"publish","type":"page","link":"https:\/\/foodbankscanada.ca\/fr\/la-faim-au-canada\/bilan-faim\/conclusions-generales\/","title":{"rendered":"Conclusions g\u00e9n\u00e9rales"},"content":{"rendered":"<section class=\" block block-masonry masonry mt-5 mt-md-6 aligndefault container\" style=\"\">\n    <div class=\"grid\">\n                                    <div class=\"grid-item mb-5 col-12 col-lg-6 col-xl-6\">\n                    <div class=\"d-flex\">\n                                              <div class=\"col-2 col-md-3 d-flex justify-content-md-center\">\n                            <div class=\"circle d-flex justify-content-center align-items-center fw-bold\">\n                                01                            <\/div>\n                        <\/div>\n                        <div class=\"col-10 col-md-9\">\n                            <p><strong>En mars 2025, les banques alimentaires canadiennes ont enregistr\u00e9 presque 2,2 millions de visites, le nombre le plus \u00e9lev\u00e9 de leur histoire.<\/strong><\/p>\n<p>En mars 2025, les visites dans les banques alimentaires ont m\u00eame d\u00e9pass\u00e9 le nombre record de visites faites l\u2019ann\u00e9e derni\u00e8re. Ce niveau d\u2019utilisation sans pr\u00e9c\u00e9dent correspond \u00e0 des taux d\u2019ins\u00e9curit\u00e9 alimentaire record.<\/p>\n<p><img loading=\"lazy\" decoding=\"async\" class=\"alignnone size-medium wp-image-46110\" src=\"https:\/\/content.foodbankscanada.ca\/wordpress\/2025\/10\/thumbnail_FBC_HC2025_MainStats_FRN_001-300x71.png\" alt=\"\" width=\"300\" height=\"71\" \/><\/p>\n                        <\/div>\n                                          <\/div>\n                <\/div>\n                            <div class=\"grid-item mb-5 col-12 col-lg-6 col-xl-6\">\n                    <div class=\"d-flex\">\n                                              <div class=\"col-2 col-md-3 d-flex justify-content-md-center\">\n                            <div class=\"circle d-flex justify-content-center align-items-center fw-bold\">\n                                02                            <\/div>\n                        <\/div>\n                        <div class=\"col-10 col-md-9\">\n                            <p><strong>Le recours aux banques alimentaires a doubl\u00e9 depuis mars 2019 et est 5,2 % plus \u00e9lev\u00e9 qu\u2019en 2024.<\/strong><\/p>\n<p>Le taux de croissance observ\u00e9 au cours des cinq derni\u00e8res ann\u00e9es a de loin d\u00e9pass\u00e9 tout ce que le r\u00e9seau des banques alimentaires a jamais connu \u00e0 l\u2019\u00e9chelle nationale. Les taux d\u2019utilisation des banques alimentaires ont doubl\u00e9 \u00e0 l\u2019\u00e9chelle nationale depuis 2019, ce qui comprend une augmentation de 5,5 % enregistr\u00e9e l\u2019ann\u00e9e derni\u00e8re. Cette croissance signifie que les banques alimentaires ont de plus en plus de difficult\u00e9 \u00e0 r\u00e9pondre compl\u00e8tement \u00e0 la demande.<\/p>\n<p><img loading=\"lazy\" decoding=\"async\" class=\"alignnone size-medium wp-image-46108\" src=\"https:\/\/content.foodbankscanada.ca\/wordpress\/2025\/10\/thumbnail_FBC_HC2025_MainStats_FRN_002-300x71.png\" alt=\"\" width=\"300\" height=\"71\" \/><\/p>\n                        <\/div>\n                                          <\/div>\n                <\/div>\n                            <div class=\"grid-item mb-5 col-12 col-lg-6 col-xl-6\">\n                    <div class=\"d-flex\">\n                                              <div class=\"col-2 col-md-3 d-flex justify-content-md-center\">\n                            <div class=\"circle d-flex justify-content-center align-items-center fw-bold\">\n                                03                            <\/div>\n                        <\/div>\n                        <div class=\"col-10 col-md-9\">\n                            <p><strong>Pour 19 % des clients des banques alimentaires, l\u2019emploi constitue leur principale source de revenu, comparativement \u00e0 12 % en 2019.<\/strong><\/p>\n<p>La proportion des clients des banques alimentaires dont la principale source de revenu est l\u2019emploi continue d\u2019augmenter. Ce groupe repr\u00e9sente maintenant 19,4 % des clients des banques alimentaires, comparativement \u00e0 18,1 % l\u2019ann\u00e9e derni\u00e8re. Jusqu\u2019en 2022, ann\u00e9e o\u00f9 les effets de l\u2019inflation rapide se sont fait sentir, ce groupe repr\u00e9sentait g\u00e9n\u00e9ralement entre 10 % et 12 % de tous les clients. Cette ann\u00e9e, l\u2019incidence cumulative de l\u2019inflation a davantage diminu\u00e9 le pouvoir d\u2019achat des travailleurs, m\u00eame ceux dont les revenus sont sup\u00e9rieurs au seuil de pauvret\u00e9 officiel.<\/p>\n<p><img loading=\"lazy\" decoding=\"async\" class=\"alignnone size-medium wp-image-46102\" src=\"https:\/\/content.foodbankscanada.ca\/wordpress\/2025\/10\/thumbnail_FBC_HC2025_MainStats_FRN_005-300x71.png\" alt=\"\" width=\"300\" height=\"71\" \/><\/p>\n                        <\/div>\n                                          <\/div>\n                <\/div>\n                            <div class=\"grid-item mb-5 col-12 col-lg-6 col-xl-6\">\n                    <div class=\"d-flex\">\n                                              <div class=\"col-2 col-md-3 d-flex justify-content-md-center\">\n                            <div class=\"circle d-flex justify-content-center align-items-center fw-bold\">\n                                04                            <\/div>\n                        <\/div>\n                        <div class=\"col-10 col-md-9\">\n                            <p><strong>Les augmentations cumulatives du co\u00fbt des produits essentiels correspondent au recours accru aux banques alimentaires.<\/strong><\/p>\n<p>Les augmentations cumulatives du co\u00fbt des produits de premi\u00e8re n\u00e9cessit\u00e9, comme le logement et la nourriture, ont cr\u00e9\u00e9 une crise durable d\u2019abordabilit\u00e9 pour de nombreuses personnes au Canada. Depuis 2021, l\u2019indice des prix \u00e0 la consommation (IPC) g\u00e9n\u00e9ral a augment\u00e9 de plus de 18 %. Les co\u00fbts associ\u00e9s au logement, \u00e0 la nourriture et au transport ont respectivement augment\u00e9 de 26 %, 25 % et pr\u00e8s de 20 %. Ces co\u00fbts ont de beaucoup d\u00e9pass\u00e9 la croissance moyenne des salaires et correspondent au recours accru aux banques alimentaires pendant cette p\u00e9riode.<\/p>\n<p><img loading=\"lazy\" decoding=\"async\" class=\"alignnone size-medium wp-image-46106\" src=\"https:\/\/content.foodbankscanada.ca\/wordpress\/2025\/10\/thumbnail_FBC_HC2025_MainStats_FRN_003-300x71.png\" alt=\"\" width=\"300\" height=\"71\" \/><\/p>\n                        <\/div>\n                                          <\/div>\n                <\/div>\n                            <div class=\"grid-item mb-5 col-12 col-lg-6 col-xl-6\">\n                    <div class=\"d-flex\">\n                                              <div class=\"col-2 col-md-3 d-flex justify-content-md-center\">\n                            <div class=\"circle d-flex justify-content-center align-items-center fw-bold\">\n                                05                            <\/div>\n                        <\/div>\n                        <div class=\"col-10 col-md-9\">\n                            <div class=\"ewa-rteLine\"><strong>Le loyer l\u2019emporte sur la nourriture dans les m\u00e9nages gagnant les revenus les plus faibles.<\/strong><\/div>\n<div class=\"ewa-rteLine\"><\/div>\n<div class=\"ewa-rteLine\">Le co\u00fbt du logement accapare la majeure partie du revenu disponible des m\u00e9nages \u00e0 faible revenu. Les gens qui affichent les revenus les plus faibles, notamment les prestataires de l\u2019aide sociale provinciale, d\u00e9pensent plus de 66 % de leur revenu disponible pour le logement. En 2021, ce chiffre \u00e9tait de 49 %. Alors que les co\u00fbts non n\u00e9gociables du logement accaparent une proportion croissante du revenu disponible et que l\u2019\u00e9pargne diminue, les m\u00e9nages \u00e0 faible revenu sont confront\u00e9s \u00e0 un risque accru d\u2019ins\u00e9curit\u00e9 alimentaire et de d\u00e9pendance aux banques alimentaires.<\/div>\n<div><\/div>\n<div><img loading=\"lazy\" decoding=\"async\" class=\"alignnone size-medium wp-image-46094\" src=\"https:\/\/content.foodbankscanada.ca\/wordpress\/2025\/10\/thumbnail_FBC_HC2025_MainStats_FRN_009-300x71.png\" alt=\"\" width=\"300\" height=\"71\" \/><\/div>\n                        <\/div>\n                                          <\/div>\n                <\/div>\n                            <div class=\"grid-item mb-5 col-12 col-lg-6 col-xl-6\">\n                    <div class=\"d-flex\">\n                                              <div class=\"col-2 col-md-3 d-flex justify-content-md-center\">\n                            <div class=\"circle d-flex justify-content-center align-items-center fw-bold\">\n                                06                            <\/div>\n                        <\/div>\n                        <div class=\"col-10 col-md-9\">\n                            <p><strong>Les enfants repr\u00e9sentent le tiers des usagers des banques alimentaires.<\/strong><\/p>\n<p>Le pourcentage d\u2019enfants de moins de 18 ans qui ont recours aux banques alimentaires est demeur\u00e9 stable \u00e0 33 %. Toutefois, compte tenu de la hausse du recours aux banques alimentaires depuis la p\u00e9riode ant\u00e9rieure \u00e0 la pand\u00e9mie, ces 33 % repr\u00e9sentent maintenant pr\u00e8s de 712 000 visites, soit une hausse de plus de 340 000 visites par mois, comparativement au chiffre pr\u00e9valant il y a cinq ans. De plus, la proportion de m\u00e9nages \u00e0 deux parents ayant des enfants de moins de 18 ans qui ont recours aux banques alimentaires a augment\u00e9 consid\u00e9rablement, passant de 18,8 % en 2019 \u00e0 23 % en 2025.<\/p>\n<p><img loading=\"lazy\" decoding=\"async\" class=\"alignnone size-medium wp-image-46104\" src=\"https:\/\/content.foodbankscanada.ca\/wordpress\/2025\/10\/thumbnail_FBC_HC2025_MainStats_FRN_004-300x71.png\" alt=\"\" width=\"300\" height=\"71\" \/><\/p>\n                        <\/div>\n                                          <\/div>\n                <\/div>\n                            <div class=\"grid-item mb-5 col-12 col-lg-6 col-xl-6\">\n                    <div class=\"d-flex\">\n                                              <div class=\"col-2 col-md-3 d-flex justify-content-md-center\">\n                            <div class=\"circle d-flex justify-content-center align-items-center fw-bold\">\n                                07                            <\/div>\n                        <\/div>\n                        <div class=\"col-10 col-md-9\">\n                            <p><strong>70 % des clients des banques alimentaires habitent dans des logements \u00e9conomiques.<\/strong><\/p>\n<p>Les logements \u00e0 loyer \u00e9conomique sont le type de logement le plus courant chez les m\u00e9nages qui ont recours aux banques alimentaires, car ils repr\u00e9sentent 70,4 % de tous les modes d\u2019occupation du logement. Les clients des banques alimentaires qui indiquent appartenir \u00e0 un groupe racis\u00e9, qui sont au Canada depuis moins de dix ans ou qui habitent dans de grands centres de population de 100 000 personnes ou plus sont plus susceptibles de vivre dans un logement \u00e0 loyer \u00e9conomique.<\/p>\n<p><img loading=\"lazy\" decoding=\"async\" class=\"alignnone size-medium wp-image-46100\" src=\"https:\/\/content.foodbankscanada.ca\/wordpress\/2025\/10\/thumbnail_FBC_HC2025_MainStats_FRN_006-300x71.png\" alt=\"\" width=\"300\" height=\"71\" \/><\/p>\n                        <\/div>\n                                          <\/div>\n                <\/div>\n                            <div class=\"grid-item mb-5 col-12 col-lg-6 col-xl-6\">\n                    <div class=\"d-flex\">\n                                              <div class=\"col-2 col-md-3 d-flex justify-content-md-center\">\n                            <div class=\"circle d-flex justify-content-center align-items-center fw-bold\">\n                                08                            <\/div>\n                        <\/div>\n                        <div class=\"col-10 col-md-9\">\n                            <p><strong>L\u2019aide sociale provinciale, franchement insuffisante, demeure la source de revenu la plus courante des clients des banques alimentaires.<\/strong><\/p>\n<p>L\u2019aide sociale provinciale, qui comprend \u00e0 la fois l\u2019aide sociale g\u00e9n\u00e9rale et les prestations d\u2019invalidit\u00e9 provinciales, est la principale source de revenu de plus de 40 % des clients des banques alimentaires. Malgr\u00e9 le fait que certaines provinces aient mis en place des initiatives visant \u00e0 augmenter les revenus des personnes qui b\u00e9n\u00e9ficient de l\u2019aide sociale, comme l\u2019ajout de paiements ponctuels compensatoires relatifs au co\u00fbt de la vie et l\u2019indexation des taux \u00e0 l\u2019inflation, les revenus d\u2019aide sociale demeurent si bas que tous les types de m\u00e9nages qui re\u00e7oivent de l\u2019aide sociale vivent sous le seuil de pauvret\u00e9 dans presque toutes les provinces et tous les territoires.<\/p>\n<p><img loading=\"lazy\" decoding=\"async\" class=\"alignnone size-medium wp-image-46098\" src=\"https:\/\/content.foodbankscanada.ca\/wordpress\/2025\/10\/thumbnail_FBC_HC2025_MainStats_FRN_007-300x71.png\" alt=\"\" width=\"300\" height=\"71\" \/><\/p>\n                        <\/div>\n                                          <\/div>\n                <\/div>\n                            <div class=\"grid-item mb-5 col-12 col-lg-6 col-xl-6\">\n                    <div class=\"d-flex\">\n                                              <div class=\"col-2 col-md-3 d-flex justify-content-md-center\">\n                            <div class=\"circle d-flex justify-content-center align-items-center fw-bold\">\n                                09                            <\/div>\n                        <\/div>\n                        <div class=\"col-10 col-md-9\">\n                            <p><strong>34 % des clients des banques alimentaires sont des nouveaux arrivants au Canada qui habitent au pays depuis dix ans ou moins.<\/strong><\/p>\n<p>Les nouveaux arrivants au Canada, c\u2019est-\u00e0-dire ceux qui sont au pays depuis dix ans ou moins, repr\u00e9sentaient 34 % des clients des banques alimentaires, ce qui est stable par rapport \u00e0 l\u2019ann\u00e9e derni\u00e8re, mais nettement plus \u00e9lev\u00e9 par rapport \u00e0 2019. Les nouveaux arrivants r\u00e9cents qui occupent actuellement un emploi ont g\u00e9n\u00e9ralement des conditions de travail pr\u00e9caires et re\u00e7oivent des salaires moins \u00e9lev\u00e9s. Ces deux facteurs expliquent les niveaux plus \u00e9lev\u00e9s d\u2019ins\u00e9curit\u00e9 alimentaire dans ce groupe. Les membres de ce groupe sont \u00e9galement moins susceptibles d\u2019avoir acc\u00e8s \u00e0 deux soutiens du revenu de dernier recours, soit l\u2019assurance-emploi ou l\u2019aide sociale provinciale, s\u2019ils perdent leur emploi parce qu\u2019ils ne satisfont pas aux crit\u00e8res d\u2019admissibilit\u00e9. L\u2019intensification du besoin parmi les nouveaux arrivants met en \u00e9vidence les lacunes consid\u00e9rables de notre filet de s\u00e9curit\u00e9 sociale et renforce la n\u00e9cessit\u00e9 d\u2019une r\u00e9forme urgente.<\/p>\n<p><img loading=\"lazy\" decoding=\"async\" class=\"alignnone size-medium wp-image-46096\" src=\"https:\/\/content.foodbankscanada.ca\/wordpress\/2025\/10\/thumbnail_FBC_HC2025_MainStats_FRN_008-300x71.png\" alt=\"\" width=\"300\" height=\"71\" \/><\/p>\n                        <\/div>\n                                          <\/div>\n                <\/div>\n                    <!--         \n        <div class=\"grid-item\">\n            <div style=\"width:100%; word-wrap: break-word;\">\n                <p>test1fffffffffffffffffffffffffffffffffffffffffffffffffffffffffffffffffffffffffffffffffffffffffffffffffffffffffffffffffffffffffffffffffffffffffffffffffffffffffffffffffff<p>\n                <img decoding=\"async\" src=\"https:\/\/fbcblobstorage.blob.core.windows.net\/wordpress\/2022\/02\/GettyImages-658443062_HIGH_RES.webp\" \/>\n                <p>test1fffffffffffffffffffffffffffffffffffffffffffffffffffffffffffffffffffffffffffffffffffffffffffffffffffffffffffffffffffffffffffffffffffffffffffffffffffffffffffffffffff<p>\n            <\/div>\n        <\/div>\n        <div class=\"grid-item\">test2<\/div>\n        <div class=\"grid-item\">\n            <div style=\"width:100%; word-wrap: break-word;\">\n                testfffffffffffffffffffffffffffffffffffffffffffffffffffffffffffffffffffffffffffffffffffffffffffffffffffffffffffffffffffffffffffffffffffffffffffffffffffffffffffffffffff\n            <\/div>\n        <\/div> -->\n    <\/div>\n<\/section>","protected":false},"excerpt":{"rendered":"","protected":false},"author":45,"featured_media":0,"parent":42004,"menu_order":0,"comment_status":"closed","ping_status":"closed","template":"","meta":{"_acf_changed":false,"footnotes":""},"categories":[],"tags":[],"class_list":["post-42255","page","type-page","status-publish","hentry"],"acf":[],"yoast_head":"<!-- This site is optimized with the Yoast SEO Premium plugin v26.9 (Yoast SEO v26.9) - https:\/\/yoast.com\/product\/yoast-seo-premium-wordpress\/ -->\n<title>Conclusions g\u00e9n\u00e9rales - Banques alimentaires Canada<\/title>\n<meta name=\"robots\" content=\"index, follow, max-snippet:-1, max-image-preview:large, max-video-preview:-1\" \/>\n<link rel=\"canonical\" href=\"https:\/\/foodbankscanada.ca\/fr\/la-faim-au-canada\/bilan-faim\/conclusions-generales\/\" \/>\n<meta property=\"og:locale\" content=\"fr_CA\" \/>\n<meta property=\"og:type\" content=\"article\" \/>\n<meta property=\"og:title\" content=\"Conclusions g\u00e9n\u00e9rales\" \/>\n<meta property=\"og:url\" content=\"https:\/\/foodbankscanada.ca\/fr\/la-faim-au-canada\/bilan-faim\/conclusions-generales\/\" \/>\n<meta property=\"og:site_name\" content=\"Banques alimentaires Canada\" \/>\n<meta property=\"article:modified_time\" content=\"2025-10-24T19:54:29+00:00\" \/>\n<meta name=\"twitter:card\" content=\"summary_large_image\" \/>\n<script type=\"application\/ld+json\" class=\"yoast-schema-graph\">{\"@context\":\"https:\/\/schema.org\",\"@graph\":[{\"@type\":\"WebPage\",\"@id\":\"https:\/\/foodbankscanada.ca\/fr\/la-faim-au-canada\/bilan-faim\/conclusions-generales\/\",\"url\":\"https:\/\/foodbankscanada.ca\/fr\/la-faim-au-canada\/bilan-faim\/conclusions-generales\/\",\"name\":\"Conclusions g\u00e9n\u00e9rales - Banques alimentaires Canada\",\"isPartOf\":{\"@id\":\"https:\/\/foodbankscanada.ca\/fr\/#website\"},\"datePublished\":\"2025-06-02T03:54:09+00:00\",\"dateModified\":\"2025-10-24T19:54:29+00:00\",\"breadcrumb\":{\"@id\":\"https:\/\/foodbankscanada.ca\/fr\/la-faim-au-canada\/bilan-faim\/conclusions-generales\/#breadcrumb\"},\"inLanguage\":\"fr-CA\",\"potentialAction\":[{\"@type\":\"ReadAction\",\"target\":[\"https:\/\/foodbankscanada.ca\/fr\/la-faim-au-canada\/bilan-faim\/conclusions-generales\/\"]}]},{\"@type\":\"BreadcrumbList\",\"@id\":\"https:\/\/foodbankscanada.ca\/fr\/la-faim-au-canada\/bilan-faim\/conclusions-generales\/#breadcrumb\",\"itemListElement\":[{\"@type\":\"ListItem\",\"position\":1,\"name\":\"Accueil\",\"item\":\"https:\/\/foodbankscanada.ca\/fr\/\"},{\"@type\":\"ListItem\",\"position\":2,\"name\":\"La faim au Canada\",\"item\":\"https:\/\/foodbankscanada.ca\/fr\/la-faim-au-canada\/\"},{\"@type\":\"ListItem\",\"position\":3,\"name\":\"Bilan-Faim\",\"item\":\"https:\/\/foodbankscanada.ca\/fr\/la-faim-au-canada\/bilan-faim\/\"},{\"@type\":\"ListItem\",\"position\":4,\"name\":\"Conclusions g\u00e9n\u00e9rales\"}]},{\"@type\":\"WebSite\",\"@id\":\"https:\/\/foodbankscanada.ca\/fr\/#website\",\"url\":\"https:\/\/foodbankscanada.ca\/fr\/\",\"name\":\"Banques alimentaires Canada\",\"description\":\"\",\"publisher\":{\"@id\":\"https:\/\/foodbankscanada.ca\/fr\/#organization\"},\"potentialAction\":[{\"@type\":\"SearchAction\",\"target\":{\"@type\":\"EntryPoint\",\"urlTemplate\":\"https:\/\/foodbankscanada.ca\/fr\/?s={search_term_string}\"},\"query-input\":{\"@type\":\"PropertyValueSpecification\",\"valueRequired\":true,\"valueName\":\"search_term_string\"}}],\"inLanguage\":\"fr-CA\"},{\"@type\":\"Organization\",\"@id\":\"https:\/\/foodbankscanada.ca\/fr\/#organization\",\"name\":\"Food Banks Canada\",\"url\":\"https:\/\/foodbankscanada.ca\/fr\/\",\"logo\":{\"@type\":\"ImageObject\",\"inLanguage\":\"fr-CA\",\"@id\":\"https:\/\/foodbankscanada.ca\/fr\/#\/schema\/logo\/image\/\",\"url\":\"https:\/\/fbcblobstorage.blob.core.windows.net\/wordpress\/2021\/11\/logo.png\",\"contentUrl\":\"https:\/\/fbcblobstorage.blob.core.windows.net\/wordpress\/2021\/11\/logo.png\",\"width\":377,\"height\":89,\"caption\":\"Food Banks Canada\"},\"image\":{\"@id\":\"https:\/\/foodbankscanada.ca\/fr\/#\/schema\/logo\/image\/\"}}]}<\/script>\n<!-- \/ Yoast SEO Premium plugin. -->","yoast_head_json":{"title":"Conclusions g\u00e9n\u00e9rales - Banques alimentaires Canada","robots":{"index":"index","follow":"follow","max-snippet":"max-snippet:-1","max-image-preview":"max-image-preview:large","max-video-preview":"max-video-preview:-1"},"canonical":"https:\/\/foodbankscanada.ca\/fr\/la-faim-au-canada\/bilan-faim\/conclusions-generales\/","og_locale":"fr_CA","og_type":"article","og_title":"Conclusions g\u00e9n\u00e9rales","og_url":"https:\/\/foodbankscanada.ca\/fr\/la-faim-au-canada\/bilan-faim\/conclusions-generales\/","og_site_name":"Banques alimentaires Canada","article_modified_time":"2025-10-24T19:54:29+00:00","twitter_card":"summary_large_image","schema":{"@context":"https:\/\/schema.org","@graph":[{"@type":"WebPage","@id":"https:\/\/foodbankscanada.ca\/fr\/la-faim-au-canada\/bilan-faim\/conclusions-generales\/","url":"https:\/\/foodbankscanada.ca\/fr\/la-faim-au-canada\/bilan-faim\/conclusions-generales\/","name":"Conclusions g\u00e9n\u00e9rales - Banques alimentaires Canada","isPartOf":{"@id":"https:\/\/foodbankscanada.ca\/fr\/#website"},"datePublished":"2025-06-02T03:54:09+00:00","dateModified":"2025-10-24T19:54:29+00:00","breadcrumb":{"@id":"https:\/\/foodbankscanada.ca\/fr\/la-faim-au-canada\/bilan-faim\/conclusions-generales\/#breadcrumb"},"inLanguage":"fr-CA","potentialAction":[{"@type":"ReadAction","target":["https:\/\/foodbankscanada.ca\/fr\/la-faim-au-canada\/bilan-faim\/conclusions-generales\/"]}]},{"@type":"BreadcrumbList","@id":"https:\/\/foodbankscanada.ca\/fr\/la-faim-au-canada\/bilan-faim\/conclusions-generales\/#breadcrumb","itemListElement":[{"@type":"ListItem","position":1,"name":"Accueil","item":"https:\/\/foodbankscanada.ca\/fr\/"},{"@type":"ListItem","position":2,"name":"La faim au Canada","item":"https:\/\/foodbankscanada.ca\/fr\/la-faim-au-canada\/"},{"@type":"ListItem","position":3,"name":"Bilan-Faim","item":"https:\/\/foodbankscanada.ca\/fr\/la-faim-au-canada\/bilan-faim\/"},{"@type":"ListItem","position":4,"name":"Conclusions g\u00e9n\u00e9rales"}]},{"@type":"WebSite","@id":"https:\/\/foodbankscanada.ca\/fr\/#website","url":"https:\/\/foodbankscanada.ca\/fr\/","name":"Banques alimentaires Canada","description":"","publisher":{"@id":"https:\/\/foodbankscanada.ca\/fr\/#organization"},"potentialAction":[{"@type":"SearchAction","target":{"@type":"EntryPoint","urlTemplate":"https:\/\/foodbankscanada.ca\/fr\/?s={search_term_string}"},"query-input":{"@type":"PropertyValueSpecification","valueRequired":true,"valueName":"search_term_string"}}],"inLanguage":"fr-CA"},{"@type":"Organization","@id":"https:\/\/foodbankscanada.ca\/fr\/#organization","name":"Food Banks Canada","url":"https:\/\/foodbankscanada.ca\/fr\/","logo":{"@type":"ImageObject","inLanguage":"fr-CA","@id":"https:\/\/foodbankscanada.ca\/fr\/#\/schema\/logo\/image\/","url":"https:\/\/fbcblobstorage.blob.core.windows.net\/wordpress\/2021\/11\/logo.png","contentUrl":"https:\/\/fbcblobstorage.blob.core.windows.net\/wordpress\/2021\/11\/logo.png","width":377,"height":89,"caption":"Food Banks Canada"},"image":{"@id":"https:\/\/foodbankscanada.ca\/fr\/#\/schema\/logo\/image\/"}}]}},"_links":{"self":[{"href":"https:\/\/foodbankscanada.ca\/fr\/wp-json\/wp\/v2\/pages\/42255","targetHints":{"allow":["GET"]}}],"collection":[{"href":"https:\/\/foodbankscanada.ca\/fr\/wp-json\/wp\/v2\/pages"}],"about":[{"href":"https:\/\/foodbankscanada.ca\/fr\/wp-json\/wp\/v2\/types\/page"}],"author":[{"embeddable":true,"href":"https:\/\/foodbankscanada.ca\/fr\/wp-json\/wp\/v2\/users\/45"}],"replies":[{"embeddable":true,"href":"https:\/\/foodbankscanada.ca\/fr\/wp-json\/wp\/v2\/comments?post=42255"}],"version-history":[{"count":5,"href":"https:\/\/foodbankscanada.ca\/fr\/wp-json\/wp\/v2\/pages\/42255\/revisions"}],"predecessor-version":[{"id":46074,"href":"https:\/\/foodbankscanada.ca\/fr\/wp-json\/wp\/v2\/pages\/42255\/revisions\/46074"}],"up":[{"embeddable":true,"href":"https:\/\/foodbankscanada.ca\/fr\/wp-json\/wp\/v2\/pages\/42004"}],"wp:attachment":[{"href":"https:\/\/foodbankscanada.ca\/fr\/wp-json\/wp\/v2\/media?parent=42255"}],"wp:term":[{"taxonomy":"category","embeddable":true,"href":"https:\/\/foodbankscanada.ca\/fr\/wp-json\/wp\/v2\/categories?post=42255"},{"taxonomy":"post_tag","embeddable":true,"href":"https:\/\/foodbankscanada.ca\/fr\/wp-json\/wp\/v2\/tags?post=42255"}],"curies":[{"name":"wp","href":"https:\/\/api.w.org\/{rel}","templated":true}]}}