{"id":37797,"date":"2025-05-19T12:22:25","date_gmt":"2025-05-19T16:22:25","guid":{"rendered":"https:\/\/foodbankscanada.ca\/?page_id=37797"},"modified":"2025-06-12T09:04:42","modified_gmt":"2025-06-12T13:04:42","slug":"lingnes-directrices-relatives-aux-dons","status":"publish","type":"page","link":"https:\/\/foodbankscanada.ca\/fr\/lingnes-directrices-relatives-aux-dons\/","title":{"rendered":"Lingnes directrices relatives aux dons"},"content":{"rendered":"\n<div class=\"wp-block-columns is-layout-flex wp-container-core-columns-is-layout-9d6595d7 wp-block-columns-is-layout-flex\">\n<div class=\"wp-block-column is-layout-flow wp-block-column-is-layout-flow\" style=\"flex-basis:33.33%\">\n<figure class=\"wp-block-image aligncenter size-full\"><img loading=\"lazy\" decoding=\"async\" width=\"1800\" height=\"500\" src=\"https:\/\/content.foodbankscanada.ca\/wordpress\/2025\/06\/guidelines-for-donation-fr.png\" alt=\"\" class=\"wp-image-42816\" srcset=\"https:\/\/content.foodbankscanada.ca\/wordpress\/2025\/06\/guidelines-for-donation-fr.png 1800w, https:\/\/content.foodbankscanada.ca\/wordpress\/2025\/06\/guidelines-for-donation-fr-300x83.png 300w, https:\/\/content.foodbankscanada.ca\/wordpress\/2025\/06\/guidelines-for-donation-fr-1024x284.png 1024w, https:\/\/content.foodbankscanada.ca\/wordpress\/2025\/06\/guidelines-for-donation-fr-768x213.png 768w, https:\/\/content.foodbankscanada.ca\/wordpress\/2025\/06\/guidelines-for-donation-fr-1536x427.png 1536w\" sizes=\"auto, (max-width: 1800px) 100vw, 1800px\" \/><\/figure>\n<\/div>\n\n\n\n<div class=\"wp-block-column is-layout-flow wp-block-column-is-layout-flow\" style=\"flex-basis:66.66%\">\n<p><\/p>\n\n\n\n<p>Aujourd\u2019hui plus que jamais, les banques alimentaires du pays doivent avoir acc\u00e8s \u00e0 des aliments sains et nutritifs. \u00c0 Banques alimentaires Canada, nous adh\u00e9rons aux recommandations que formulent le Guide alimentaire canadien et la nouvelle Strat\u00e9gie en mati\u00e8re de saine alimentation de Sant\u00e9 Canada, afin d\u2019offrir des aliments de grande qualit\u00e9 aux personnes qui en ont vraiment besoin.<br><strong><br><strong>Ensemble, nous grandissons tous.<\/strong><\/strong><\/p>\n<\/div>\n<\/div>\n\n\n<section class=\" block block-content-grid content-grid mb-0 aligndefault container\" style=\"\">\n    <div class=\"content-grid-container\" >\n                <div class=\"content-grid-repeater content-grid-repeater-3Columns\" >\n                                                                        <div class=\"content-group-image-card\">\n                                                            <div class=\"content-group-expand content-group-expand-0 popup-expand\">\n  <div class=\"content-group-expand-container popup-expand-container\">\n    <img decoding=\"async\" class=\"content-group-expand-close content-group-expand-close-0 popup-expand-close\" src=\"https:\/\/foodbankscanada.ca\/app\/themes\/fbc-theme\/public\/build\/assets\/close_button-BV-JGUgw.png\" alt=\"\">\n    <div class=\"content-group-expand-modal-container popup-expand-modal-container\">\n              <div class=\"content-group-expand-modal with-image popup-expand-modal\">\n                      <div class=\"content-group-modal-image-container popup-modal-image-container\" style=\"background-image: url(https:\/\/content.foodbankscanada.ca\/wordpress\/2025\/04\/Fresh-Food.jpg);\"><\/div>\n                          <div class=\"content-group-modal-info popup-modal-info\">\n                                                            <h3 class=\"content-group-modal-title popup-modal-title\">\n                            Lignes directrices relatives aux dons alimentaires\n                        <\/h3>\n                                                                        <div class=\"content-group-expand-content popup-expand-content\">\n                            <p>Afin de garantir garantir un approvisionnement en aliments sains et nutritifs pour le r\u00e9seau, nous r\u00e9duisons au minimum la distribution de certains aliments transform\u00e9s (riches en sucre, en sodium ou en gras satur\u00e9s) et nous accordons la priorit\u00e9 aux produits nutritifs comme ceux qui suivent.<\/p>\n<ul>\n<li>Prot\u00e9ines (aliments p\u00e9rissables et non p\u00e9rissables)<\/li>\n<li>Fruits et l\u00e9gumes (frais, surgel\u00e9s ou en conserve)<\/li>\n<li>Grains entiers<\/li>\n<li>Gras sains<\/li>\n<\/ul>\n\n                        <\/div>\n                                            <\/div>\n                <\/div>\n        <\/div>\n    <\/div>\n<\/div>                                <div class=\"content-group-card-container with-modal contextual-blog-post-card\">\n                            \n                            <div class=\"contextual-image-container\">\n                                                                <img decoding=\"async\" class=\"contextual-image\" src=\"https:\/\/content.foodbankscanada.ca\/wordpress\/2025\/04\/Fresh-Food.jpg\" alt=\"\">\n                                                                <div class=\"plus-action\">\n\n                                    <div class=\"plus-button\"><\/div>\n                                <\/div>                              \n                                                                                                  <div class=\"contextual-title-container\" style=\"\">\n                                    <p class=\"contextual-title\">\n                                        Lignes directrices relatives aux dons alimentaires\n                                    <\/p>\n                                <\/div>\n                                \n                            <\/div>  \n\n                                                        <div class=\"contextual-excerpt-container\">                    \n                                                            <div class=\"contextual-excerpt mb-2\">\n                                    \n                                <\/div>\n                                <p class=\"contextual-text\">\n                                    \n                                <\/p>\n                            <\/div>\n                                                        <\/div>\n                        <\/div>\n                                                                                <div class=\"content-group-image-card\">\n                                                            <div class=\"content-group-expand content-group-expand-1 popup-expand\">\n  <div class=\"content-group-expand-container popup-expand-container\">\n    <img decoding=\"async\" class=\"content-group-expand-close content-group-expand-close-1 popup-expand-close\" src=\"https:\/\/foodbankscanada.ca\/app\/themes\/fbc-theme\/public\/build\/assets\/close_button-BV-JGUgw.png\" alt=\"\">\n    <div class=\"content-group-expand-modal-container popup-expand-modal-container\">\n              <div class=\"content-group-expand-modal with-image popup-expand-modal\">\n                      <div class=\"content-group-modal-image-container popup-modal-image-container\" style=\"background-image: url(https:\/\/content.foodbankscanada.ca\/wordpress\/2025\/04\/cleaning-67ed9177988d4.jpg);\"><\/div>\n                          <div class=\"content-group-modal-info popup-modal-info\">\n                                                            <h3 class=\"content-group-modal-title popup-modal-title\">\n                            Lignes directrices relatives aux dons non alimentaires\n                        <\/h3>\n                                                                        <div class=\"content-group-expand-content popup-expand-content\">\n                            <p>En plus de la nourriture, nous acceptons une vari\u00e9t\u00e9 de produits de soins personnels et de nettoyage m\u00e9nager, en fonction des besoins. Cela permet \u00e0 la client\u00e8le de consacrer plus d\u2019argent \u00e0 l\u2019achat de nourriture ou d\u2019autres articles essentiels. Voici les types de produits auxquels nous accordons la priorit\u00e9 aux fins de la distribution au sein du r\u00e9seau :<\/p>\n<ul>\n<li>Fournitures pour b\u00e9b\u00e9 (couches, lingettes, pr\u00e9paration pour nourrissons)<\/li>\n<li>Articles d\u2019hygi\u00e8ne personnelle (shampoing, d\u00e9odorant, produits hygi\u00e9niques)<\/li>\n<li>Nettoyants m\u00e9nagers (savon \u00e0 lessive et \u00e0 vaisselle, articles de nettoyage)<\/li>\n<\/ul>\n\n                        <\/div>\n                                            <\/div>\n                <\/div>\n        <\/div>\n    <\/div>\n<\/div>                                <div class=\"content-group-card-container with-modal contextual-blog-post-card\">\n                            \n                            <div class=\"contextual-image-container\">\n                                                                <img decoding=\"async\" class=\"contextual-image\" src=\"https:\/\/content.foodbankscanada.ca\/wordpress\/2025\/04\/cleaning-67ed9177988d4.jpg\" alt=\"\">\n                                                                <div class=\"plus-action\">\n\n                                    <div class=\"plus-button\"><\/div>\n                                <\/div>                              \n                                                                                                  <div class=\"contextual-title-container\" style=\"\">\n                                    <p class=\"contextual-title\">\n                                        Lignes directrices relatives aux dons non alimentaires\n                                    <\/p>\n                                <\/div>\n                                \n                            <\/div>  \n\n                                                        <div class=\"contextual-excerpt-container\">                    \n                                                            <div class=\"contextual-excerpt mb-2\">\n                                    \n                                <\/div>\n                                <p class=\"contextual-text\">\n                                    \n                                <\/p>\n                            <\/div>\n                                                        <\/div>\n                        <\/div>\n                                                                                <div class=\"content-group-image-card\">\n                                                            <div class=\"content-group-expand content-group-expand-2 popup-expand\">\n  <div class=\"content-group-expand-container popup-expand-container\">\n    <img decoding=\"async\" class=\"content-group-expand-close content-group-expand-close-2 popup-expand-close\" src=\"https:\/\/foodbankscanada.ca\/app\/themes\/fbc-theme\/public\/build\/assets\/close_button-BV-JGUgw.png\" alt=\"\">\n    <div class=\"content-group-expand-modal-container popup-expand-modal-container\">\n              <div class=\"content-group-expand-modal with-image popup-expand-modal\">\n                      <div class=\"content-group-modal-image-container popup-modal-image-container\" style=\"background-image: url(https:\/\/content.foodbankscanada.ca\/wordpress\/2025\/04\/Soda-67ed917b87732.jpg);\"><\/div>\n                          <div class=\"content-group-modal-info popup-modal-info\">\n                                                            <h3 class=\"content-group-modal-title popup-modal-title\">\n                            Ce que nous ne pouvons pas accepter\n                        <\/h3>\n                                                                        <div class=\"content-group-expand-content popup-expand-content\">\n                            <p>Voici certains articles que nous ne pouvons tout simplement pas accepter :<\/p>\n<ul>\n<li>Alcool (ou rince-bouche, vanille, etc.)<\/li>\n<li>Tabac (ou produits de vapotage)<\/li>\n<li>Boissons \u00e0 haute teneur en sucre (boissons gazeuses ou \u00e9nergisantes)<\/li>\n<li>Produits DIN ou NPN* (m\u00e9dicaments, vitamines, suppl\u00e9ments)<br \/>\n<em>*excluant le dentifrice<\/em><\/li>\n<\/ul>\n\n                        <\/div>\n                                            <\/div>\n                <\/div>\n        <\/div>\n    <\/div>\n<\/div>                                <div class=\"content-group-card-container with-modal contextual-blog-post-card\">\n                            \n                            <div class=\"contextual-image-container\">\n                                                                <img decoding=\"async\" class=\"contextual-image\" src=\"https:\/\/content.foodbankscanada.ca\/wordpress\/2025\/04\/Soda-67ed917b87732.jpg\" alt=\"\">\n                                                                <div class=\"plus-action\">\n\n                                    <div class=\"plus-button\"><\/div>\n                                <\/div>                              \n                                                                                                  <div class=\"contextual-title-container\" style=\"\">\n                                    <p class=\"contextual-title\">\n                                        Ce que nous ne pouvons pas accepter\n                                    <\/p>\n                                <\/div>\n                                \n                            <\/div>  \n\n                                                        <div class=\"contextual-excerpt-container\">                    \n                                                            <div class=\"contextual-excerpt mb-2\">\n                                    \n                                <\/div>\n                                <p class=\"contextual-text\">\n                                    \n                                <\/p>\n                            <\/div>\n                                                        <\/div>\n                        <\/div>\n                                                        <\/div>\n    <\/div>\n<\/section>\n\n\n<div class=\"wp-block-buttons is-content-justification-center is-layout-flex wp-container-core-buttons-is-layout-16018d1d wp-block-buttons-is-layout-flex\">\n<div class=\"wp-block-button\"><a class=\"wp-block-button__link wp-element-button\" href=\"https:\/\/content.foodbankscanada.ca\/wordpress\/2025\/04\/FR-Guidelines-for-Donations-2025.pdf\" target=\"_blank\" rel=\"noreferrer noopener\">T\u00e9l\u00e9chargez les lignes directrices relatives aux dons ici.<\/a><\/div>\n<\/div>\n\n\n\n<p><\/p>\n\n\n\n<p class=\"has-text-align-center\">Pour plus d&#8217;informations ou pour faire un don, veuillez contacter&nbsp;<a href=\"mailto:food-donations@foodbankscanada.ca\" target=\"_blank\" rel=\"noreferrer noopener\">food-donations@foodbankscanada.ca<\/a><\/p>\n","protected":false},"excerpt":{"rendered":"<p>Aujourd\u2019hui plus que jamais, les banques alimentaires du pays doivent avoir acc\u00e8s \u00e0 des aliments sains et nutritifs. \u00c0 Banques alimentaires Canada, nous adh\u00e9rons aux recommandations que formulent le Guide alimentaire canadien et la nouvelle Strat\u00e9gie en mati\u00e8re de saine alimentation de Sant\u00e9 Canada, afin d\u2019offrir des aliments de grande qualit\u00e9 aux personnes qui en&#8230;<\/p>\n","protected":false},"author":36,"featured_media":0,"parent":0,"menu_order":40,"comment_status":"closed","ping_status":"closed","template":"","meta":{"_acf_changed":false,"footnotes":""},"categories":[],"tags":[],"class_list":["post-37797","page","type-page","status-publish","hentry"],"acf":[],"yoast_head":"<!-- This site is optimized with the Yoast SEO Premium plugin v26.9 (Yoast SEO v26.9) - https:\/\/yoast.com\/product\/yoast-seo-premium-wordpress\/ -->\n<title>Lingnes directrices relatives aux dons - Banques alimentaires Canada<\/title>\n<meta name=\"robots\" content=\"index, follow, max-snippet:-1, max-image-preview:large, max-video-preview:-1\" \/>\n<link rel=\"canonical\" href=\"https:\/\/foodbankscanada.ca\/fr\/lingnes-directrices-relatives-aux-dons\/\" \/>\n<meta property=\"og:locale\" content=\"fr_CA\" \/>\n<meta property=\"og:type\" content=\"article\" \/>\n<meta property=\"og:title\" content=\"Lingnes directrices relatives aux dons\" \/>\n<meta property=\"og:description\" content=\"Aujourd\u2019hui plus que jamais, les banques alimentaires du pays doivent avoir acc\u00e8s \u00e0 des aliments sains et nutritifs. \u00c0 Banques alimentaires Canada, nous adh\u00e9rons aux recommandations que formulent le Guide alimentaire canadien et la nouvelle Strat\u00e9gie en mati\u00e8re de saine alimentation de Sant\u00e9 Canada, afin d\u2019offrir des aliments de grande qualit\u00e9 aux personnes qui en...\" \/>\n<meta property=\"og:url\" content=\"https:\/\/foodbankscanada.ca\/fr\/lingnes-directrices-relatives-aux-dons\/\" \/>\n<meta property=\"og:site_name\" content=\"Banques alimentaires Canada\" \/>\n<meta property=\"article:modified_time\" content=\"2025-06-12T13:04:42+00:00\" \/>\n<meta property=\"og:image\" content=\"https:\/\/foodbankscanada.ca\/app\/uploads\/2025\/06\/guidelines-for-donation-fr.png\" \/>\n<meta name=\"twitter:card\" content=\"summary_large_image\" \/>\n<script type=\"application\/ld+json\" class=\"yoast-schema-graph\">{\"@context\":\"https:\/\/schema.org\",\"@graph\":[{\"@type\":\"WebPage\",\"@id\":\"https:\/\/foodbankscanada.ca\/fr\/lingnes-directrices-relatives-aux-dons\/\",\"url\":\"https:\/\/foodbankscanada.ca\/fr\/lingnes-directrices-relatives-aux-dons\/\",\"name\":\"Lingnes directrices relatives aux dons - Banques alimentaires Canada\",\"isPartOf\":{\"@id\":\"https:\/\/foodbankscanada.ca\/fr\/#website\"},\"primaryImageOfPage\":{\"@id\":\"https:\/\/foodbankscanada.ca\/fr\/lingnes-directrices-relatives-aux-dons\/#primaryimage\"},\"image\":{\"@id\":\"https:\/\/foodbankscanada.ca\/fr\/lingnes-directrices-relatives-aux-dons\/#primaryimage\"},\"thumbnailUrl\":\"https:\/\/foodbankscanada.ca\/app\/uploads\/2025\/06\/guidelines-for-donation-fr.png\",\"datePublished\":\"2025-05-19T16:22:25+00:00\",\"dateModified\":\"2025-06-12T13:04:42+00:00\",\"breadcrumb\":{\"@id\":\"https:\/\/foodbankscanada.ca\/fr\/lingnes-directrices-relatives-aux-dons\/#breadcrumb\"},\"inLanguage\":\"fr-CA\",\"potentialAction\":[{\"@type\":\"ReadAction\",\"target\":[\"https:\/\/foodbankscanada.ca\/fr\/lingnes-directrices-relatives-aux-dons\/\"]}]},{\"@type\":\"ImageObject\",\"inLanguage\":\"fr-CA\",\"@id\":\"https:\/\/foodbankscanada.ca\/fr\/lingnes-directrices-relatives-aux-dons\/#primaryimage\",\"url\":\"https:\/\/foodbankscanada.ca\/app\/uploads\/2025\/06\/guidelines-for-donation-fr.png\",\"contentUrl\":\"https:\/\/foodbankscanada.ca\/app\/uploads\/2025\/06\/guidelines-for-donation-fr.png\"},{\"@type\":\"BreadcrumbList\",\"@id\":\"https:\/\/foodbankscanada.ca\/fr\/lingnes-directrices-relatives-aux-dons\/#breadcrumb\",\"itemListElement\":[{\"@type\":\"ListItem\",\"position\":1,\"name\":\"Accueil\",\"item\":\"https:\/\/foodbankscanada.ca\/fr\/\"},{\"@type\":\"ListItem\",\"position\":2,\"name\":\"Lingnes directrices relatives aux dons\"}]},{\"@type\":\"WebSite\",\"@id\":\"https:\/\/foodbankscanada.ca\/fr\/#website\",\"url\":\"https:\/\/foodbankscanada.ca\/fr\/\",\"name\":\"Banques alimentaires Canada\",\"description\":\"\",\"publisher\":{\"@id\":\"https:\/\/foodbankscanada.ca\/fr\/#organization\"},\"potentialAction\":[{\"@type\":\"SearchAction\",\"target\":{\"@type\":\"EntryPoint\",\"urlTemplate\":\"https:\/\/foodbankscanada.ca\/fr\/?s={search_term_string}\"},\"query-input\":{\"@type\":\"PropertyValueSpecification\",\"valueRequired\":true,\"valueName\":\"search_term_string\"}}],\"inLanguage\":\"fr-CA\"},{\"@type\":\"Organization\",\"@id\":\"https:\/\/foodbankscanada.ca\/fr\/#organization\",\"name\":\"Food Banks Canada\",\"url\":\"https:\/\/foodbankscanada.ca\/fr\/\",\"logo\":{\"@type\":\"ImageObject\",\"inLanguage\":\"fr-CA\",\"@id\":\"https:\/\/foodbankscanada.ca\/fr\/#\/schema\/logo\/image\/\",\"url\":\"https:\/\/fbcblobstorage.blob.core.windows.net\/wordpress\/2021\/11\/logo.png\",\"contentUrl\":\"https:\/\/fbcblobstorage.blob.core.windows.net\/wordpress\/2021\/11\/logo.png\",\"width\":377,\"height\":89,\"caption\":\"Food Banks Canada\"},\"image\":{\"@id\":\"https:\/\/foodbankscanada.ca\/fr\/#\/schema\/logo\/image\/\"}}]}<\/script>\n<!-- \/ Yoast SEO Premium plugin. -->","yoast_head_json":{"title":"Lingnes directrices relatives aux dons - Banques alimentaires Canada","robots":{"index":"index","follow":"follow","max-snippet":"max-snippet:-1","max-image-preview":"max-image-preview:large","max-video-preview":"max-video-preview:-1"},"canonical":"https:\/\/foodbankscanada.ca\/fr\/lingnes-directrices-relatives-aux-dons\/","og_locale":"fr_CA","og_type":"article","og_title":"Lingnes directrices relatives aux dons","og_description":"Aujourd\u2019hui plus que jamais, les banques alimentaires du pays doivent avoir acc\u00e8s \u00e0 des aliments sains et nutritifs. \u00c0 Banques alimentaires Canada, nous adh\u00e9rons aux recommandations que formulent le Guide alimentaire canadien et la nouvelle Strat\u00e9gie en mati\u00e8re de saine alimentation de Sant\u00e9 Canada, afin d\u2019offrir des aliments de grande qualit\u00e9 aux personnes qui en...","og_url":"https:\/\/foodbankscanada.ca\/fr\/lingnes-directrices-relatives-aux-dons\/","og_site_name":"Banques alimentaires Canada","article_modified_time":"2025-06-12T13:04:42+00:00","og_image":[{"url":"https:\/\/foodbankscanada.ca\/app\/uploads\/2025\/06\/guidelines-for-donation-fr.png","type":"","width":"","height":""}],"twitter_card":"summary_large_image","schema":{"@context":"https:\/\/schema.org","@graph":[{"@type":"WebPage","@id":"https:\/\/foodbankscanada.ca\/fr\/lingnes-directrices-relatives-aux-dons\/","url":"https:\/\/foodbankscanada.ca\/fr\/lingnes-directrices-relatives-aux-dons\/","name":"Lingnes directrices relatives aux dons - Banques alimentaires Canada","isPartOf":{"@id":"https:\/\/foodbankscanada.ca\/fr\/#website"},"primaryImageOfPage":{"@id":"https:\/\/foodbankscanada.ca\/fr\/lingnes-directrices-relatives-aux-dons\/#primaryimage"},"image":{"@id":"https:\/\/foodbankscanada.ca\/fr\/lingnes-directrices-relatives-aux-dons\/#primaryimage"},"thumbnailUrl":"https:\/\/foodbankscanada.ca\/app\/uploads\/2025\/06\/guidelines-for-donation-fr.png","datePublished":"2025-05-19T16:22:25+00:00","dateModified":"2025-06-12T13:04:42+00:00","breadcrumb":{"@id":"https:\/\/foodbankscanada.ca\/fr\/lingnes-directrices-relatives-aux-dons\/#breadcrumb"},"inLanguage":"fr-CA","potentialAction":[{"@type":"ReadAction","target":["https:\/\/foodbankscanada.ca\/fr\/lingnes-directrices-relatives-aux-dons\/"]}]},{"@type":"ImageObject","inLanguage":"fr-CA","@id":"https:\/\/foodbankscanada.ca\/fr\/lingnes-directrices-relatives-aux-dons\/#primaryimage","url":"https:\/\/foodbankscanada.ca\/app\/uploads\/2025\/06\/guidelines-for-donation-fr.png","contentUrl":"https:\/\/foodbankscanada.ca\/app\/uploads\/2025\/06\/guidelines-for-donation-fr.png"},{"@type":"BreadcrumbList","@id":"https:\/\/foodbankscanada.ca\/fr\/lingnes-directrices-relatives-aux-dons\/#breadcrumb","itemListElement":[{"@type":"ListItem","position":1,"name":"Accueil","item":"https:\/\/foodbankscanada.ca\/fr\/"},{"@type":"ListItem","position":2,"name":"Lingnes directrices relatives aux dons"}]},{"@type":"WebSite","@id":"https:\/\/foodbankscanada.ca\/fr\/#website","url":"https:\/\/foodbankscanada.ca\/fr\/","name":"Banques alimentaires Canada","description":"","publisher":{"@id":"https:\/\/foodbankscanada.ca\/fr\/#organization"},"potentialAction":[{"@type":"SearchAction","target":{"@type":"EntryPoint","urlTemplate":"https:\/\/foodbankscanada.ca\/fr\/?s={search_term_string}"},"query-input":{"@type":"PropertyValueSpecification","valueRequired":true,"valueName":"search_term_string"}}],"inLanguage":"fr-CA"},{"@type":"Organization","@id":"https:\/\/foodbankscanada.ca\/fr\/#organization","name":"Food Banks Canada","url":"https:\/\/foodbankscanada.ca\/fr\/","logo":{"@type":"ImageObject","inLanguage":"fr-CA","@id":"https:\/\/foodbankscanada.ca\/fr\/#\/schema\/logo\/image\/","url":"https:\/\/fbcblobstorage.blob.core.windows.net\/wordpress\/2021\/11\/logo.png","contentUrl":"https:\/\/fbcblobstorage.blob.core.windows.net\/wordpress\/2021\/11\/logo.png","width":377,"height":89,"caption":"Food Banks Canada"},"image":{"@id":"https:\/\/foodbankscanada.ca\/fr\/#\/schema\/logo\/image\/"}}]}},"_links":{"self":[{"href":"https:\/\/foodbankscanada.ca\/fr\/wp-json\/wp\/v2\/pages\/37797","targetHints":{"allow":["GET"]}}],"collection":[{"href":"https:\/\/foodbankscanada.ca\/fr\/wp-json\/wp\/v2\/pages"}],"about":[{"href":"https:\/\/foodbankscanada.ca\/fr\/wp-json\/wp\/v2\/types\/page"}],"author":[{"embeddable":true,"href":"https:\/\/foodbankscanada.ca\/fr\/wp-json\/wp\/v2\/users\/36"}],"replies":[{"embeddable":true,"href":"https:\/\/foodbankscanada.ca\/fr\/wp-json\/wp\/v2\/comments?post=37797"}],"version-history":[{"count":15,"href":"https:\/\/foodbankscanada.ca\/fr\/wp-json\/wp\/v2\/pages\/37797\/revisions"}],"predecessor-version":[{"id":42821,"href":"https:\/\/foodbankscanada.ca\/fr\/wp-json\/wp\/v2\/pages\/37797\/revisions\/42821"}],"wp:attachment":[{"href":"https:\/\/foodbankscanada.ca\/fr\/wp-json\/wp\/v2\/media?parent=37797"}],"wp:term":[{"taxonomy":"category","embeddable":true,"href":"https:\/\/foodbankscanada.ca\/fr\/wp-json\/wp\/v2\/categories?post=37797"},{"taxonomy":"post_tag","embeddable":true,"href":"https:\/\/foodbankscanada.ca\/fr\/wp-json\/wp\/v2\/tags?post=37797"}],"curies":[{"name":"wp","href":"https:\/\/api.w.org\/{rel}","templated":true}]}}