{"id":30421,"date":"2023-12-11T15:31:11","date_gmt":"2023-12-11T20:31:11","guid":{"rendered":"https:\/\/foodbankscanada.ca\/?page_id=30421"},"modified":"2026-04-27T11:11:47","modified_gmt":"2026-04-27T15:11:47","slug":"partenaires","status":"publish","type":"page","link":"https:\/\/foodbankscanada.ca\/fr\/apres-la-cloche\/partenaires\/","title":{"rendered":"Partenaires"},"content":{"rendered":"\n<h1 class=\"wp-block-heading mt-6\" style=\"font-size: min(7vw, 50px) !important;\">Fiers partenaires<\/h1>\n\n\n\n<h3 class=\"fw-normal mt-3 mt-md-5\">Banques alimentaires Canada reconna\u00eet les g\u00e9n\u00e9reuses contributions des personnes et des organismes qui rendent son travail possible. Vous trouverez ci-dessous les organismes qui ont appuy\u00e9 le programme Apr\u00e8s la cloche en 2025.<\/h3>\n\n\n\n<div style=\"height:40px\" aria-hidden=\"true\" class=\"wp-block-spacer\"><\/div>\n\n\n\n<hr class=\"wp-block-separator has-alpha-channel-opacity text-dark\"\/>\n\n\n\n<div style=\"height:40px\" aria-hidden=\"true\" class=\"wp-block-spacer\"><\/div>\n\n\n\n<h2 class=\"wp-block-heading\" id=\"h-commanditaire-des-aliments-frais\"><strong>Commanditaire des aliments frais<\/strong><\/h2>\n\n\n<section class=\" block block-logo-grid logo-grid  alignfull\" style=\"\">\n        \n    <div class=\"container text-center\">\n                                <img decoding=\"async\" class=\"partner-logo\" src=\"https:\/\/content.foodbankscanada.ca\/wordpress\/2023\/12\/Subway-logo.png\" style=\"max-width: unset; width: 45%; max-height: unset;\" \/>\n            <\/div>\n    <\/section>\n\n\n<div style=\"height:40px\" aria-hidden=\"true\" class=\"wp-block-spacer\"><\/div>\n\n\n\n<hr class=\"wp-block-separator has-alpha-channel-opacity text-dark\"\/>\n\n\n\n<div style=\"height:40px\" aria-hidden=\"true\" class=\"wp-block-spacer\"><\/div>\n\n\n\n<h2 class=\"wp-block-heading\" id=\"h-fiers-commanditaires\"><strong>Fiers commanditaires<\/strong><\/h2>\n\n\n\n<p>Merci \u00e0 nos g\u00e9n\u00e9reux commanditaires, dont le financement, les produits et les services rendent ce programme possible.<\/p>\n\n\n<section class=\" block block-logo-grid logo-grid  alignfull\" style=\"\">\n        \n    <div class=\"container text-center\">\n                                <img decoding=\"async\" class=\"partner-logo\" src=\"https:\/\/content.foodbankscanada.ca\/wordpress\/2023\/12\/Air-Canada-Cargo.png\" style=\"max-width: 290px; width: 28%; max-height: unset;\" \/>\n                                <img decoding=\"async\" class=\"partner-logo\" src=\"https:\/\/content.foodbankscanada.ca\/wordpress\/2023\/12\/B-ACF-preferred-bilingual-logo.png\" style=\"max-width: 290px; width: 28%; max-height: unset;\" \/>\n                                <img decoding=\"async\" class=\"partner-logo\" src=\"https:\/\/content.foodbankscanada.ca\/wordpress\/2024\/03\/C4-logo-BelTLCGGS_rond.png\" style=\"max-width: 290px; width: 28%; max-height: unset;\" \/>\n                                <img decoding=\"async\" class=\"partner-logo\" src=\"https:\/\/content.foodbankscanada.ca\/wordpress\/2024\/09\/TheInternationalCentre_Logo_Stack_2915_Pos_4c-66db3569a4062.png\" style=\"max-width: 290px; width: 28%; max-height: unset;\" \/>\n                                <img decoding=\"async\" class=\"partner-logo\" src=\"https:\/\/content.foodbankscanada.ca\/wordpress\/2024\/08\/NESTLElogo_whitespace-01.png\" style=\"max-width: 290px; width: 28%; max-height: unset;\" \/>\n                                <img decoding=\"async\" class=\"partner-logo\" src=\"https:\/\/content.foodbankscanada.ca\/wordpress\/2025\/04\/TLS-Logo.jpg\" style=\"max-width: 290px; width: 28%; max-height: unset;\" \/>\n                                <img decoding=\"async\" class=\"partner-logo\" src=\"https:\/\/content.foodbankscanada.ca\/wordpress\/2025\/04\/Trucks-for-Change.jpg\" style=\"max-width: 290px; width: 28%; max-height: unset;\" \/>\n                                <img decoding=\"async\" class=\"partner-logo\" src=\"https:\/\/content.foodbankscanada.ca\/wordpress\/2022\/04\/logo-kellogg.webp\" style=\"max-width: 290px; width: 28%; max-height: unset;\" \/>\n                                <img decoding=\"async\" class=\"partner-logo\" src=\"https:\/\/content.foodbankscanada.ca\/wordpress\/2026\/04\/WKKC_Logo_Red_CMYK.jpg\" style=\"max-width: 290px; width: 28%; max-height: unset;\" \/>\n                                <img decoding=\"async\" class=\"partner-logo\" src=\"https:\/\/content.foodbankscanada.ca\/wordpress\/2024\/09\/Bayer-Cross_Basic_print_CMYK-66db34ced2287.jpg\" style=\"max-width: 290px; width: 28%; max-height: unset;\" \/>\n                                <img decoding=\"async\" class=\"partner-logo\" src=\"https:\/\/content.foodbankscanada.ca\/wordpress\/2023\/12\/Cargill-Logo_.png\" style=\"max-width: 290px; width: 28%; max-height: unset;\" \/>\n                                <img decoding=\"async\" class=\"partner-logo\" src=\"https:\/\/content.foodbankscanada.ca\/wordpress\/2025\/08\/Desjardins-logo@2x.png\" style=\"max-width: 290px; width: 28%; max-height: unset;\" \/>\n                                <img decoding=\"async\" class=\"partner-logo\" src=\"https:\/\/content.foodbankscanada.ca\/wordpress\/2026\/04\/Enterprise-Mobility_Primary_green-blue_TM_RGB-scaled.png\" style=\"max-width: 290px; width: 28%; max-height: unset;\" \/>\n                                <img decoding=\"async\" class=\"partner-logo\" src=\"https:\/\/content.foodbankscanada.ca\/wordpress\/2024\/03\/D5-Keurig-Dr-Pepper-Canada-logo_Full-color.png\" style=\"max-width: 290px; width: 28%; max-height: unset;\" \/>\n                                <img decoding=\"async\" class=\"partner-logo\" src=\"https:\/\/content.foodbankscanada.ca\/wordpress\/2022\/04\/logo-mccormick-62684357b4a17.webp\" style=\"max-width: 290px; width: 28%; max-height: unset;\" \/>\n                                <img decoding=\"async\" class=\"partner-logo\" src=\"https:\/\/content.foodbankscanada.ca\/wordpress\/2026\/04\/PartnerLogos2025-1.png\" style=\"max-width: 290px; width: 28%; max-height: unset;\" \/>\n                                <img decoding=\"async\" class=\"partner-logo\" src=\"https:\/\/content.foodbankscanada.ca\/wordpress\/2025\/04\/Saputo_Logo-680f92bebf7a8.jpg\" style=\"max-width: 290px; width: 28%; max-height: unset;\" \/>\n                                <img decoding=\"async\" class=\"partner-logo\" src=\"https:\/\/content.foodbankscanada.ca\/wordpress\/2025\/04\/Partner-Logos-4.png\" style=\"max-width: 290px; width: 28%; max-height: unset;\" \/>\n                                <img decoding=\"async\" class=\"partner-logo\" src=\"https:\/\/content.foodbankscanada.ca\/wordpress\/2024\/09\/amazon_logo_RGB-66db34c10f5b0.png\" style=\"max-width: 290px; width: 28%; max-height: unset;\" \/>\n                                <img decoding=\"async\" class=\"partner-logo\" src=\"https:\/\/content.foodbankscanada.ca\/wordpress\/2023\/12\/bimbo-canada_logo_s.png\" style=\"max-width: 290px; width: 28%; max-height: unset;\" \/>\n                                <img decoding=\"async\" class=\"partner-logo\" src=\"https:\/\/content.foodbankscanada.ca\/wordpress\/2025\/04\/Clover-Leaf-Logo.jpg\" style=\"max-width: 290px; width: 28%; max-height: unset;\" \/>\n                                <img decoding=\"async\" class=\"partner-logo\" src=\"https:\/\/content.foodbankscanada.ca\/wordpress\/2025\/04\/days-inn-Sharing-Partner.png\" style=\"max-width: 290px; width: 28%; max-height: unset;\" \/>\n                                <img decoding=\"async\" class=\"partner-logo\" src=\"https:\/\/content.foodbankscanada.ca\/wordpress\/2024\/02\/E4-Leclerc.webp\" style=\"max-width: 290px; width: 28%; max-height: unset;\" \/>\n                                <img decoding=\"async\" class=\"partner-logo\" src=\"https:\/\/content.foodbankscanada.ca\/wordpress\/2026\/04\/PartnerLogos2025.png\" style=\"max-width: 290px; width: 28%; max-height: unset;\" \/>\n                                <img decoding=\"async\" class=\"partner-logo\" src=\"https:\/\/content.foodbankscanada.ca\/wordpress\/2025\/04\/Wajax.jpg\" style=\"max-width: 290px; width: 28%; max-height: unset;\" \/>\n            <\/div>\n    <\/section>\n\n\n<div style=\"height:40px\" aria-hidden=\"true\" class=\"wp-block-spacer\"><\/div>\n\n\n\n<hr class=\"wp-block-separator has-alpha-channel-opacity text-dark\"\/>\n\n\n\n<div style=\"height:40px\" aria-hidden=\"true\" class=\"wp-block-spacer\"><\/div>\n\n\n\n<h2 class=\"wp-block-heading\" id=\"h-fiers-fournisseurs\"><strong>Fiers fournisseurs<\/strong><\/h2>\n\n\n\n<p>Merci \u00e0 nos fournisseurs, dont les prix solidaires nous aident \u00e0 rejoindre encore plus de communaut\u00e9s.<\/p>\n\n\n<section class=\" block block-logo-grid logo-grid  alignfull\" style=\"\">\n        \n    <div class=\"container text-center\">\n                                <img decoding=\"async\" class=\"partner-logo\" src=\"https:\/\/content.foodbankscanada.ca\/wordpress\/2024\/03\/C4-logo-BelTLCGGS_rond.png\" style=\"max-width: 190px; width: 20.5%; max-height: unset;\" \/>\n                                <img decoding=\"async\" class=\"partner-logo\" src=\"https:\/\/content.foodbankscanada.ca\/wordpress\/2025\/04\/General-Mills-Provision-Partner.jpeg\" style=\"max-width: 190px; width: 20.5%; max-height: unset;\" \/>\n                                <img decoding=\"async\" class=\"partner-logo\" src=\"https:\/\/content.foodbankscanada.ca\/wordpress\/2025\/04\/Partner-Logos-7.png\" style=\"max-width: 190px; width: 20.5%; max-height: unset;\" \/>\n                                <img decoding=\"async\" class=\"partner-logo\" src=\"https:\/\/content.foodbankscanada.ca\/wordpress\/2025\/04\/Organic-Meadow.jpg\" style=\"max-width: 190px; width: 20.5%; max-height: unset;\" \/>\n                                <img decoding=\"async\" class=\"partner-logo\" src=\"https:\/\/content.foodbankscanada.ca\/wordpress\/2022\/09\/Quaker.001.jpeg\" style=\"max-width: 190px; width: 20.5%; max-height: unset;\" \/>\n                                <img decoding=\"async\" class=\"partner-logo\" src=\"https:\/\/content.foodbankscanada.ca\/wordpress\/2026\/04\/PartnerLogos2025-2.png\" style=\"max-width: 190px; width: 20.5%; max-height: unset;\" \/>\n                                <img decoding=\"async\" class=\"partner-logo\" src=\"https:\/\/content.foodbankscanada.ca\/wordpress\/2025\/05\/Partner-Logos.png\" style=\"max-width: 190px; width: 20.5%; max-height: unset;\" \/>\n            <\/div>\n    <\/section>\n\n\n<div style=\"height:40px\" aria-hidden=\"true\" class=\"wp-block-spacer\"><\/div>\n\n\n\n<hr class=\"wp-block-separator has-alpha-channel-opacity text-dark\"\/>\n","protected":false},"excerpt":{"rendered":"<p>Fiers partenaires Banques alimentaires Canada reconna\u00eet les g\u00e9n\u00e9reuses contributions des personnes et des organismes qui rendent son travail possible. Vous trouverez ci-dessous les organismes qui ont appuy\u00e9 le programme Apr\u00e8s la cloche en 2025. Commanditaire des aliments frais Fiers commanditaires Merci \u00e0 nos g\u00e9n\u00e9reux commanditaires, dont le financement, les produits et les services rendent ce&#8230;<\/p>\n","protected":false},"author":33,"featured_media":0,"parent":30400,"menu_order":2,"comment_status":"closed","ping_status":"closed","template":"","meta":{"_acf_changed":false,"footnotes":""},"categories":[],"tags":[],"class_list":["post-30421","page","type-page","status-publish","hentry"],"acf":[],"yoast_head":"<!-- This site is optimized with the Yoast SEO Premium plugin v26.9 (Yoast SEO v26.9) - https:\/\/yoast.com\/product\/yoast-seo-premium-wordpress\/ -->\n<title>Partenaires - Banques alimentaires Canada<\/title>\n<meta name=\"robots\" content=\"index, follow, max-snippet:-1, max-image-preview:large, max-video-preview:-1\" \/>\n<link rel=\"canonical\" href=\"https:\/\/foodbankscanada.ca\/fr\/apres-la-cloche\/partenaires\/\" \/>\n<meta property=\"og:locale\" content=\"fr_CA\" \/>\n<meta property=\"og:type\" content=\"article\" \/>\n<meta property=\"og:title\" content=\"Partenaires\" \/>\n<meta property=\"og:description\" content=\"Fiers partenaires Banques alimentaires Canada reconna\u00eet les g\u00e9n\u00e9reuses contributions des personnes et des organismes qui rendent son travail possible. Vous trouverez ci-dessous les organismes qui ont appuy\u00e9 le programme Apr\u00e8s la cloche en 2025. Commanditaire des aliments frais Fiers commanditaires Merci \u00e0 nos g\u00e9n\u00e9reux commanditaires, dont le financement, les produits et les services rendent ce...\" \/>\n<meta property=\"og:url\" content=\"https:\/\/foodbankscanada.ca\/fr\/apres-la-cloche\/partenaires\/\" \/>\n<meta property=\"og:site_name\" content=\"Banques alimentaires Canada\" \/>\n<meta property=\"article:modified_time\" content=\"2026-04-27T15:11:47+00:00\" \/>\n<meta name=\"twitter:card\" content=\"summary_large_image\" \/>\n<script type=\"application\/ld+json\" class=\"yoast-schema-graph\">{\"@context\":\"https:\/\/schema.org\",\"@graph\":[{\"@type\":\"WebPage\",\"@id\":\"https:\/\/foodbankscanada.ca\/fr\/apres-la-cloche\/partenaires\/\",\"url\":\"https:\/\/foodbankscanada.ca\/fr\/apres-la-cloche\/partenaires\/\",\"name\":\"Partenaires - Banques alimentaires Canada\",\"isPartOf\":{\"@id\":\"https:\/\/foodbankscanada.ca\/fr\/#website\"},\"datePublished\":\"2023-12-11T20:31:11+00:00\",\"dateModified\":\"2026-04-27T15:11:47+00:00\",\"breadcrumb\":{\"@id\":\"https:\/\/foodbankscanada.ca\/fr\/apres-la-cloche\/partenaires\/#breadcrumb\"},\"inLanguage\":\"fr-CA\",\"potentialAction\":[{\"@type\":\"ReadAction\",\"target\":[\"https:\/\/foodbankscanada.ca\/fr\/apres-la-cloche\/partenaires\/\"]}]},{\"@type\":\"BreadcrumbList\",\"@id\":\"https:\/\/foodbankscanada.ca\/fr\/apres-la-cloche\/partenaires\/#breadcrumb\",\"itemListElement\":[{\"@type\":\"ListItem\",\"position\":1,\"name\":\"Accueil\",\"item\":\"https:\/\/foodbankscanada.ca\/fr\/\"},{\"@type\":\"ListItem\",\"position\":2,\"name\":\"Apr\u00e8s La Cloche\",\"item\":\"https:\/\/foodbankscanada.ca\/fr\/apres-la-cloche\/\"},{\"@type\":\"ListItem\",\"position\":3,\"name\":\"Partenaires\"}]},{\"@type\":\"WebSite\",\"@id\":\"https:\/\/foodbankscanada.ca\/fr\/#website\",\"url\":\"https:\/\/foodbankscanada.ca\/fr\/\",\"name\":\"Banques alimentaires Canada\",\"description\":\"\",\"publisher\":{\"@id\":\"https:\/\/foodbankscanada.ca\/fr\/#organization\"},\"potentialAction\":[{\"@type\":\"SearchAction\",\"target\":{\"@type\":\"EntryPoint\",\"urlTemplate\":\"https:\/\/foodbankscanada.ca\/fr\/?s={search_term_string}\"},\"query-input\":{\"@type\":\"PropertyValueSpecification\",\"valueRequired\":true,\"valueName\":\"search_term_string\"}}],\"inLanguage\":\"fr-CA\"},{\"@type\":\"Organization\",\"@id\":\"https:\/\/foodbankscanada.ca\/fr\/#organization\",\"name\":\"Food Banks Canada\",\"url\":\"https:\/\/foodbankscanada.ca\/fr\/\",\"logo\":{\"@type\":\"ImageObject\",\"inLanguage\":\"fr-CA\",\"@id\":\"https:\/\/foodbankscanada.ca\/fr\/#\/schema\/logo\/image\/\",\"url\":\"https:\/\/fbcblobstorage.blob.core.windows.net\/wordpress\/2021\/11\/logo.png\",\"contentUrl\":\"https:\/\/fbcblobstorage.blob.core.windows.net\/wordpress\/2021\/11\/logo.png\",\"width\":377,\"height\":89,\"caption\":\"Food Banks Canada\"},\"image\":{\"@id\":\"https:\/\/foodbankscanada.ca\/fr\/#\/schema\/logo\/image\/\"}}]}<\/script>\n<!-- \/ Yoast SEO Premium plugin. -->","yoast_head_json":{"title":"Partenaires - Banques alimentaires Canada","robots":{"index":"index","follow":"follow","max-snippet":"max-snippet:-1","max-image-preview":"max-image-preview:large","max-video-preview":"max-video-preview:-1"},"canonical":"https:\/\/foodbankscanada.ca\/fr\/apres-la-cloche\/partenaires\/","og_locale":"fr_CA","og_type":"article","og_title":"Partenaires","og_description":"Fiers partenaires Banques alimentaires Canada reconna\u00eet les g\u00e9n\u00e9reuses contributions des personnes et des organismes qui rendent son travail possible. Vous trouverez ci-dessous les organismes qui ont appuy\u00e9 le programme Apr\u00e8s la cloche en 2025. Commanditaire des aliments frais Fiers commanditaires Merci \u00e0 nos g\u00e9n\u00e9reux commanditaires, dont le financement, les produits et les services rendent ce...","og_url":"https:\/\/foodbankscanada.ca\/fr\/apres-la-cloche\/partenaires\/","og_site_name":"Banques alimentaires Canada","article_modified_time":"2026-04-27T15:11:47+00:00","twitter_card":"summary_large_image","schema":{"@context":"https:\/\/schema.org","@graph":[{"@type":"WebPage","@id":"https:\/\/foodbankscanada.ca\/fr\/apres-la-cloche\/partenaires\/","url":"https:\/\/foodbankscanada.ca\/fr\/apres-la-cloche\/partenaires\/","name":"Partenaires - Banques alimentaires Canada","isPartOf":{"@id":"https:\/\/foodbankscanada.ca\/fr\/#website"},"datePublished":"2023-12-11T20:31:11+00:00","dateModified":"2026-04-27T15:11:47+00:00","breadcrumb":{"@id":"https:\/\/foodbankscanada.ca\/fr\/apres-la-cloche\/partenaires\/#breadcrumb"},"inLanguage":"fr-CA","potentialAction":[{"@type":"ReadAction","target":["https:\/\/foodbankscanada.ca\/fr\/apres-la-cloche\/partenaires\/"]}]},{"@type":"BreadcrumbList","@id":"https:\/\/foodbankscanada.ca\/fr\/apres-la-cloche\/partenaires\/#breadcrumb","itemListElement":[{"@type":"ListItem","position":1,"name":"Accueil","item":"https:\/\/foodbankscanada.ca\/fr\/"},{"@type":"ListItem","position":2,"name":"Apr\u00e8s La Cloche","item":"https:\/\/foodbankscanada.ca\/fr\/apres-la-cloche\/"},{"@type":"ListItem","position":3,"name":"Partenaires"}]},{"@type":"WebSite","@id":"https:\/\/foodbankscanada.ca\/fr\/#website","url":"https:\/\/foodbankscanada.ca\/fr\/","name":"Banques alimentaires Canada","description":"","publisher":{"@id":"https:\/\/foodbankscanada.ca\/fr\/#organization"},"potentialAction":[{"@type":"SearchAction","target":{"@type":"EntryPoint","urlTemplate":"https:\/\/foodbankscanada.ca\/fr\/?s={search_term_string}"},"query-input":{"@type":"PropertyValueSpecification","valueRequired":true,"valueName":"search_term_string"}}],"inLanguage":"fr-CA"},{"@type":"Organization","@id":"https:\/\/foodbankscanada.ca\/fr\/#organization","name":"Food Banks Canada","url":"https:\/\/foodbankscanada.ca\/fr\/","logo":{"@type":"ImageObject","inLanguage":"fr-CA","@id":"https:\/\/foodbankscanada.ca\/fr\/#\/schema\/logo\/image\/","url":"https:\/\/fbcblobstorage.blob.core.windows.net\/wordpress\/2021\/11\/logo.png","contentUrl":"https:\/\/fbcblobstorage.blob.core.windows.net\/wordpress\/2021\/11\/logo.png","width":377,"height":89,"caption":"Food Banks Canada"},"image":{"@id":"https:\/\/foodbankscanada.ca\/fr\/#\/schema\/logo\/image\/"}}]}},"_links":{"self":[{"href":"https:\/\/foodbankscanada.ca\/fr\/wp-json\/wp\/v2\/pages\/30421","targetHints":{"allow":["GET"]}}],"collection":[{"href":"https:\/\/foodbankscanada.ca\/fr\/wp-json\/wp\/v2\/pages"}],"about":[{"href":"https:\/\/foodbankscanada.ca\/fr\/wp-json\/wp\/v2\/types\/page"}],"author":[{"embeddable":true,"href":"https:\/\/foodbankscanada.ca\/fr\/wp-json\/wp\/v2\/users\/33"}],"replies":[{"embeddable":true,"href":"https:\/\/foodbankscanada.ca\/fr\/wp-json\/wp\/v2\/comments?post=30421"}],"version-history":[{"count":27,"href":"https:\/\/foodbankscanada.ca\/fr\/wp-json\/wp\/v2\/pages\/30421\/revisions"}],"predecessor-version":[{"id":47885,"href":"https:\/\/foodbankscanada.ca\/fr\/wp-json\/wp\/v2\/pages\/30421\/revisions\/47885"}],"up":[{"embeddable":true,"href":"https:\/\/foodbankscanada.ca\/fr\/wp-json\/wp\/v2\/pages\/30400"}],"wp:attachment":[{"href":"https:\/\/foodbankscanada.ca\/fr\/wp-json\/wp\/v2\/media?parent=30421"}],"wp:term":[{"taxonomy":"category","embeddable":true,"href":"https:\/\/foodbankscanada.ca\/fr\/wp-json\/wp\/v2\/categories?post=30421"},{"taxonomy":"post_tag","embeddable":true,"href":"https:\/\/foodbankscanada.ca\/fr\/wp-json\/wp\/v2\/tags?post=30421"}],"curies":[{"name":"wp","href":"https:\/\/api.w.org\/{rel}","templated":true}]}}