{"id":12914,"date":"2022-04-05T10:19:05","date_gmt":"2022-04-05T14:19:05","guid":{"rendered":"https:\/\/foodbankscanada.ca\/sondage-bilan-faim\/"},"modified":"2026-02-20T11:49:03","modified_gmt":"2026-02-20T16:49:03","slug":"hungercount-survey","status":"publish","type":"page","link":"https:\/\/foodbankscanada.ca\/fr\/hungercount-survey\/","title":{"rendered":"SONDAGE BILAN &#8211; FAIM"},"content":{"rendered":"<section class=\" block block-image-text-button-list image-text-button-list  aligndefault\"\n         style=\"  background-color: rgba(254, 245, 221, 0); \">\n  <div class=\"container-lg px-0 d-flex flex-column flex-lg-row-reverse\">\n    \n    <div class=\"container-lg px-0 px-lg-2 col-12 col-lg-8\">\n      \n      <div class=\"slider-padding-div mb-4\">\n        <div\n          class=\"image-text-button-swiper swiper\"\n          style=\"--swiper-theme-color: #FFBE00; width: 100%;\"\n          data-autoscroll=\"false\"\n          data-delay=\"3000\"\n        >\n          <div class=\"swiper-wrapper\">\n                           \n                <div\n                  class=\"swiper-slide image-banner\"\n                  style=\"background-size: cover; background-position: center; background-repeat: no-repeat;\n                                        aspect-ratio: 1.7010101010101;\n                                              background-image: url('https:\/\/content.foodbankscanada.ca\/wordpress\/2025\/06\/image-16012.webp');\n                                                              width: 100%;\"\n                  role=\"img\"\n                  aria-label=\"\"\n                ><\/div>\n                                    <\/div>\n\n                  <\/div>\n      <\/div>\n\n      \n              <div class=\"d-none d-lg-block\">\n          \n        <\/div>\n          <\/div>\n\n    \n    <div class=\"container col-12 col-lg-4 text-break\">\n      <div class=\"breadcrumbs-section    \n   breadcrumbs_normal \">\n  <p id=\"breadcrumbs\" class=\"\"><span><span><a href=\"https:\/\/foodbankscanada.ca\/fr\/\">Accueil<\/a><\/span><\/span><\/p><\/div>              <div class=\"mt-4\">\n          <h2>SONDAGE BILAN-FAIM<\/h2>\n<h4>\nVous pouvez transformer la vie des gens.<\/h4>\n<p>Beaucoup trop de gens au Canada vivent dans l\u2019ins\u00e9curit\u00e9 alimentaire. Toutefois, en r\u00e9pondant \u00e0 notre sondage Bilan-Faim annuel, vous nous fournirez des renseignements cl\u00e9s que nous pourrons utiliser pour militer en faveur d\u2019un r\u00e9el changement.<\/p>\n\n        <\/div>\n      \n              <div class=\"mt-4 d-block d-lg-none\">\n          \n        <\/div>\n          <\/div>\n  <\/div>\n<\/section>\n\n\n<h2 class=\"wp-block-heading mt-6 mt-md-7\" id=\"h-repondez-a-notre-sondage-2026-maintenant\">R\u00c9PONDEZ \u00c0 NOTRE SONDAGE 2026 MAINTENANT.<\/h2>\n\n\n\n<h4 class=\"wp-block-heading\" id=\"h-l-objectif-principal-du-sondage-bilan-faim-est-de-fournir-un-apercu-national-et-provincial-de-l-utilisation-des-banques-alimentaires-et-des-programmes-de-repas-au-canada\">L\u2019objectif principal du sondage Bilan-Faim est de fournir un aper\u00e7u national et provincial de l\u2019utilisation des banques alimentaires et des programmes de repas au Canada.<\/h4>\n\n\n\n<p>Gr\u00e2ce \u00e0 ces renseignements, le r\u00e9seau des banques alimentaires peut plaider aupr\u00e8s des gouvernements municipaux, provinciaux et f\u00e9d\u00e9ral en faveur de politiques qui r\u00e9duiront le besoin de banques alimentaires tout en d\u00e9montrant aux donateurs actuels et potentiels que leur soutien continu demeure indispensable.<\/p>\n\n\n\n<p><em>**Les banques alimentaires membres de Feed Ontario et des Banques alimentaires du Qu\u00e9bec recevront leur propre sondage par l&#8217;interm\u00e9diaire de leur association provinciale et n&#8217;auront pas \u00e0 utiliser le lien ci-dessous.<\/em><\/p>\n\n\n\n<div style=\"height:40px\" aria-hidden=\"true\" class=\"wp-block-spacer\"><\/div>\n\n\n\n<div class=\"wp-block-buttons is-layout-flex wp-block-buttons-is-layout-flex\">\n<div class=\"wp-block-button\"><a class=\"wp-block-button__link wp-element-button\" href=\"https:\/\/survey.alchemer-ca.com\/s3\/50474548\/HungerCount-2026\">SONDAGE BILAN-FAIM 2026<\/a><\/div>\n<\/div>\n\n\n\n<div style=\"height:40px\" aria-hidden=\"true\" class=\"wp-block-spacer\"><\/div>\n\n\n\n<p><strong><a href=\"https:\/\/foodbankscanada.ca\/app\/uploads\/2026\/02\/Remplir-le-questionnaire-Bilan-Faim-2026-French.pdf\" target=\"_blank\" rel=\"noreferrer noopener\">Cliquez ici<\/a> pour un guide succinct sur la mani\u00e8re de remplir le Bilan-Faim<\/strong><\/p>\n\n\n\n<div style=\"height:40px\" aria-hidden=\"true\" class=\"wp-block-spacer\"><\/div>\n\n\n\n<p>Si vous ne pouvez pas utiliser le lien ci-dessus ou si vous souhaitez afficher le sondage en entier:<\/p>\n\n\n\n<ul class=\"wp-block-list\">\n<li>Version PDF remplissable \u00e0 l\u2019\u00e9cran <a href=\"https:\/\/foodbankscanada.ca\/app\/uploads\/2026\/02\/Bilan-Faim-2026-FRENCH.pdf\" target=\"_blank\" rel=\"noreferrer noopener\">ici<\/a>.<\/li>\n\n\n\n<li>Version Word remplissable \u00e0 l\u2019\u00e9cran <a href=\"https:\/\/foodbankscanada.ca\/app\/uploads\/2026\/02\/Bilan-Faim-2026-FRENCH.docx\" target=\"_blank\" rel=\"noreferrer noopener\">ici<\/a>.<\/li>\n\n\n\n<li>N\u2019h\u00e9sitez pas \u00e0 utiliser la feuille de travail facultative (qui peut \u00eatre utilis\u00e9e pour compter les clients) <a href=\"https:\/\/foodbankscanada.ca\/app\/uploads\/2026\/02\/Bilan-Faim2026_tableur-des-clients_FINALE-698f87aea937a.xlsx\" target=\"_blank\" rel=\"noreferrer noopener\">ici<\/a>.<\/li>\n<\/ul>\n","protected":false},"excerpt":{"rendered":"<p>R\u00c9PONDEZ \u00c0 NOTRE SONDAGE 2026 MAINTENANT. L\u2019objectif principal du sondage Bilan-Faim est de fournir un aper\u00e7u national et provincial de l\u2019utilisation des banques alimentaires et des programmes de repas au Canada. Gr\u00e2ce \u00e0 ces renseignements, le r\u00e9seau des banques alimentaires peut plaider aupr\u00e8s des gouvernements municipaux, provinciaux et f\u00e9d\u00e9ral en faveur de politiques qui r\u00e9duiront&#8230;<\/p>\n","protected":false},"author":14,"featured_media":0,"parent":0,"menu_order":59,"comment_status":"closed","ping_status":"closed","template":"","meta":{"_acf_changed":false,"footnotes":""},"categories":[],"tags":[],"class_list":["post-12914","page","type-page","status-publish","hentry"],"acf":[],"yoast_head":"<!-- This site is optimized with the Yoast SEO Premium plugin v26.9 (Yoast SEO v26.9) - https:\/\/yoast.com\/product\/yoast-seo-premium-wordpress\/ -->\n<title>SONDAGE BILAN - FAIM - Banques alimentaires Canada<\/title>\n<meta name=\"robots\" content=\"index, follow, max-snippet:-1, max-image-preview:large, max-video-preview:-1\" \/>\n<link rel=\"canonical\" href=\"https:\/\/foodbankscanada.ca\/fr\/hungercount-survey\/\" \/>\n<meta property=\"og:locale\" content=\"fr_CA\" \/>\n<meta property=\"og:type\" content=\"article\" \/>\n<meta property=\"og:title\" content=\"SONDAGE BILAN - FAIM\" \/>\n<meta property=\"og:description\" content=\"R\u00c9PONDEZ \u00c0 NOTRE SONDAGE 2026 MAINTENANT. L\u2019objectif principal du sondage Bilan-Faim est de fournir un aper\u00e7u national et provincial de l\u2019utilisation des banques alimentaires et des programmes de repas au Canada. Gr\u00e2ce \u00e0 ces renseignements, le r\u00e9seau des banques alimentaires peut plaider aupr\u00e8s des gouvernements municipaux, provinciaux et f\u00e9d\u00e9ral en faveur de politiques qui r\u00e9duiront...\" \/>\n<meta property=\"og:url\" content=\"https:\/\/foodbankscanada.ca\/fr\/hungercount-survey\/\" \/>\n<meta property=\"og:site_name\" content=\"Banques alimentaires Canada\" \/>\n<meta property=\"article:modified_time\" content=\"2026-02-20T16:49:03+00:00\" \/>\n<meta name=\"twitter:card\" content=\"summary_large_image\" \/>\n<meta name=\"twitter:label1\" content=\"Est. reading time\" \/>\n\t<meta name=\"twitter:data1\" content=\"1 minute\" \/>\n<script type=\"application\/ld+json\" class=\"yoast-schema-graph\">{\"@context\":\"https:\/\/schema.org\",\"@graph\":[{\"@type\":\"WebPage\",\"@id\":\"https:\/\/foodbankscanada.ca\/fr\/hungercount-survey\/\",\"url\":\"https:\/\/foodbankscanada.ca\/fr\/hungercount-survey\/\",\"name\":\"SONDAGE BILAN - FAIM - Banques alimentaires Canada\",\"isPartOf\":{\"@id\":\"https:\/\/foodbankscanada.ca\/fr\/#website\"},\"datePublished\":\"2022-04-05T14:19:05+00:00\",\"dateModified\":\"2026-02-20T16:49:03+00:00\",\"breadcrumb\":{\"@id\":\"https:\/\/foodbankscanada.ca\/fr\/hungercount-survey\/#breadcrumb\"},\"inLanguage\":\"fr-CA\",\"potentialAction\":[{\"@type\":\"ReadAction\",\"target\":[\"https:\/\/foodbankscanada.ca\/fr\/hungercount-survey\/\"]}]},{\"@type\":\"BreadcrumbList\",\"@id\":\"https:\/\/foodbankscanada.ca\/fr\/hungercount-survey\/#breadcrumb\",\"itemListElement\":[{\"@type\":\"ListItem\",\"position\":1,\"name\":\"Accueil\",\"item\":\"https:\/\/foodbankscanada.ca\/fr\/\"},{\"@type\":\"ListItem\",\"position\":2,\"name\":\"SONDAGE BILAN &#8211; FAIM\"}]},{\"@type\":\"WebSite\",\"@id\":\"https:\/\/foodbankscanada.ca\/fr\/#website\",\"url\":\"https:\/\/foodbankscanada.ca\/fr\/\",\"name\":\"Banques alimentaires Canada\",\"description\":\"\",\"publisher\":{\"@id\":\"https:\/\/foodbankscanada.ca\/fr\/#organization\"},\"potentialAction\":[{\"@type\":\"SearchAction\",\"target\":{\"@type\":\"EntryPoint\",\"urlTemplate\":\"https:\/\/foodbankscanada.ca\/fr\/?s={search_term_string}\"},\"query-input\":{\"@type\":\"PropertyValueSpecification\",\"valueRequired\":true,\"valueName\":\"search_term_string\"}}],\"inLanguage\":\"fr-CA\"},{\"@type\":\"Organization\",\"@id\":\"https:\/\/foodbankscanada.ca\/fr\/#organization\",\"name\":\"Food Banks Canada\",\"url\":\"https:\/\/foodbankscanada.ca\/fr\/\",\"logo\":{\"@type\":\"ImageObject\",\"inLanguage\":\"fr-CA\",\"@id\":\"https:\/\/foodbankscanada.ca\/fr\/#\/schema\/logo\/image\/\",\"url\":\"https:\/\/fbcblobstorage.blob.core.windows.net\/wordpress\/2021\/11\/logo.png\",\"contentUrl\":\"https:\/\/fbcblobstorage.blob.core.windows.net\/wordpress\/2021\/11\/logo.png\",\"width\":377,\"height\":89,\"caption\":\"Food Banks Canada\"},\"image\":{\"@id\":\"https:\/\/foodbankscanada.ca\/fr\/#\/schema\/logo\/image\/\"}}]}<\/script>\n<!-- \/ Yoast SEO Premium plugin. -->","yoast_head_json":{"title":"SONDAGE BILAN - FAIM - Banques alimentaires Canada","robots":{"index":"index","follow":"follow","max-snippet":"max-snippet:-1","max-image-preview":"max-image-preview:large","max-video-preview":"max-video-preview:-1"},"canonical":"https:\/\/foodbankscanada.ca\/fr\/hungercount-survey\/","og_locale":"fr_CA","og_type":"article","og_title":"SONDAGE BILAN - FAIM","og_description":"R\u00c9PONDEZ \u00c0 NOTRE SONDAGE 2026 MAINTENANT. L\u2019objectif principal du sondage Bilan-Faim est de fournir un aper\u00e7u national et provincial de l\u2019utilisation des banques alimentaires et des programmes de repas au Canada. Gr\u00e2ce \u00e0 ces renseignements, le r\u00e9seau des banques alimentaires peut plaider aupr\u00e8s des gouvernements municipaux, provinciaux et f\u00e9d\u00e9ral en faveur de politiques qui r\u00e9duiront...","og_url":"https:\/\/foodbankscanada.ca\/fr\/hungercount-survey\/","og_site_name":"Banques alimentaires Canada","article_modified_time":"2026-02-20T16:49:03+00:00","twitter_card":"summary_large_image","twitter_misc":{"Est. reading time":"1 minute"},"schema":{"@context":"https:\/\/schema.org","@graph":[{"@type":"WebPage","@id":"https:\/\/foodbankscanada.ca\/fr\/hungercount-survey\/","url":"https:\/\/foodbankscanada.ca\/fr\/hungercount-survey\/","name":"SONDAGE BILAN - FAIM - Banques alimentaires Canada","isPartOf":{"@id":"https:\/\/foodbankscanada.ca\/fr\/#website"},"datePublished":"2022-04-05T14:19:05+00:00","dateModified":"2026-02-20T16:49:03+00:00","breadcrumb":{"@id":"https:\/\/foodbankscanada.ca\/fr\/hungercount-survey\/#breadcrumb"},"inLanguage":"fr-CA","potentialAction":[{"@type":"ReadAction","target":["https:\/\/foodbankscanada.ca\/fr\/hungercount-survey\/"]}]},{"@type":"BreadcrumbList","@id":"https:\/\/foodbankscanada.ca\/fr\/hungercount-survey\/#breadcrumb","itemListElement":[{"@type":"ListItem","position":1,"name":"Accueil","item":"https:\/\/foodbankscanada.ca\/fr\/"},{"@type":"ListItem","position":2,"name":"SONDAGE BILAN &#8211; FAIM"}]},{"@type":"WebSite","@id":"https:\/\/foodbankscanada.ca\/fr\/#website","url":"https:\/\/foodbankscanada.ca\/fr\/","name":"Banques alimentaires Canada","description":"","publisher":{"@id":"https:\/\/foodbankscanada.ca\/fr\/#organization"},"potentialAction":[{"@type":"SearchAction","target":{"@type":"EntryPoint","urlTemplate":"https:\/\/foodbankscanada.ca\/fr\/?s={search_term_string}"},"query-input":{"@type":"PropertyValueSpecification","valueRequired":true,"valueName":"search_term_string"}}],"inLanguage":"fr-CA"},{"@type":"Organization","@id":"https:\/\/foodbankscanada.ca\/fr\/#organization","name":"Food Banks Canada","url":"https:\/\/foodbankscanada.ca\/fr\/","logo":{"@type":"ImageObject","inLanguage":"fr-CA","@id":"https:\/\/foodbankscanada.ca\/fr\/#\/schema\/logo\/image\/","url":"https:\/\/fbcblobstorage.blob.core.windows.net\/wordpress\/2021\/11\/logo.png","contentUrl":"https:\/\/fbcblobstorage.blob.core.windows.net\/wordpress\/2021\/11\/logo.png","width":377,"height":89,"caption":"Food Banks Canada"},"image":{"@id":"https:\/\/foodbankscanada.ca\/fr\/#\/schema\/logo\/image\/"}}]}},"_links":{"self":[{"href":"https:\/\/foodbankscanada.ca\/fr\/wp-json\/wp\/v2\/pages\/12914","targetHints":{"allow":["GET"]}}],"collection":[{"href":"https:\/\/foodbankscanada.ca\/fr\/wp-json\/wp\/v2\/pages"}],"about":[{"href":"https:\/\/foodbankscanada.ca\/fr\/wp-json\/wp\/v2\/types\/page"}],"author":[{"embeddable":true,"href":"https:\/\/foodbankscanada.ca\/fr\/wp-json\/wp\/v2\/users\/14"}],"replies":[{"embeddable":true,"href":"https:\/\/foodbankscanada.ca\/fr\/wp-json\/wp\/v2\/comments?post=12914"}],"version-history":[{"count":36,"href":"https:\/\/foodbankscanada.ca\/fr\/wp-json\/wp\/v2\/pages\/12914\/revisions"}],"predecessor-version":[{"id":47312,"href":"https:\/\/foodbankscanada.ca\/fr\/wp-json\/wp\/v2\/pages\/12914\/revisions\/47312"}],"wp:attachment":[{"href":"https:\/\/foodbankscanada.ca\/fr\/wp-json\/wp\/v2\/media?parent=12914"}],"wp:term":[{"taxonomy":"category","embeddable":true,"href":"https:\/\/foodbankscanada.ca\/fr\/wp-json\/wp\/v2\/categories?post=12914"},{"taxonomy":"post_tag","embeddable":true,"href":"https:\/\/foodbankscanada.ca\/fr\/wp-json\/wp\/v2\/tags?post=12914"}],"curies":[{"name":"wp","href":"https:\/\/api.w.org\/{rel}","templated":true}]}}